{"id":7672,"date":"2025-10-03T06:43:44","date_gmt":"2025-10-03T06:43:44","guid":{"rendered":"https:\/\/ranko-ajdinovic.com\/?page_id=7672"},"modified":"2025-10-03T06:43:53","modified_gmt":"2025-10-03T06:43:53","slug":"pravila-o-kolacicima","status":"publish","type":"page","link":"https:\/\/ranko-ajdinovic.com\/en\/pravila-o-kolacicima\/","title":{"rendered":"Cookie Policy"},"content":{"rendered":"<section class=\"bde-section-7672-100 bde-section\">\n  \n  \n\t\n\n\n\n<div class=\"section-container\"><div class=\"bde-rich-text-7672-104 bde-rich-text breakdance-rich-text-styles\">\n<h1>Cookie Policy<\/h1><h3 data-start=\"2984\" data-end=\"3005\">What are cookies?<\/h3><p data-start=\"3006\" data-end=\"3121\">Cookies are small text files that a website stores on your device for a better user experience.<\/p><h3 data-start=\"3123\" data-end=\"3158\">Types of cookies we use<\/h3><ol data-start=\"3159\" data-end=\"3418\"><li data-start=\"3159\" data-end=\"3234\"><p data-start=\"3162\" data-end=\"3234\"><strong data-start=\"3162\" data-end=\"3181\">Cookies offered<\/strong> \u2013 necessary for the basic functioning of the website.<\/p><\/li><li data-start=\"3235\" data-end=\"3321\"><p data-start=\"3238\" data-end=\"3321\"><strong data-start=\"3238\" data-end=\"3261\">Analytical cookies<\/strong> \u2013 used to track traffic (Google Analytics).<\/p><\/li><li data-start=\"3322\" data-end=\"3418\"><p data-start=\"3325\" data-end=\"3418\"><strong data-start=\"3325\" data-end=\"3349\">Marketing cookies<\/strong> \u2013 enable targeted advertising (e.g. Facebook Pixel, Google Ads).<\/p><\/li><\/ol><h3 data-start=\"3420\" data-end=\"3443\">Cookie duration<\/h3><ul data-start=\"3444\" data-end=\"3550\"><li data-start=\"3444\" data-end=\"3489\"><p data-start=\"3446\" data-end=\"3489\">Necessary: \u200b\u200bdeleted when you close the browser<\/p><\/li><li data-start=\"3490\" data-end=\"3519\"><p data-start=\"3492\" data-end=\"3519\">Analytical: up to 24 months<\/p><\/li><li data-start=\"3520\" data-end=\"3550\"><p data-start=\"3522\" data-end=\"3550\">Marketing: up to 12 months<\/p><\/li><\/ul><h3 data-start=\"3552\" data-end=\"3580\">Cookie management<\/h3><p data-start=\"3581\" data-end=\"3778\">The user can independently delete or block cookies through browser settings. Also, when first visiting the website, the user can accept or reject cookies through the cookie banner.<\/p><h3 data-start=\"3780\" data-end=\"3808\">Third-party policies<\/h3><p data-start=\"3809\" data-end=\"3834\">For additional information:<\/p><ul data-start=\"3835\" data-end=\"4027\"><li data-start=\"3835\" data-end=\"3921\"><p data-start=\"3837\" data-end=\"3921\">Google: <a class=\"decorated-link cursor-pointer\" target=\"_new\" rel=\"noopener\" data-start=\"3845\" data-end=\"3919\">https:\/\/policies.google.com\/privacy<\/a><\/p><\/li><li data-start=\"3922\" data-end=\"4027\"><p data-start=\"3924\" data-end=\"4027\">Meta (Facebook\/Instagram): <a class=\"decorated-link\" href=\"https:\/\/www.facebook.com\/policy.php\" target=\"_new\" rel=\"noopener\" data-start=\"3951\" data-end=\"4025\">https:\/\/www.facebook.com\/policy.php<\/a><\/p><\/li><\/ul>\n<\/div><\/div>\n<\/section>","protected":false},"excerpt":{"rendered":"<p>Pravila o kola\u010di\u0107ima\u0160to su kola\u010di\u0107iKola\u010di\u0107i su male tekstualne datoteke koje web-stranica pohranjuje na va\u0161 ure\u0111aj radi boljeg korisni\u010dkog iskustva.Vrste kola\u010di\u0107a koje koristimoNu\u0111eni kola\u010di\u0107i \u2013 potrebni za osnovno funkcioniranje web stranice.Analiti\u010dki kola\u010di\u0107i \u2013 koriste se za pra\u0107enje posje\u0107enosti (Google Analytics).Marketin\u0161ki kola\u010di\u0107i \u2013 omogu\u0107uju ciljano ogla\u0161avanje (npr. Facebook Pixel, Google Ads).Trajanje kola\u010di\u0107aNu\u017eni: bri\u0161u se po zatvaranju preglednikaAnaliti\u010dki: [&hellip;]<\/p>\n","protected":false},"author":1,"featured_media":0,"parent":0,"menu_order":0,"comment_status":"closed","ping_status":"closed","template":"","meta":{"_breakdance_hide_in_design_set":false,"_breakdance_tags":"","footnotes":""},"class_list":["post-7672","page","type-page","status-publish","hentry"],"yoast_head":"<!-- This site is optimized with the Yoast SEO plugin v27.3 - https:\/\/yoast.com\/product\/yoast-seo-wordpress\/ -->\n<title>Pravila o kola\u010di\u0107ima &#8226; Ranko Ajdinovic - Moderne slike<\/title>\n<meta name=\"robots\" content=\"index, follow, max-snippet:-1, max-image-preview:large, max-video-preview:-1\" \/>\n<link rel=\"canonical\" href=\"https:\/\/ranko-ajdinovic.com\/en\/pravila-o-kolacicima\/\" \/>\n<meta property=\"og:locale\" content=\"en_US\" \/>\n<meta property=\"og:type\" content=\"article\" \/>\n<meta property=\"og:title\" content=\"Pravila o kola\u010di\u0107ima &#8226; Ranko Ajdinovic - Moderne slike\" \/>\n<meta property=\"og:description\" content=\"Pravila o kola\u010di\u0107ima\u0160to su kola\u010di\u0107iKola\u010di\u0107i su male tekstualne datoteke koje web-stranica pohranjuje na va\u0161 ure\u0111aj radi boljeg korisni\u010dkog iskustva.Vrste kola\u010di\u0107a koje koristimoNu\u0111eni kola\u010di\u0107i \u2013 potrebni za osnovno funkcioniranje web stranice.Analiti\u010dki kola\u010di\u0107i \u2013 koriste se za pra\u0107enje posje\u0107enosti (Google Analytics).Marketin\u0161ki kola\u010di\u0107i \u2013 omogu\u0107uju ciljano ogla\u0161avanje (npr. Facebook Pixel, Google Ads).Trajanje kola\u010di\u0107aNu\u017eni: bri\u0161u se po zatvaranju preglednikaAnaliti\u010dki: [&hellip;]\" \/>\n<meta property=\"og:url\" content=\"https:\/\/ranko-ajdinovic.com\/en\/pravila-o-kolacicima\/\" \/>\n<meta property=\"og:site_name\" content=\"Ranko Ajdinovic - Moderne slike\" \/>\n<meta property=\"article:modified_time\" content=\"2025-10-03T06:43:53+00:00\" \/>\n<meta name=\"twitter:card\" content=\"summary_large_image\" \/>\n<meta name=\"twitter:label1\" content=\"Est. reading time\" \/>\n\t<meta name=\"twitter:data1\" content=\"1 minute\" \/>\n<script type=\"application\/ld+json\" class=\"yoast-schema-graph\">{\"@context\":\"https:\\\/\\\/schema.org\",\"@graph\":[{\"@type\":\"WebPage\",\"@id\":\"https:\\\/\\\/ranko-ajdinovic.com\\\/pravila-o-kolacicima\\\/\",\"url\":\"https:\\\/\\\/ranko-ajdinovic.com\\\/pravila-o-kolacicima\\\/\",\"name\":\"Pravila o kola\u010di\u0107ima &#8226; Ranko Ajdinovic - Moderne slike\",\"isPartOf\":{\"@id\":\"https:\\\/\\\/ranko-ajdinovic.com\\\/#website\"},\"datePublished\":\"2025-10-03T06:43:44+00:00\",\"dateModified\":\"2025-10-03T06:43:53+00:00\",\"breadcrumb\":{\"@id\":\"https:\\\/\\\/ranko-ajdinovic.com\\\/pravila-o-kolacicima\\\/#breadcrumb\"},\"inLanguage\":\"en-US\",\"potentialAction\":[{\"@type\":\"ReadAction\",\"target\":[\"https:\\\/\\\/ranko-ajdinovic.com\\\/pravila-o-kolacicima\\\/\"]}]},{\"@type\":\"BreadcrumbList\",\"@id\":\"https:\\\/\\\/ranko-ajdinovic.com\\\/pravila-o-kolacicima\\\/#breadcrumb\",\"itemListElement\":[{\"@type\":\"ListItem\",\"position\":1,\"name\":\"Home\",\"item\":\"https:\\\/\\\/ranko-ajdinovic.com\\\/\"},{\"@type\":\"ListItem\",\"position\":2,\"name\":\"Pravila o kola\u010di\u0107ima\"}]},{\"@type\":\"WebSite\",\"@id\":\"https:\\\/\\\/ranko-ajdinovic.com\\\/#website\",\"url\":\"https:\\\/\\\/ranko-ajdinovic.com\\\/\",\"name\":\"Ranko Ajdinovic - Moderne slike\",\"description\":\"\",\"publisher\":{\"@id\":\"https:\\\/\\\/ranko-ajdinovic.com\\\/#\\\/schema\\\/person\\\/0cefe097e1f0568f925016a168bdeba6\"},\"potentialAction\":[{\"@type\":\"SearchAction\",\"target\":{\"@type\":\"EntryPoint\",\"urlTemplate\":\"https:\\\/\\\/ranko-ajdinovic.com\\\/?s={search_term_string}\"},\"query-input\":{\"@type\":\"PropertyValueSpecification\",\"valueRequired\":true,\"valueName\":\"search_term_string\"}}],\"inLanguage\":\"en-US\"},{\"@type\":[\"Person\",\"Organization\"],\"@id\":\"https:\\\/\\\/ranko-ajdinovic.com\\\/#\\\/schema\\\/person\\\/0cefe097e1f0568f925016a168bdeba6\",\"name\":\"admin\",\"image\":{\"@type\":\"ImageObject\",\"inLanguage\":\"en-US\",\"@id\":\"https:\\\/\\\/secure.gravatar.com\\\/avatar\\\/049d970c38cf58812832cd99b964dcdfd90456c8fd7f47da68257f5b08cf289e?s=96&d=mm&r=g\",\"url\":\"https:\\\/\\\/secure.gravatar.com\\\/avatar\\\/049d970c38cf58812832cd99b964dcdfd90456c8fd7f47da68257f5b08cf289e?s=96&d=mm&r=g\",\"contentUrl\":\"https:\\\/\\\/secure.gravatar.com\\\/avatar\\\/049d970c38cf58812832cd99b964dcdfd90456c8fd7f47da68257f5b08cf289e?s=96&d=mm&r=g\",\"caption\":\"admin\"},\"logo\":{\"@id\":\"https:\\\/\\\/secure.gravatar.com\\\/avatar\\\/049d970c38cf58812832cd99b964dcdfd90456c8fd7f47da68257f5b08cf289e?s=96&d=mm&r=g\"},\"sameAs\":[\"https:\\\/\\\/ranko-ajdinovic.com\"]}]}<\/script>\n<!-- \/ Yoast SEO plugin. -->","yoast_head_json":{"title":"Pravila o kola\u010di\u0107ima &#8226; Ranko Ajdinovic - Moderne slike","robots":{"index":"index","follow":"follow","max-snippet":"max-snippet:-1","max-image-preview":"max-image-preview:large","max-video-preview":"max-video-preview:-1"},"canonical":"https:\/\/ranko-ajdinovic.com\/en\/pravila-o-kolacicima\/","og_locale":"en_US","og_type":"article","og_title":"Pravila o kola\u010di\u0107ima &#8226; Ranko Ajdinovic - Moderne slike","og_description":"Pravila o kola\u010di\u0107ima\u0160to su kola\u010di\u0107iKola\u010di\u0107i su male tekstualne datoteke koje web-stranica pohranjuje na va\u0161 ure\u0111aj radi boljeg korisni\u010dkog iskustva.Vrste kola\u010di\u0107a koje koristimoNu\u0111eni kola\u010di\u0107i \u2013 potrebni za osnovno funkcioniranje web stranice.Analiti\u010dki kola\u010di\u0107i \u2013 koriste se za pra\u0107enje posje\u0107enosti (Google Analytics).Marketin\u0161ki kola\u010di\u0107i \u2013 omogu\u0107uju ciljano ogla\u0161avanje (npr. Facebook Pixel, Google Ads).Trajanje kola\u010di\u0107aNu\u017eni: bri\u0161u se po zatvaranju preglednikaAnaliti\u010dki: [&hellip;]","og_url":"https:\/\/ranko-ajdinovic.com\/en\/pravila-o-kolacicima\/","og_site_name":"Ranko Ajdinovic - Moderne slike","article_modified_time":"2025-10-03T06:43:53+00:00","twitter_card":"summary_large_image","twitter_misc":{"Est. reading time":"1 minute"},"schema":{"@context":"https:\/\/schema.org","@graph":[{"@type":"WebPage","@id":"https:\/\/ranko-ajdinovic.com\/pravila-o-kolacicima\/","url":"https:\/\/ranko-ajdinovic.com\/pravila-o-kolacicima\/","name":"Pravila o kola\u010di\u0107ima &#8226; Ranko Ajdinovic - Moderne slike","isPartOf":{"@id":"https:\/\/ranko-ajdinovic.com\/#website"},"datePublished":"2025-10-03T06:43:44+00:00","dateModified":"2025-10-03T06:43:53+00:00","breadcrumb":{"@id":"https:\/\/ranko-ajdinovic.com\/pravila-o-kolacicima\/#breadcrumb"},"inLanguage":"en-US","potentialAction":[{"@type":"ReadAction","target":["https:\/\/ranko-ajdinovic.com\/pravila-o-kolacicima\/"]}]},{"@type":"BreadcrumbList","@id":"https:\/\/ranko-ajdinovic.com\/pravila-o-kolacicima\/#breadcrumb","itemListElement":[{"@type":"ListItem","position":1,"name":"Home","item":"https:\/\/ranko-ajdinovic.com\/"},{"@type":"ListItem","position":2,"name":"Pravila o kola\u010di\u0107ima"}]},{"@type":"WebSite","@id":"https:\/\/ranko-ajdinovic.com\/#website","url":"https:\/\/ranko-ajdinovic.com\/","name":"Ranko Ajdinovic - Modern pictures","description":"","publisher":{"@id":"https:\/\/ranko-ajdinovic.com\/#\/schema\/person\/0cefe097e1f0568f925016a168bdeba6"},"potentialAction":[{"@type":"SearchAction","target":{"@type":"EntryPoint","urlTemplate":"https:\/\/ranko-ajdinovic.com\/?s={search_term_string}"},"query-input":{"@type":"PropertyValueSpecification","valueRequired":true,"valueName":"search_term_string"}}],"inLanguage":"en-US"},{"@type":["Person","Organization"],"@id":"https:\/\/ranko-ajdinovic.com\/#\/schema\/person\/0cefe097e1f0568f925016a168bdeba6","name":"admin","image":{"@type":"ImageObject","inLanguage":"en-US","@id":"https:\/\/secure.gravatar.com\/avatar\/049d970c38cf58812832cd99b964dcdfd90456c8fd7f47da68257f5b08cf289e?s=96&d=mm&r=g","url":"https:\/\/secure.gravatar.com\/avatar\/049d970c38cf58812832cd99b964dcdfd90456c8fd7f47da68257f5b08cf289e?s=96&d=mm&r=g","contentUrl":"https:\/\/secure.gravatar.com\/avatar\/049d970c38cf58812832cd99b964dcdfd90456c8fd7f47da68257f5b08cf289e?s=96&d=mm&r=g","caption":"admin"},"logo":{"@id":"https:\/\/secure.gravatar.com\/avatar\/049d970c38cf58812832cd99b964dcdfd90456c8fd7f47da68257f5b08cf289e?s=96&d=mm&r=g"},"sameAs":["https:\/\/ranko-ajdinovic.com"]}]}},"_links":{"self":[{"href":"https:\/\/ranko-ajdinovic.com\/en\/wp-json\/wp\/v2\/pages\/7672","targetHints":{"allow":["GET"]}}],"collection":[{"href":"https:\/\/ranko-ajdinovic.com\/en\/wp-json\/wp\/v2\/pages"}],"about":[{"href":"https:\/\/ranko-ajdinovic.com\/en\/wp-json\/wp\/v2\/types\/page"}],"author":[{"embeddable":true,"href":"https:\/\/ranko-ajdinovic.com\/en\/wp-json\/wp\/v2\/users\/1"}],"replies":[{"embeddable":true,"href":"https:\/\/ranko-ajdinovic.com\/en\/wp-json\/wp\/v2\/comments?post=7672"}],"version-history":[{"count":4,"href":"https:\/\/ranko-ajdinovic.com\/en\/wp-json\/wp\/v2\/pages\/7672\/revisions"}],"predecessor-version":[{"id":7676,"href":"https:\/\/ranko-ajdinovic.com\/en\/wp-json\/wp\/v2\/pages\/7672\/revisions\/7676"}],"wp:attachment":[{"href":"https:\/\/ranko-ajdinovic.com\/en\/wp-json\/wp\/v2\/media?parent=7672"}],"curies":[{"name":"wp","href":"https:\/\/api.w.org\/{rel}","templated":true}]}}