{"id":7678,"date":"2025-10-03T06:40:51","date_gmt":"2025-10-03T06:40:51","guid":{"rendered":"https:\/\/ranko-ajdinovic.com\/?page_id=7678"},"modified":"2026-01-21T19:37:31","modified_gmt":"2026-01-21T19:37:31","slug":"uvjeti-prodaje-i-koristenja","status":"publish","type":"page","link":"https:\/\/ranko-ajdinovic.com\/en\/uvjeti-prodaje-i-koristenja\/","title":{"rendered":"Terms of sale and use"},"content":{"rendered":"<section class=\"bde-section-7678-100 bde-section\">\n  \n  \n\t\n\n\n\n<div class=\"section-container\"><div class=\"bde-rich-text-7678-104 bde-rich-text breakdance-rich-text-styles\">\n<h2>Uvjeti prodaje i kori\u0161tenje<\/h2><p><br \/><strong>Uvjeti pru\u017eanja usluge<\/strong><br \/>OSNOVNI PODACI O PRODAVATELJU<br \/><br \/>Naziv:<br \/><strong>Ajdinovic Studio, obrt za proizvodnju i usluge<\/strong><br \/>Vl. Ranko Ajdinovi\u0107<br \/>Adresa:<br \/>Kukuljevi\u0107eva 1, Karlovac<br \/>Hrvatska<\/p><p><strong>OIB: 96854520440<\/strong><\/p><p><br \/><strong>Pregled<\/strong><br \/>Ovom web stranicom upravlja Ranko Ajdinovi\u0107. Pojmovi \u201cmi\u201d, \u201cnas\u201d i \u201cna\u0161\u201d koji se koriste na cijeloj<br \/>stranici odnose se na Ranka Ajdinovi\u0107a. Izrazi \u201cvi\u201d, \u201cva\u0161\u201d odnose se na vas korisnika web stranice.<br \/><br \/>Kori\u0161tenjem ove stranice potvr\u0111ujete da ste pro\u010ditali i razumjeli ove Uvjete i odredbe te se sla\u017eete da \u0107ete<br \/>ih se uvijek pridr\u017eavati. Ovi Uvjeti pru\u017eanja usluge primjenjuju se na sve korisnike Stranice, uklju\u010duju\u0107i,<br \/>bez ograni\u010denja, korisnike koji su preglednici, dobavlja\u010di, kupci, trgovci i\/ili suradnici sadr\u017eaja. Pa\u017eljivo<br \/>pro\u010ditajte ove Uvjete pru\u017eanja usluge, pristupanjem ili kori\u0161tenjem bilo kojeg dijela ove stranice, sla\u017eete<br \/>se s njima. Svaki novi dodatak ovoj web stranici tako\u0111er je reguliran Uvjetima pru\u017eanja usluge.<br \/>Zadr\u017eavamo pravo izmjene ili a\u017euriranja bilo \u010dega na stranici u bilo kojem trenutku. Va\u0161a je odgovornost<br \/>pro\u010ditati na\u0161e najnovije Uvjete pru\u017eanja usluge dostupne na ovoj stranici. Va\u0161e daljnje kori\u0161tenje Stranice<br \/>zna\u010di prihva\u0107anje ovih promjena.<br \/><br \/><strong>Otprema, dostava, otkazivanja i povrati<\/strong><br \/><br \/>Dostava \u0107e se izvr\u0161iti \u0161to je prije mogu\u0107e; vrijeme dostave mo\u017ee varirati zbog nepredvi\u0111enih okolnosti.<br \/>Imajte na umu da vrijeme isporuke ne uklju\u010duje dr\u017eavne praznike i vikende. Od vas \u0107e se tra\u017eiti da platite<br \/>tro\u0161kove dostave uz cijenu robe koju kupite.<br \/><br \/>Ako od nas kupite robu za isporuku na odredi\u0161te izvan Hrvatske, va\u0161a kupnja mo\u017ee podlijegati uvoznim<br \/>carinama i porezima koje primjenjuje zemlja odredi\u0161ta. Nismo odgovorni za pla\u0107anje takvih pristojbi ili<br \/>poreza. Obratite se svom lokalnom carinskom uredu za vi\u0161e informacija prije kupnje. Nismo odgovorni za<br \/>pla\u0107anje bilo kakvih takvih pristojbi ili poreza i nismo odgovorni za va\u0161e nepla\u0107anje istih.<br \/><br \/>Du\u017eni ste nam dati potpunu i to\u010dnu adresu za dostavu, uklju\u010duju\u0107i ime primatelja. Nismo odgovorni za<br \/>isporuku va\u0161e robe na krivu adresu ili krivu osobu kao rezultat toga \u0161to ste nam dali neto\u010dne ili nepotpune<br \/>podatke.<br \/><br \/>Molimo pogledajte na\u0161u Politiku dostave i povrata za dodatne informacije \u2013 ovdje.<br \/><br \/><strong>Pravo na otkazivanje i primanje naknade<\/strong><br \/><br \/>Imate pravo otkazati ugovor o kupnji robe od nas u roku od <strong>30 dana<\/strong>. Da biste ostvarili to pravo na<br \/>otkazivanje, morate nas obavijestiti o svojoj odluci o otkazivanju unutar roka za otkazivanje. Za<br \/>otkazivanje kontaktirajte nas e-po\u0161tom na <strong>info@ranko-ajdinovic.com.<\/strong><br \/><br \/>Ako otka\u017eete ugovor s nama, a roba vam je ve\u0107 poslana, morate nam vratiti robu \u0161to je prije mogu\u0107e<br \/>nakon \u0161to nas obavijestite o svojoj odluci o otkazu. Vi \u0107ete biti odgovorni za tro\u0161kove povrata robe.<br \/>Ne\u0107emo biti odgovorni za bilo kakvu \u0161tetu ili gubitak robe koji se dogodi prije nego \u0161to nam se vrati,<br \/>uklju\u010duju\u0107i i dok je roba u prijevozu.<br \/><br \/>Molimo pogledajte na\u0161u <strong>Politiku dostave<\/strong> i povrata za dodatne informacije ovdje.<br \/><br \/><strong>Povratne informacije i pritu\u017ebe<br \/><\/strong>Pozdravljamo svaki oblik povratne informacije koja nam poma\u017ee pobolj\u0161ati uslugu koju nudimo.<br \/>Kontaktirajte nas na info@ranko-ajdinovic.com ili ovdje ako imate prijedloge ili pritu\u017ebe, a mi \u0107emo ih<br \/>nastojati rije\u0161iti \u0161to je prije mogu\u0107e.<br \/><br \/><strong>Prodaja robe<\/strong><\/p><p>Imamo zakonsku obvezu isporu\u010diti robu koja odgovara opisu robe koju naru\u010dite na na\u0161oj stranici.<br \/><br \/>Ovi Uvjeti i odredbe primjenjuju se na svu robu koja je prikazana na na\u0161oj stranici u trenutku kada joj<br \/>pristupite. Ovo uklju\u010duje sve proizvode koji su navedeni kao nedostupni. Sve informacije, opisi ili slike<br \/>koje pru\u017eamo o na\u0161oj robi su \u0161to je mogu\u0107e to\u010dnije. Me\u0111utim, nismo zakonski vezani takvim<br \/>informacijama, opisima ili slikama jer ne mo\u017eemo jam\u010diti to\u010dnost svih proizvoda koje pru\u017eamo. Sla\u017eete<br \/>se kupovati robu s na\u0161e stranice na vlastitu odgovornost.<\/p><p>Zadr\u017eavamo pravo izmjene, odbijanja ili otkazivanja va\u0161e narud\u017ebe kad god to postane potrebno. Ako<br \/>otka\u017eemo va\u0161u narud\u017ebu, a ve\u0107 smo obradili va\u0161u uplatu, vratit \u0107emo vam iznos jednak iznosu koji ste<br \/>platili. Suglasni ste da je va\u0161a odgovornost nadzirati svoj instrument pla\u0107anja kako biste potvrdili primitak<br \/>povrata novca.<\/p><p><strong>Obe\u0161te\u0107enje<\/strong><\/p><p>Ranko Ajdinovi\u0107 ne\u0107e biti odgovorna ni za kakve radnje, zahtjeve, gubitke, \u0161tete, obveze i tro\u0161kove,<br \/>uklju\u010duju\u0107i pravne tro\u0161kove, proiza\u0161le iz va\u0161e upotrebe na\u0161e stranice ili va\u0161eg kr\u0161enja Uvjeta pru\u017eanja<br \/>usluge. Suglasni ste da \u0107ete obe\u0161tetiti i osloboditi Ranka Ajdinovi\u0107a od bilo kakvog potra\u017eivanja ili<br \/>zahtjeva koji proizlazi iz va\u0161eg kr\u0161enja Uvjeta pru\u017eanja usluge ili va\u0161eg kr\u0161enja bilo kojeg zakona ili<br \/>prava tre\u0107e strane.<\/p><p><strong>Ograni\u010denje odgovornosti<\/strong><\/p><p>Ranko Ajdinovi\u0107 ne\u0107e biti odgovoran ni za kakve radnje, potra\u017eivanja, gubitke, \u0161tete, obveze i tro\u0161kove,<br \/>uklju\u010duju\u0107i pravne naknade proiza\u0161le iz va\u0161e upotrebe stranice ili oslanjanja na nju.<\/p><p><strong>Roba i usluge tre\u0107ih strana<\/strong><\/p><p>Na\u0161a stranica mo\u017ee nuditi robu i usluge tre\u0107ih strana. Ne mo\u017eemo jam\u010diti kvalitetu ili to\u010dnost robe i<br \/>usluga koje tre\u0107e strane stavljaju na raspolaganje na na\u0161oj stranici. Nismo odgovorni za bilo kakvu \u0161tetu<br \/>pretrpljenu kori\u0161tenjem ovih. Prije kori\u0161tenja pro\u010ditajte sva pravila tre\u0107ih strana.<\/p><p><strong>Intelektualno vlasni\u0161tvo<\/strong><\/p><p>Sav sadr\u017eaj objavljen i dostupan na na\u0161oj stranici intelektualno je vlasni\u0161tvo Ranka Ajdinovi\u0107a. To<br \/>uklju\u010duje, ali nije ograni\u010deno na, slike, tekst, logotipe, dokumente, datoteke za preuzimanje i sve \u0161to<br \/>pridonosi sastavu na\u0161e stranice. Sva prava, uklju\u010duju\u0107i autorska prava, za\u0161titne znakove, nazive i logotipe<br \/>u vlasni\u0161tvu su Ranka Ajdinovi\u0107a i podlije\u017eu hrvatskom zakonu i njegovim sudovima.<\/p><p><strong>Dostava i povrat ( shipping and returns )<br \/><\/strong><\/p><p>Narud\u017ebe se isporu\u010duju unutar 3-5 radnih dana od slanja narud\u017ebe. Kada va\u0161a narud\u017eba bude poslana,<br \/>primit \u0107ete e-poruku koja \u0107e sadr\u017eavati va\u0161e podatke za pra\u0107enje.<\/p><p>Preporu\u010denu po\u0161iljku \u0161aljemo lokalnom po\u0161tanskom slu\u017ebom Hrvatske i DPD slu\u017ebom. Svi predmeti<br \/>imaju broj za pra\u0107enje i zahtijevaju potpis pri primitku te \u0107e biti isporu\u010deni va\u0161om lokalnom po\u0161tanskom \u2013<br \/>kurirskom slu\u017ebom.<\/p><p>Po\u0161aljite e-poruku na <strong>info@ranko-ajdinovic.com<\/strong> ako \u017eelite koristiti kurirsku uslugu uz nadoplatu.<\/p><p><strong>Rokovi isporuke<\/strong><\/p><p>Hrvatska 1-2 radna dana.<br \/>Europa 5-7 radnih dana<\/p><p>Ostatak svijeta 7- 30 radnih dana<br \/>Vrijeme isporuke je procijenjeno i podlo\u017eno ka\u0161njenju lokalne po\u0161te.<\/p><p>Kupci su odgovorni za sve carine i pristojbe, ako je relevantno, za dodatne informacije posjetite web-<br \/>stranicu svoje vlade.<\/p><p><strong>Povrat<\/strong><\/p><p>Rado \u0107emo prihvatiti va\u0161 povrat nakon \u0161to dobijemo obavijest u roku od 30 dana od primitka. Povrati su<br \/>va\u017ee\u0107i samo ako smo prethodno obavije\u0161teni i kada nam je artikl vra\u0107en u roku od 38 dana. Po\u0161aljite nam<br \/>e-poruku na info@ranko-ajdinovic.com da bismo vas obavijestili o povratu. Predmeti moraju biti vra\u0107eni<br \/>u originalnom pakiranju i u savr\u0161enom stanju. Povrati \u0107e biti odobreni nakon primitka i pridr\u017eavati se<br \/>politike povrata<\/p><p><strong>Neuspje\u0161na dostava<\/strong><\/p><p>Ako nam se va\u0161a narud\u017eba vrati zbog neto\u010dne adrese ili niste bili kod ku\u0107e da biste prihvatili dostavu,<br \/>ponovna isporuka \u0107e se izvr\u0161iti nakon pla\u0107anja novih tro\u0161kova dostave ili \u0107e vam biti vra\u0107en novac.<\/p><p><strong>Izgubljeni\/o\u0161te\u0107eni predmeti<\/strong><\/p><p>Ako se va\u0161 komad izgubi ili o\u0161teti u transportu, ponudit \u0107emo vam zamjenu ili puni povrat novca. Po\u0161iljka<br \/>se smatra izgubljenom ako o njoj nema evidencije nakon 28 radnih dana i ako je po\u0161tanski prijevoznik<br \/>potvrdio nestanak.<\/p><p><strong>Otkazivanja<\/strong><\/p><p>Ako \u017eelite otkazati svoju narud\u017ebu, odgovorite na svoju potvrdnu e-poruku sa zahtjevom za otkazivanje<br \/>ili nam po\u0161aljite e-poruku na info@ranko-ajdinovic.com navode\u0107i broj svoje narud\u017ebe. Ako va\u0161a<br \/>narud\u017eba nije poslana, otkazat \u0107emo narud\u017ebu i izvr\u0161iti povrat novca. Ako je va\u0161 artikl poslan, potpadat \u0107e<br \/>pod na\u0161a pravila povrata.<\/p>\n<\/div><\/div>\n<\/section>","protected":false},"excerpt":{"rendered":"<p>Uvjeti prodaje i kori\u0161tenjeUvjeti pru\u017eanja uslugeOSNOVNI PODACI O PRODAVATELJUNaziv:Ajdinovic Studio, obrt za proizvodnju i uslugeVl. Ranko Ajdinovi\u0107Adresa:Kukuljevi\u0107eva 1, KarlovacHrvatskaOIB: 96854520440PregledOvom web stranicom upravlja Ranko Ajdinovi\u0107. Pojmovi \u201cmi\u201d, \u201cnas\u201d i \u201cna\u0161\u201d koji se koriste na cijelojstranici odnose se na Ranka Ajdinovi\u0107a. Izrazi \u201cvi\u201d, \u201cva\u0161\u201d odnose se na vas korisnika web stranice.Kori\u0161tenjem ove stranice potvr\u0111ujete da ste [&hellip;]<\/p>\n","protected":false},"author":1,"featured_media":0,"parent":0,"menu_order":0,"comment_status":"closed","ping_status":"closed","template":"","meta":{"_breakdance_hide_in_design_set":false,"_breakdance_tags":"","footnotes":""},"class_list":["post-7678","page","type-page","status-publish","hentry"],"yoast_head":"<!-- This site is optimized with the Yoast SEO plugin v27.3 - https:\/\/yoast.com\/product\/yoast-seo-wordpress\/ -->\n<title>Uvjeti prodaje i kori\u0161tenja &#8226; Ranko Ajdinovic - Moderne slike<\/title>\n<meta name=\"robots\" content=\"index, follow, max-snippet:-1, max-image-preview:large, max-video-preview:-1\" \/>\n<link rel=\"canonical\" href=\"https:\/\/ranko-ajdinovic.com\/en\/uvjeti-prodaje-i-koristenja\/\" \/>\n<meta property=\"og:locale\" content=\"en_US\" \/>\n<meta property=\"og:type\" content=\"article\" \/>\n<meta property=\"og:title\" content=\"Uvjeti prodaje i kori\u0161tenja &#8226; Ranko Ajdinovic - Moderne slike\" \/>\n<meta property=\"og:description\" content=\"Uvjeti prodaje i kori\u0161tenjeUvjeti pru\u017eanja uslugeOSNOVNI PODACI O PRODAVATELJUNaziv:Ajdinovic Studio, obrt za proizvodnju i uslugeVl. Ranko Ajdinovi\u0107Adresa:Kukuljevi\u0107eva 1, KarlovacHrvatskaOIB: 96854520440PregledOvom web stranicom upravlja Ranko Ajdinovi\u0107. Pojmovi \u201cmi\u201d, \u201cnas\u201d i \u201cna\u0161\u201d koji se koriste na cijelojstranici odnose se na Ranka Ajdinovi\u0107a. Izrazi \u201cvi\u201d, \u201cva\u0161\u201d odnose se na vas korisnika web stranice.Kori\u0161tenjem ove stranice potvr\u0111ujete da ste [&hellip;]\" \/>\n<meta property=\"og:url\" content=\"https:\/\/ranko-ajdinovic.com\/en\/uvjeti-prodaje-i-koristenja\/\" \/>\n<meta property=\"og:site_name\" content=\"Ranko Ajdinovic - Moderne slike\" \/>\n<meta property=\"article:modified_time\" content=\"2026-01-21T19:37:31+00:00\" \/>\n<meta name=\"twitter:card\" content=\"summary_large_image\" \/>\n<meta name=\"twitter:label1\" content=\"Est. reading time\" \/>\n\t<meta name=\"twitter:data1\" content=\"2 minutes\" \/>\n<script type=\"application\/ld+json\" class=\"yoast-schema-graph\">{\"@context\":\"https:\\\/\\\/schema.org\",\"@graph\":[{\"@type\":\"WebPage\",\"@id\":\"https:\\\/\\\/ranko-ajdinovic.com\\\/uvjeti-prodaje-i-koristenja\\\/\",\"url\":\"https:\\\/\\\/ranko-ajdinovic.com\\\/uvjeti-prodaje-i-koristenja\\\/\",\"name\":\"Uvjeti prodaje i kori\u0161tenja &#8226; Ranko Ajdinovic - Moderne slike\",\"isPartOf\":{\"@id\":\"https:\\\/\\\/ranko-ajdinovic.com\\\/#website\"},\"datePublished\":\"2025-10-03T06:40:51+00:00\",\"dateModified\":\"2026-01-21T19:37:31+00:00\",\"breadcrumb\":{\"@id\":\"https:\\\/\\\/ranko-ajdinovic.com\\\/uvjeti-prodaje-i-koristenja\\\/#breadcrumb\"},\"inLanguage\":\"en-US\",\"potentialAction\":[{\"@type\":\"ReadAction\",\"target\":[\"https:\\\/\\\/ranko-ajdinovic.com\\\/uvjeti-prodaje-i-koristenja\\\/\"]}]},{\"@type\":\"BreadcrumbList\",\"@id\":\"https:\\\/\\\/ranko-ajdinovic.com\\\/uvjeti-prodaje-i-koristenja\\\/#breadcrumb\",\"itemListElement\":[{\"@type\":\"ListItem\",\"position\":1,\"name\":\"Home\",\"item\":\"https:\\\/\\\/ranko-ajdinovic.com\\\/\"},{\"@type\":\"ListItem\",\"position\":2,\"name\":\"Uvjeti prodaje i kori\u0161tenja\"}]},{\"@type\":\"WebSite\",\"@id\":\"https:\\\/\\\/ranko-ajdinovic.com\\\/#website\",\"url\":\"https:\\\/\\\/ranko-ajdinovic.com\\\/\",\"name\":\"Ranko Ajdinovic - Moderne slike\",\"description\":\"\",\"publisher\":{\"@id\":\"https:\\\/\\\/ranko-ajdinovic.com\\\/#\\\/schema\\\/person\\\/0cefe097e1f0568f925016a168bdeba6\"},\"potentialAction\":[{\"@type\":\"SearchAction\",\"target\":{\"@type\":\"EntryPoint\",\"urlTemplate\":\"https:\\\/\\\/ranko-ajdinovic.com\\\/?s={search_term_string}\"},\"query-input\":{\"@type\":\"PropertyValueSpecification\",\"valueRequired\":true,\"valueName\":\"search_term_string\"}}],\"inLanguage\":\"en-US\"},{\"@type\":[\"Person\",\"Organization\"],\"@id\":\"https:\\\/\\\/ranko-ajdinovic.com\\\/#\\\/schema\\\/person\\\/0cefe097e1f0568f925016a168bdeba6\",\"name\":\"admin\",\"image\":{\"@type\":\"ImageObject\",\"inLanguage\":\"en-US\",\"@id\":\"https:\\\/\\\/secure.gravatar.com\\\/avatar\\\/049d970c38cf58812832cd99b964dcdfd90456c8fd7f47da68257f5b08cf289e?s=96&d=mm&r=g\",\"url\":\"https:\\\/\\\/secure.gravatar.com\\\/avatar\\\/049d970c38cf58812832cd99b964dcdfd90456c8fd7f47da68257f5b08cf289e?s=96&d=mm&r=g\",\"contentUrl\":\"https:\\\/\\\/secure.gravatar.com\\\/avatar\\\/049d970c38cf58812832cd99b964dcdfd90456c8fd7f47da68257f5b08cf289e?s=96&d=mm&r=g\",\"caption\":\"admin\"},\"logo\":{\"@id\":\"https:\\\/\\\/secure.gravatar.com\\\/avatar\\\/049d970c38cf58812832cd99b964dcdfd90456c8fd7f47da68257f5b08cf289e?s=96&d=mm&r=g\"},\"sameAs\":[\"https:\\\/\\\/ranko-ajdinovic.com\"]}]}<\/script>\n<!-- \/ Yoast SEO plugin. -->","yoast_head_json":{"title":"Uvjeti prodaje i kori\u0161tenja &#8226; Ranko Ajdinovic - Moderne slike","robots":{"index":"index","follow":"follow","max-snippet":"max-snippet:-1","max-image-preview":"max-image-preview:large","max-video-preview":"max-video-preview:-1"},"canonical":"https:\/\/ranko-ajdinovic.com\/en\/uvjeti-prodaje-i-koristenja\/","og_locale":"en_US","og_type":"article","og_title":"Uvjeti prodaje i kori\u0161tenja &#8226; Ranko Ajdinovic - Moderne slike","og_description":"Uvjeti prodaje i kori\u0161tenjeUvjeti pru\u017eanja uslugeOSNOVNI PODACI O PRODAVATELJUNaziv:Ajdinovic Studio, obrt za proizvodnju i uslugeVl. Ranko Ajdinovi\u0107Adresa:Kukuljevi\u0107eva 1, KarlovacHrvatskaOIB: 96854520440PregledOvom web stranicom upravlja Ranko Ajdinovi\u0107. Pojmovi \u201cmi\u201d, \u201cnas\u201d i \u201cna\u0161\u201d koji se koriste na cijelojstranici odnose se na Ranka Ajdinovi\u0107a. Izrazi \u201cvi\u201d, \u201cva\u0161\u201d odnose se na vas korisnika web stranice.Kori\u0161tenjem ove stranice potvr\u0111ujete da ste [&hellip;]","og_url":"https:\/\/ranko-ajdinovic.com\/en\/uvjeti-prodaje-i-koristenja\/","og_site_name":"Ranko Ajdinovic - Moderne slike","article_modified_time":"2026-01-21T19:37:31+00:00","twitter_card":"summary_large_image","twitter_misc":{"Est. reading time":"2 minutes"},"schema":{"@context":"https:\/\/schema.org","@graph":[{"@type":"WebPage","@id":"https:\/\/ranko-ajdinovic.com\/uvjeti-prodaje-i-koristenja\/","url":"https:\/\/ranko-ajdinovic.com\/uvjeti-prodaje-i-koristenja\/","name":"Uvjeti prodaje i kori\u0161tenja &#8226; Ranko Ajdinovic - Moderne slike","isPartOf":{"@id":"https:\/\/ranko-ajdinovic.com\/#website"},"datePublished":"2025-10-03T06:40:51+00:00","dateModified":"2026-01-21T19:37:31+00:00","breadcrumb":{"@id":"https:\/\/ranko-ajdinovic.com\/uvjeti-prodaje-i-koristenja\/#breadcrumb"},"inLanguage":"en-US","potentialAction":[{"@type":"ReadAction","target":["https:\/\/ranko-ajdinovic.com\/uvjeti-prodaje-i-koristenja\/"]}]},{"@type":"BreadcrumbList","@id":"https:\/\/ranko-ajdinovic.com\/uvjeti-prodaje-i-koristenja\/#breadcrumb","itemListElement":[{"@type":"ListItem","position":1,"name":"Home","item":"https:\/\/ranko-ajdinovic.com\/"},{"@type":"ListItem","position":2,"name":"Uvjeti prodaje i kori\u0161tenja"}]},{"@type":"WebSite","@id":"https:\/\/ranko-ajdinovic.com\/#website","url":"https:\/\/ranko-ajdinovic.com\/","name":"Ranko Ajdinovic - Modern pictures","description":"","publisher":{"@id":"https:\/\/ranko-ajdinovic.com\/#\/schema\/person\/0cefe097e1f0568f925016a168bdeba6"},"potentialAction":[{"@type":"SearchAction","target":{"@type":"EntryPoint","urlTemplate":"https:\/\/ranko-ajdinovic.com\/?s={search_term_string}"},"query-input":{"@type":"PropertyValueSpecification","valueRequired":true,"valueName":"search_term_string"}}],"inLanguage":"en-US"},{"@type":["Person","Organization"],"@id":"https:\/\/ranko-ajdinovic.com\/#\/schema\/person\/0cefe097e1f0568f925016a168bdeba6","name":"admin","image":{"@type":"ImageObject","inLanguage":"en-US","@id":"https:\/\/secure.gravatar.com\/avatar\/049d970c38cf58812832cd99b964dcdfd90456c8fd7f47da68257f5b08cf289e?s=96&d=mm&r=g","url":"https:\/\/secure.gravatar.com\/avatar\/049d970c38cf58812832cd99b964dcdfd90456c8fd7f47da68257f5b08cf289e?s=96&d=mm&r=g","contentUrl":"https:\/\/secure.gravatar.com\/avatar\/049d970c38cf58812832cd99b964dcdfd90456c8fd7f47da68257f5b08cf289e?s=96&d=mm&r=g","caption":"admin"},"logo":{"@id":"https:\/\/secure.gravatar.com\/avatar\/049d970c38cf58812832cd99b964dcdfd90456c8fd7f47da68257f5b08cf289e?s=96&d=mm&r=g"},"sameAs":["https:\/\/ranko-ajdinovic.com"]}]}},"_links":{"self":[{"href":"https:\/\/ranko-ajdinovic.com\/en\/wp-json\/wp\/v2\/pages\/7678","targetHints":{"allow":["GET"]}}],"collection":[{"href":"https:\/\/ranko-ajdinovic.com\/en\/wp-json\/wp\/v2\/pages"}],"about":[{"href":"https:\/\/ranko-ajdinovic.com\/en\/wp-json\/wp\/v2\/types\/page"}],"author":[{"embeddable":true,"href":"https:\/\/ranko-ajdinovic.com\/en\/wp-json\/wp\/v2\/users\/1"}],"replies":[{"embeddable":true,"href":"https:\/\/ranko-ajdinovic.com\/en\/wp-json\/wp\/v2\/comments?post=7678"}],"version-history":[{"count":5,"href":"https:\/\/ranko-ajdinovic.com\/en\/wp-json\/wp\/v2\/pages\/7678\/revisions"}],"predecessor-version":[{"id":8821,"href":"https:\/\/ranko-ajdinovic.com\/en\/wp-json\/wp\/v2\/pages\/7678\/revisions\/8821"}],"wp:attachment":[{"href":"https:\/\/ranko-ajdinovic.com\/en\/wp-json\/wp\/v2\/media?parent=7678"}],"curies":[{"name":"wp","href":"https:\/\/api.w.org\/{rel}","templated":true}]}}