{"id":8917,"date":"2026-02-04T17:58:50","date_gmt":"2026-02-04T17:58:50","guid":{"rendered":"https:\/\/ranko-ajdinovic.com\/?page_id=8917"},"modified":"2026-02-06T19:48:32","modified_gmt":"2026-02-06T19:48:32","slug":"registar","status":"publish","type":"page","link":"https:\/\/ranko-ajdinovic.com\/en\/registar\/","title":{"rendered":"Registar"},"content":{"rendered":"<section class=\"bde-section-8917-100 bde-section\">\n  \n  \n\t\n\n\n\n<div class=\"section-container\"><div class=\"bde-columns-8917-101 bde-columns\"><div class=\"bde-column-8917-102 bde-column\">\n  \n  \n\t\n\n\n\n<img decoding=\"async\" class=\"bde-image2-8917-106 bde-image2 lazyload\" data-src=\"https:\/\/ranko-ajdinovic.com\/wp-content\/uploads\/2025\/12\/Moderne-umjetnicke-slike-ajdinovic-susret-u-meduprostoru-1-e1619735727780.jpg\" data-srcset=\"https:\/\/ranko-ajdinovic.com\/wp-content\/uploads\/2025\/12\/Moderne-umjetnicke-slike-ajdinovic-susret-u-meduprostoru-1-e1619735727780.jpg 900w, https:\/\/ranko-ajdinovic.com\/wp-content\/uploads\/2025\/12\/Moderne-umjetnicke-slike-ajdinovic-susret-u-meduprostoru-1-e1619735727780-768x725.jpg 768w, https:\/\/ranko-ajdinovic.com\/wp-content\/uploads\/2025\/12\/Moderne-umjetnicke-slike-ajdinovic-susret-u-meduprostoru-1-e1619735727780-13x12.jpg 13w, https:\/\/ranko-ajdinovic.com\/wp-content\/uploads\/2025\/12\/Moderne-umjetnicke-slike-ajdinovic-susret-u-meduprostoru-1-e1619735727780-800x756.jpg 800w\" data-sizes=\"(max-width: 900px) 100vw, 900px\" src=\"data:image\/svg+xml;base64,PHN2ZyB3aWR0aD0iMSIgaGVpZ2h0PSIxIiB4bWxucz0iaHR0cDovL3d3dy53My5vcmcvMjAwMC9zdmciPjwvc3ZnPg==\" style=\"--smush-placeholder-width: 900px; --smush-placeholder-aspect-ratio: 900\/850;\">\n<\/div><div class=\"bde-column-8917-103 bde-column\">\n  \n  \n\t\n\n\n\n<h1 class=\"bde-heading-8917-110 bde-heading\">\nRegistracija novog korisnika\n<\/h1><div class=\"bde-register-form-8917-109 bde-register-form\">\n\n<form id=\"109\" class=\"breakdance-form breakdance-form--vertical\" data-options=\"{&quot;slug&quot;:&quot;register&quot;,&quot;name&quot;:&quot;&quot;,&quot;ajaxUrl&quot;:&quot;https:\\\/\\\/ranko-ajdinovic.com\\\/wp-admin\\\/admin-ajax.php&quot;,&quot;clearOnSuccess&quot;:true,&quot;hideOnSuccess&quot;:false,&quot;successMessage&quot;:&quot;Va\\u0161 je ra\\u010dun kreiran.&quot;,&quot;errorMessage&quot;:&quot;Something went wrong.&quot;,&quot;redirect&quot;:true,&quot;redirectUrl&quot;:&quot;https:\\\/\\\/ranko-ajdinovic.com\\\/moj-racun\\\/&quot;,&quot;customJavaScript&quot;:&quot;&quot;,&quot;recaptcha&quot;:{&quot;key&quot;:&quot;&quot;,&quot;enabled&quot;:false},&quot;honeypot_enabled&quot;:false,&quot;popupsOnSuccess&quot;:[],&quot;popupsOnError&quot;:[]}\" data-steps=\"0\" >\n  \n  \n  \n<div class=\"breakdance-form-field breakdance-form-field--text\" >\n    \n    \n            <label class=\"breakdance-form-field__label\" for=\"user_login\">\n            Korisni\u010dko ime<span class=\"breakdance-form-field__required\">*<\/span>\n        <\/label>\n    \n    <input\n    class=\"breakdance-form-field__input\"\n    id=\"user_login\"\n    aria-describedby=\"user_login\"\n    type=\"text\"\n    name=\"fields[user_login]\"\n    placeholder=\"\"\n    value=\"\"\n                \n        \n        \n    required\n    \n    \n    \n>\n\n\n    \n    \n<\/div>\n\n\n<div class=\"breakdance-form-field breakdance-form-field--email\" >\n    \n    \n            <label class=\"breakdance-form-field__label\" for=\"user_email\">\n            Email<span class=\"breakdance-form-field__required\">*<\/span>\n        <\/label>\n    \n    <input\n    class=\"breakdance-form-field__input\"\n    id=\"user_email\"\n    aria-describedby=\"user_email\"\n    type=\"email\"\n    name=\"fields[user_email]\"\n    placeholder=\"\"\n    value=\"\"\n                \n        \n        \n    required\n    \n    \n    \n>\n\n\n    \n    \n<\/div>\n\n\n<div class=\"breakdance-form-field breakdance-form-field--password\" >\n    \n    \n            <label class=\"breakdance-form-field__label\" for=\"user_pass\">\n            Lozinka<span class=\"breakdance-form-field__required\">*<\/span>\n        <\/label>\n    \n    <input\n    class=\"breakdance-form-field__input\"\n    id=\"user_pass\"\n    aria-describedby=\"user_pass\"\n    type=\"password\"\n    name=\"fields[user_pass]\"\n    placeholder=\"\"\n    value=\"\"\n                \n        \n        \n    required\n    \n    \n    \n>\n\n\n    \n    \n<\/div>\n\n\n  \n\n<div class=\"breakdance-form-field breakdance-form-footer\">\n    \n    \n                                    \n    \n    \n    \n    \n            \n            <button type=\"submit\" class=\"button-atom button-atom--primary breakdance-form-button breakdance-form-button__submit\"  >\n    \n        <span class=\"button-atom__text\">Registracija<\/span>\n\n        \n        \n            <\/button>\n    \n    <input type=\"hidden\" name=\"form_id\" value=\"109\">\n    <input type=\"hidden\" name=\"post_id\" value=\"8917\">\n<\/div>\n\n  \n<\/form>\n\n<\/div><div class=\"bde-rich-text-8917-119 bde-rich-text breakdance-rich-text-styles\">\n<p>Upoznat\/a sam s Politikom privatnosti i suglasan\/na sam s obradom osobnih podataka u svrhu obrade narud\u017ebe, u skladu s <a href=\"https:\/\/ranko-ajdinovic.com\/politika-privatnosti\/\">Politikom privatnosti<\/a>.<\/p>\n<\/div><a class=\"bde-container-link-8917-114 bde-container-link breakdance-link\" href=\"https:\/\/ranko-ajdinovic.com\/loginstar\/\" target=\"_self\" data-type=\"url\">\n  \n  \n\t\n\n\n\n<div class=\"bde-text-8917-111 bde-text\">\nVe\u0107 ima\u0161 ra\u010dun?\n<\/div><div class=\"bde-text-8917-115 bde-text\">\nPrijavi se\n<\/div>\n\n<\/a>\n<\/div><\/div><div class=\"bde-button-8917-108 bde-button\">\n    \n                        \n                        \n    \n    \n    \n    \n            \n                    \n            \n            \n\n    \n    \n    \n    \n    \n    <a class=\"breakdance-link button-atom button-atom--custom bde-button__button\" href=\"https:\/\/ranko-ajdinovic.com\/\" target=\"_self\" data-type=\"url\"  >\n\n    \n        <span class=\"button-atom__text\">Nazad na shop<\/span>\n\n        \n        \n                <\/a>\n\n    \n\n\n<\/div><\/div>\n<\/section>","protected":false},"excerpt":{"rendered":"<p>Registracija novog korisnika Korisni\u010dko ime* Email* Lozinka* Registracija Upoznat\/a sam s Politikom privatnosti i suglasan\/na sam s obradom osobnih podataka u svrhu obrade narud\u017ebe, u skladu s Politikom privatnosti. Ve\u0107 ima\u0161 ra\u010dun? Prijavi se Nazad na shop<\/p>","protected":false},"author":1,"featured_media":0,"parent":0,"menu_order":0,"comment_status":"closed","ping_status":"closed","template":"breakdance_blank_canvas","meta":{"_breakdance_hide_in_design_set":false,"_breakdance_tags":"","footnotes":""},"class_list":["post-8917","page","type-page","status-publish","hentry"],"yoast_head":"<!-- This site is optimized with the Yoast SEO plugin v27.3 - https:\/\/yoast.com\/product\/yoast-seo-wordpress\/ -->\n<title>Registar &#8226; Ranko Ajdinovic - Moderne slike<\/title>\n<meta name=\"robots\" content=\"index, follow, max-snippet:-1, max-image-preview:large, max-video-preview:-1\" \/>\n<link rel=\"canonical\" href=\"https:\/\/ranko-ajdinovic.com\/en\/registar\/\" \/>\n<meta property=\"og:locale\" content=\"en_US\" \/>\n<meta property=\"og:type\" content=\"article\" \/>\n<meta property=\"og:title\" content=\"Registar &#8226; Ranko Ajdinovic - Moderne slike\" \/>\n<meta property=\"og:description\" content=\"Registracija novog korisnika Korisni\u010dko ime* Email* Lozinka* Registracija Upoznat\/a sam s Politikom privatnosti i suglasan\/na sam s obradom osobnih podataka u svrhu obrade narud\u017ebe, u skladu s Politikom privatnosti. Ve\u0107 ima\u0161 ra\u010dun? Prijavi se Nazad na shop\" \/>\n<meta property=\"og:url\" content=\"https:\/\/ranko-ajdinovic.com\/en\/registar\/\" \/>\n<meta property=\"og:site_name\" content=\"Ranko Ajdinovic - Moderne slike\" \/>\n<meta property=\"article:modified_time\" content=\"2026-02-06T19:48:32+00:00\" \/>\n<meta name=\"twitter:card\" content=\"summary_large_image\" \/>\n<meta name=\"twitter:label1\" content=\"Est. reading time\" \/>\n\t<meta name=\"twitter:data1\" content=\"1 minute\" \/>\n<script type=\"application\/ld+json\" class=\"yoast-schema-graph\">{\"@context\":\"https:\\\/\\\/schema.org\",\"@graph\":[{\"@type\":\"WebPage\",\"@id\":\"https:\\\/\\\/ranko-ajdinovic.com\\\/registar\\\/\",\"url\":\"https:\\\/\\\/ranko-ajdinovic.com\\\/registar\\\/\",\"name\":\"Registar &#8226; Ranko Ajdinovic - Moderne slike\",\"isPartOf\":{\"@id\":\"https:\\\/\\\/ranko-ajdinovic.com\\\/#website\"},\"datePublished\":\"2026-02-04T17:58:50+00:00\",\"dateModified\":\"2026-02-06T19:48:32+00:00\",\"breadcrumb\":{\"@id\":\"https:\\\/\\\/ranko-ajdinovic.com\\\/registar\\\/#breadcrumb\"},\"inLanguage\":\"en-US\",\"potentialAction\":[{\"@type\":\"ReadAction\",\"target\":[\"https:\\\/\\\/ranko-ajdinovic.com\\\/registar\\\/\"]}]},{\"@type\":\"BreadcrumbList\",\"@id\":\"https:\\\/\\\/ranko-ajdinovic.com\\\/registar\\\/#breadcrumb\",\"itemListElement\":[{\"@type\":\"ListItem\",\"position\":1,\"name\":\"Home\",\"item\":\"https:\\\/\\\/ranko-ajdinovic.com\\\/\"},{\"@type\":\"ListItem\",\"position\":2,\"name\":\"Registar\"}]},{\"@type\":\"WebSite\",\"@id\":\"https:\\\/\\\/ranko-ajdinovic.com\\\/#website\",\"url\":\"https:\\\/\\\/ranko-ajdinovic.com\\\/\",\"name\":\"Ranko Ajdinovic - Moderne slike\",\"description\":\"\",\"publisher\":{\"@id\":\"https:\\\/\\\/ranko-ajdinovic.com\\\/#\\\/schema\\\/person\\\/0cefe097e1f0568f925016a168bdeba6\"},\"potentialAction\":[{\"@type\":\"SearchAction\",\"target\":{\"@type\":\"EntryPoint\",\"urlTemplate\":\"https:\\\/\\\/ranko-ajdinovic.com\\\/?s={search_term_string}\"},\"query-input\":{\"@type\":\"PropertyValueSpecification\",\"valueRequired\":true,\"valueName\":\"search_term_string\"}}],\"inLanguage\":\"en-US\"},{\"@type\":[\"Person\",\"Organization\"],\"@id\":\"https:\\\/\\\/ranko-ajdinovic.com\\\/#\\\/schema\\\/person\\\/0cefe097e1f0568f925016a168bdeba6\",\"name\":\"admin\",\"image\":{\"@type\":\"ImageObject\",\"inLanguage\":\"en-US\",\"@id\":\"https:\\\/\\\/secure.gravatar.com\\\/avatar\\\/049d970c38cf58812832cd99b964dcdfd90456c8fd7f47da68257f5b08cf289e?s=96&d=mm&r=g\",\"url\":\"https:\\\/\\\/secure.gravatar.com\\\/avatar\\\/049d970c38cf58812832cd99b964dcdfd90456c8fd7f47da68257f5b08cf289e?s=96&d=mm&r=g\",\"contentUrl\":\"https:\\\/\\\/secure.gravatar.com\\\/avatar\\\/049d970c38cf58812832cd99b964dcdfd90456c8fd7f47da68257f5b08cf289e?s=96&d=mm&r=g\",\"caption\":\"admin\"},\"logo\":{\"@id\":\"https:\\\/\\\/secure.gravatar.com\\\/avatar\\\/049d970c38cf58812832cd99b964dcdfd90456c8fd7f47da68257f5b08cf289e?s=96&d=mm&r=g\"},\"sameAs\":[\"https:\\\/\\\/ranko-ajdinovic.com\"]}]}<\/script>\n<!-- \/ Yoast SEO plugin. -->","yoast_head_json":{"title":"Registar &#8226; Ranko Ajdinovic - Moderne slike","robots":{"index":"index","follow":"follow","max-snippet":"max-snippet:-1","max-image-preview":"max-image-preview:large","max-video-preview":"max-video-preview:-1"},"canonical":"https:\/\/ranko-ajdinovic.com\/en\/registar\/","og_locale":"en_US","og_type":"article","og_title":"Registar &#8226; Ranko Ajdinovic - Moderne slike","og_description":"Registracija novog korisnika Korisni\u010dko ime* Email* Lozinka* Registracija Upoznat\/a sam s Politikom privatnosti i suglasan\/na sam s obradom osobnih podataka u svrhu obrade narud\u017ebe, u skladu s Politikom privatnosti. Ve\u0107 ima\u0161 ra\u010dun? Prijavi se Nazad na shop","og_url":"https:\/\/ranko-ajdinovic.com\/en\/registar\/","og_site_name":"Ranko Ajdinovic - Moderne slike","article_modified_time":"2026-02-06T19:48:32+00:00","twitter_card":"summary_large_image","twitter_misc":{"Est. reading time":"1 minute"},"schema":{"@context":"https:\/\/schema.org","@graph":[{"@type":"WebPage","@id":"https:\/\/ranko-ajdinovic.com\/registar\/","url":"https:\/\/ranko-ajdinovic.com\/registar\/","name":"Registar &#8226; Ranko Ajdinovic - Moderne slike","isPartOf":{"@id":"https:\/\/ranko-ajdinovic.com\/#website"},"datePublished":"2026-02-04T17:58:50+00:00","dateModified":"2026-02-06T19:48:32+00:00","breadcrumb":{"@id":"https:\/\/ranko-ajdinovic.com\/registar\/#breadcrumb"},"inLanguage":"en-US","potentialAction":[{"@type":"ReadAction","target":["https:\/\/ranko-ajdinovic.com\/registar\/"]}]},{"@type":"BreadcrumbList","@id":"https:\/\/ranko-ajdinovic.com\/registar\/#breadcrumb","itemListElement":[{"@type":"ListItem","position":1,"name":"Home","item":"https:\/\/ranko-ajdinovic.com\/"},{"@type":"ListItem","position":2,"name":"Registar"}]},{"@type":"WebSite","@id":"https:\/\/ranko-ajdinovic.com\/#website","url":"https:\/\/ranko-ajdinovic.com\/","name":"Ranko Ajdinovic - Modern pictures","description":"","publisher":{"@id":"https:\/\/ranko-ajdinovic.com\/#\/schema\/person\/0cefe097e1f0568f925016a168bdeba6"},"potentialAction":[{"@type":"SearchAction","target":{"@type":"EntryPoint","urlTemplate":"https:\/\/ranko-ajdinovic.com\/?s={search_term_string}"},"query-input":{"@type":"PropertyValueSpecification","valueRequired":true,"valueName":"search_term_string"}}],"inLanguage":"en-US"},{"@type":["Person","Organization"],"@id":"https:\/\/ranko-ajdinovic.com\/#\/schema\/person\/0cefe097e1f0568f925016a168bdeba6","name":"admin","image":{"@type":"ImageObject","inLanguage":"en-US","@id":"https:\/\/secure.gravatar.com\/avatar\/049d970c38cf58812832cd99b964dcdfd90456c8fd7f47da68257f5b08cf289e?s=96&d=mm&r=g","url":"https:\/\/secure.gravatar.com\/avatar\/049d970c38cf58812832cd99b964dcdfd90456c8fd7f47da68257f5b08cf289e?s=96&d=mm&r=g","contentUrl":"https:\/\/secure.gravatar.com\/avatar\/049d970c38cf58812832cd99b964dcdfd90456c8fd7f47da68257f5b08cf289e?s=96&d=mm&r=g","caption":"admin"},"logo":{"@id":"https:\/\/secure.gravatar.com\/avatar\/049d970c38cf58812832cd99b964dcdfd90456c8fd7f47da68257f5b08cf289e?s=96&d=mm&r=g"},"sameAs":["https:\/\/ranko-ajdinovic.com"]}]}},"_links":{"self":[{"href":"https:\/\/ranko-ajdinovic.com\/en\/wp-json\/wp\/v2\/pages\/8917","targetHints":{"allow":["GET"]}}],"collection":[{"href":"https:\/\/ranko-ajdinovic.com\/en\/wp-json\/wp\/v2\/pages"}],"about":[{"href":"https:\/\/ranko-ajdinovic.com\/en\/wp-json\/wp\/v2\/types\/page"}],"author":[{"embeddable":true,"href":"https:\/\/ranko-ajdinovic.com\/en\/wp-json\/wp\/v2\/users\/1"}],"replies":[{"embeddable":true,"href":"https:\/\/ranko-ajdinovic.com\/en\/wp-json\/wp\/v2\/comments?post=8917"}],"version-history":[{"count":15,"href":"https:\/\/ranko-ajdinovic.com\/en\/wp-json\/wp\/v2\/pages\/8917\/revisions"}],"predecessor-version":[{"id":8956,"href":"https:\/\/ranko-ajdinovic.com\/en\/wp-json\/wp\/v2\/pages\/8917\/revisions\/8956"}],"wp:attachment":[{"href":"https:\/\/ranko-ajdinovic.com\/en\/wp-json\/wp\/v2\/media?parent=8917"}],"curies":[{"name":"wp","href":"https:\/\/api.w.org\/{rel}","templated":true}]}}