{"id":1891,"date":"2017-04-08T22:29:46","date_gmt":"2017-04-08T22:29:46","guid":{"rendered":"https:\/\/ranko-ajdinovic.com\/?post_type=product&#038;p=1891"},"modified":"2025-09-10T15:31:59","modified_gmt":"2025-09-10T15:31:59","slug":"jutarnji-snovi-1-3","status":"publish","type":"product","link":"https:\/\/ranko-ajdinovic.com\/en\/product\/jutarnji-snovi-1-3\/","title":{"rendered":"Jutarnji snovi 22"},"content":{"rendered":"<p>Apstraktna slika velikog formata na platnu \u201cJutarnji snovi 2\u201d za moderni interijer. Ovo je originalno umjetni\u010dko djelo , jedno jedino u svijetu kao takvo i spremno je da ga odmah postavite na Va\u0161 zid. Ovo je kvadratno platno i napeto je na drveni profesionalni galerijski okvir. Slika je nastala po\u010detkom 2017. Tehnika je akril na platnu. Za svaku kupljenu sliku izdajem ovjereni i ru\u010dno potpisani certifikat autenti\u010dnosti.<\/p>\n<p>Najbolji i najsigurniji na\u010din kupnje umjetnina je direktno preko autora, stoga stojim Vam na usluzi.<\/p>\n<p>Dostava;<br \/>\n&#8211; Slike \u0161aljem brzo i sigurno \u0161irom lijepe na\u0161e zemaljske kugle.<br \/>\n&#8211; Rok isporuke u Hrvatskoj je 2-3 dana<\/p>\n<p>JAMSTVO SIGURNOSTI:<br \/>\n- If you are not satisfied with the picture after purchase, for any reason, within 30 days you can exchange it for another one (you pay the return postage) or ask for a full refund.<\/p>\n<p>Za sva ostala pitanja stojim vam na raspolaganju<\/p>","protected":false},"excerpt":{"rendered":"<p>Apstraktna slika velikog formata na platnu \u201cJutarnji snovi 2\u201d za moderni interijer. Ovo je originalno umjetni\u010dko djelo , jedno jedino u svijetu kao takvo i spremno je da ga odmah postavite na Va\u0161 zid. Ovo je kvadratno platno i napeto je na drveni profesionalni galerijski okvir. Slika je nastala po\u010detkom 2017. Tehnika je akril na [&hellip;]<\/p>\n","protected":false},"featured_media":1892,"template":"","meta":[],"product_brand":[],"product_cat":[22],"product_tag":[35,36,46,47],"class_list":{"0":"post-1891","1":"product","2":"type-product","3":"status-publish","4":"has-post-thumbnail","6":"product_cat-originali","7":"product_tag-apstrakcija-na-platnu","8":"product_tag-apstraktna-slika","9":"product_tag-kvadratni-format","10":"product_tag-velike-dimenzije","12":"first","13":"outofstock","14":"sold-individually","15":"product-type-simple"},"yoast_head":"<!-- This site is optimized with the Yoast SEO plugin v27.3 - https:\/\/yoast.com\/product\/yoast-seo-wordpress\/ -->\n<title>Jutarnji snovi 22 &#8226; Ranko Ajdinovic - Moderne slike<\/title>\n<meta name=\"robots\" content=\"index, follow, max-snippet:-1, max-image-preview:large, max-video-preview:-1\" \/>\n<link rel=\"canonical\" href=\"https:\/\/ranko-ajdinovic.com\/en\/product\/jutarnji-snovi-1-3\/\" \/>\n<meta property=\"og:locale\" content=\"en_US\" \/>\n<meta property=\"og:type\" content=\"article\" \/>\n<meta property=\"og:title\" content=\"Jutarnji snovi 22 &#8226; Ranko Ajdinovic - Moderne slike\" \/>\n<meta property=\"og:description\" content=\"Apstraktna slika velikog formata na platnu \u201cJutarnji snovi 2\u201d za moderni interijer. Ovo je originalno umjetni\u010dko djelo , jedno jedino u svijetu kao takvo i spremno je da ga odmah postavite na Va\u0161 zid. Ovo je kvadratno platno i napeto je na drveni profesionalni galerijski okvir. Slika je nastala po\u010detkom 2017. Tehnika je akril na [&hellip;]\" \/>\n<meta property=\"og:url\" content=\"https:\/\/ranko-ajdinovic.com\/en\/product\/jutarnji-snovi-1-3\/\" \/>\n<meta property=\"og:site_name\" content=\"Ranko Ajdinovic - Moderne slike\" \/>\n<meta property=\"article:modified_time\" content=\"2025-09-10T15:31:59+00:00\" \/>\n<meta property=\"og:image\" content=\"https:\/\/ranko-ajdinovic.com\/wp-content\/uploads\/2025\/09\/1000-x-800.jpg\" \/>\n\t<meta property=\"og:image:width\" content=\"1000\" \/>\n\t<meta property=\"og:image:height\" content=\"800\" \/>\n\t<meta property=\"og:image:type\" content=\"image\/jpeg\" \/>\n<meta name=\"twitter:card\" content=\"summary_large_image\" \/>\n<meta name=\"twitter:label1\" content=\"Est. reading time\" \/>\n\t<meta name=\"twitter:data1\" content=\"1 minute\" \/>\n<script type=\"application\/ld+json\" class=\"yoast-schema-graph\">{\"@context\":\"https:\\\/\\\/schema.org\",\"@graph\":[{\"@type\":\"WebPage\",\"@id\":\"https:\\\/\\\/ranko-ajdinovic.com\\\/proizvod\\\/jutarnji-snovi-1-3\\\/\",\"url\":\"https:\\\/\\\/ranko-ajdinovic.com\\\/proizvod\\\/jutarnji-snovi-1-3\\\/\",\"name\":\"Jutarnji snovi 22 &#8226; Ranko Ajdinovic - Moderne slike\",\"isPartOf\":{\"@id\":\"https:\\\/\\\/ranko-ajdinovic.com\\\/#website\"},\"primaryImageOfPage\":{\"@id\":\"https:\\\/\\\/ranko-ajdinovic.com\\\/proizvod\\\/jutarnji-snovi-1-3\\\/#primaryimage\"},\"image\":{\"@id\":\"https:\\\/\\\/ranko-ajdinovic.com\\\/proizvod\\\/jutarnji-snovi-1-3\\\/#primaryimage\"},\"thumbnailUrl\":\"https:\\\/\\\/ranko-ajdinovic.com\\\/wp-content\\\/uploads\\\/2025\\\/09\\\/1000-x-800.jpg\",\"datePublished\":\"2017-04-08T22:29:46+00:00\",\"dateModified\":\"2025-09-10T15:31:59+00:00\",\"breadcrumb\":{\"@id\":\"https:\\\/\\\/ranko-ajdinovic.com\\\/proizvod\\\/jutarnji-snovi-1-3\\\/#breadcrumb\"},\"inLanguage\":\"en-US\",\"potentialAction\":[{\"@type\":\"ReadAction\",\"target\":[\"https:\\\/\\\/ranko-ajdinovic.com\\\/proizvod\\\/jutarnji-snovi-1-3\\\/\"]}]},{\"@type\":\"ImageObject\",\"inLanguage\":\"en-US\",\"@id\":\"https:\\\/\\\/ranko-ajdinovic.com\\\/proizvod\\\/jutarnji-snovi-1-3\\\/#primaryimage\",\"url\":\"https:\\\/\\\/ranko-ajdinovic.com\\\/wp-content\\\/uploads\\\/2025\\\/09\\\/1000-x-800.jpg\",\"contentUrl\":\"https:\\\/\\\/ranko-ajdinovic.com\\\/wp-content\\\/uploads\\\/2025\\\/09\\\/1000-x-800.jpg\",\"width\":1000,\"height\":800,\"caption\":\"Apstrakcija na platnu velikog formata 100 x 100 cm\"},{\"@type\":\"BreadcrumbList\",\"@id\":\"https:\\\/\\\/ranko-ajdinovic.com\\\/proizvod\\\/jutarnji-snovi-1-3\\\/#breadcrumb\",\"itemListElement\":[{\"@type\":\"ListItem\",\"position\":1,\"name\":\"Home\",\"item\":\"https:\\\/\\\/ranko-ajdinovic.com\\\/\"},{\"@type\":\"ListItem\",\"position\":2,\"name\":\"Trgovina\",\"item\":\"https:\\\/\\\/ranko-ajdinovic.com\\\/trgovina\\\/\"},{\"@type\":\"ListItem\",\"position\":3,\"name\":\"Jutarnji snovi 22\"}]},{\"@type\":\"WebSite\",\"@id\":\"https:\\\/\\\/ranko-ajdinovic.com\\\/#website\",\"url\":\"https:\\\/\\\/ranko-ajdinovic.com\\\/\",\"name\":\"Ranko Ajdinovic - Moderne slike\",\"description\":\"\",\"publisher\":{\"@id\":\"https:\\\/\\\/ranko-ajdinovic.com\\\/#\\\/schema\\\/person\\\/0cefe097e1f0568f925016a168bdeba6\"},\"potentialAction\":[{\"@type\":\"SearchAction\",\"target\":{\"@type\":\"EntryPoint\",\"urlTemplate\":\"https:\\\/\\\/ranko-ajdinovic.com\\\/?s={search_term_string}\"},\"query-input\":{\"@type\":\"PropertyValueSpecification\",\"valueRequired\":true,\"valueName\":\"search_term_string\"}}],\"inLanguage\":\"en-US\"},{\"@type\":[\"Person\",\"Organization\"],\"@id\":\"https:\\\/\\\/ranko-ajdinovic.com\\\/#\\\/schema\\\/person\\\/0cefe097e1f0568f925016a168bdeba6\",\"name\":\"admin\",\"image\":{\"@type\":\"ImageObject\",\"inLanguage\":\"en-US\",\"@id\":\"https:\\\/\\\/secure.gravatar.com\\\/avatar\\\/049d970c38cf58812832cd99b964dcdfd90456c8fd7f47da68257f5b08cf289e?s=96&d=mm&r=g\",\"url\":\"https:\\\/\\\/secure.gravatar.com\\\/avatar\\\/049d970c38cf58812832cd99b964dcdfd90456c8fd7f47da68257f5b08cf289e?s=96&d=mm&r=g\",\"contentUrl\":\"https:\\\/\\\/secure.gravatar.com\\\/avatar\\\/049d970c38cf58812832cd99b964dcdfd90456c8fd7f47da68257f5b08cf289e?s=96&d=mm&r=g\",\"caption\":\"admin\"},\"logo\":{\"@id\":\"https:\\\/\\\/secure.gravatar.com\\\/avatar\\\/049d970c38cf58812832cd99b964dcdfd90456c8fd7f47da68257f5b08cf289e?s=96&d=mm&r=g\"},\"sameAs\":[\"https:\\\/\\\/ranko-ajdinovic.com\"]}]}<\/script>\n<!-- \/ Yoast SEO plugin. -->","yoast_head_json":{"title":"Jutarnji snovi 22 &#8226; Ranko Ajdinovic - Moderne slike","robots":{"index":"index","follow":"follow","max-snippet":"max-snippet:-1","max-image-preview":"max-image-preview:large","max-video-preview":"max-video-preview:-1"},"canonical":"https:\/\/ranko-ajdinovic.com\/en\/product\/jutarnji-snovi-1-3\/","og_locale":"en_US","og_type":"article","og_title":"Jutarnji snovi 22 &#8226; Ranko Ajdinovic - Moderne slike","og_description":"Apstraktna slika velikog formata na platnu \u201cJutarnji snovi 2\u201d za moderni interijer. Ovo je originalno umjetni\u010dko djelo , jedno jedino u svijetu kao takvo i spremno je da ga odmah postavite na Va\u0161 zid. Ovo je kvadratno platno i napeto je na drveni profesionalni galerijski okvir. Slika je nastala po\u010detkom 2017. Tehnika je akril na [&hellip;]","og_url":"https:\/\/ranko-ajdinovic.com\/en\/product\/jutarnji-snovi-1-3\/","og_site_name":"Ranko Ajdinovic - Moderne slike","article_modified_time":"2025-09-10T15:31:59+00:00","og_image":[{"width":1000,"height":800,"url":"https:\/\/ranko-ajdinovic.com\/wp-content\/uploads\/2025\/09\/1000-x-800.jpg","type":"image\/jpeg"}],"twitter_card":"summary_large_image","twitter_misc":{"Est. reading time":"1 minute"},"schema":{"@context":"https:\/\/schema.org","@graph":[{"@type":"WebPage","@id":"https:\/\/ranko-ajdinovic.com\/proizvod\/jutarnji-snovi-1-3\/","url":"https:\/\/ranko-ajdinovic.com\/proizvod\/jutarnji-snovi-1-3\/","name":"Jutarnji snovi 22 &#8226; Ranko Ajdinovic - Moderne slike","isPartOf":{"@id":"https:\/\/ranko-ajdinovic.com\/#website"},"primaryImageOfPage":{"@id":"https:\/\/ranko-ajdinovic.com\/proizvod\/jutarnji-snovi-1-3\/#primaryimage"},"image":{"@id":"https:\/\/ranko-ajdinovic.com\/proizvod\/jutarnji-snovi-1-3\/#primaryimage"},"thumbnailUrl":"https:\/\/ranko-ajdinovic.com\/wp-content\/uploads\/2025\/09\/1000-x-800.jpg","datePublished":"2017-04-08T22:29:46+00:00","dateModified":"2025-09-10T15:31:59+00:00","breadcrumb":{"@id":"https:\/\/ranko-ajdinovic.com\/proizvod\/jutarnji-snovi-1-3\/#breadcrumb"},"inLanguage":"en-US","potentialAction":[{"@type":"ReadAction","target":["https:\/\/ranko-ajdinovic.com\/proizvod\/jutarnji-snovi-1-3\/"]}]},{"@type":"ImageObject","inLanguage":"en-US","@id":"https:\/\/ranko-ajdinovic.com\/proizvod\/jutarnji-snovi-1-3\/#primaryimage","url":"https:\/\/ranko-ajdinovic.com\/wp-content\/uploads\/2025\/09\/1000-x-800.jpg","contentUrl":"https:\/\/ranko-ajdinovic.com\/wp-content\/uploads\/2025\/09\/1000-x-800.jpg","width":1000,"height":800,"caption":"Apstrakcija na platnu velikog formata 100 x 100 cm"},{"@type":"BreadcrumbList","@id":"https:\/\/ranko-ajdinovic.com\/proizvod\/jutarnji-snovi-1-3\/#breadcrumb","itemListElement":[{"@type":"ListItem","position":1,"name":"Home","item":"https:\/\/ranko-ajdinovic.com\/"},{"@type":"ListItem","position":2,"name":"Trgovina","item":"https:\/\/ranko-ajdinovic.com\/trgovina\/"},{"@type":"ListItem","position":3,"name":"Jutarnji snovi 22"}]},{"@type":"WebSite","@id":"https:\/\/ranko-ajdinovic.com\/#website","url":"https:\/\/ranko-ajdinovic.com\/","name":"Ranko Ajdinovic - Modern pictures","description":"","publisher":{"@id":"https:\/\/ranko-ajdinovic.com\/#\/schema\/person\/0cefe097e1f0568f925016a168bdeba6"},"potentialAction":[{"@type":"SearchAction","target":{"@type":"EntryPoint","urlTemplate":"https:\/\/ranko-ajdinovic.com\/?s={search_term_string}"},"query-input":{"@type":"PropertyValueSpecification","valueRequired":true,"valueName":"search_term_string"}}],"inLanguage":"en-US"},{"@type":["Person","Organization"],"@id":"https:\/\/ranko-ajdinovic.com\/#\/schema\/person\/0cefe097e1f0568f925016a168bdeba6","name":"admin","image":{"@type":"ImageObject","inLanguage":"en-US","@id":"https:\/\/secure.gravatar.com\/avatar\/049d970c38cf58812832cd99b964dcdfd90456c8fd7f47da68257f5b08cf289e?s=96&d=mm&r=g","url":"https:\/\/secure.gravatar.com\/avatar\/049d970c38cf58812832cd99b964dcdfd90456c8fd7f47da68257f5b08cf289e?s=96&d=mm&r=g","contentUrl":"https:\/\/secure.gravatar.com\/avatar\/049d970c38cf58812832cd99b964dcdfd90456c8fd7f47da68257f5b08cf289e?s=96&d=mm&r=g","caption":"admin"},"logo":{"@id":"https:\/\/secure.gravatar.com\/avatar\/049d970c38cf58812832cd99b964dcdfd90456c8fd7f47da68257f5b08cf289e?s=96&d=mm&r=g"},"sameAs":["https:\/\/ranko-ajdinovic.com"]}]}},"_links":{"self":[{"href":"https:\/\/ranko-ajdinovic.com\/en\/wp-json\/wp\/v2\/product\/1891","targetHints":{"allow":["GET"]}}],"collection":[{"href":"https:\/\/ranko-ajdinovic.com\/en\/wp-json\/wp\/v2\/product"}],"about":[{"href":"https:\/\/ranko-ajdinovic.com\/en\/wp-json\/wp\/v2\/types\/product"}],"wp:featuredmedia":[{"embeddable":true,"href":"https:\/\/ranko-ajdinovic.com\/en\/wp-json\/wp\/v2\/media\/1892"}],"wp:attachment":[{"href":"https:\/\/ranko-ajdinovic.com\/en\/wp-json\/wp\/v2\/media?parent=1891"}],"wp:term":[{"taxonomy":"product_brand","embeddable":true,"href":"https:\/\/ranko-ajdinovic.com\/en\/wp-json\/wp\/v2\/product_brand?post=1891"},{"taxonomy":"product_cat","embeddable":true,"href":"https:\/\/ranko-ajdinovic.com\/en\/wp-json\/wp\/v2\/product_cat?post=1891"},{"taxonomy":"product_tag","embeddable":true,"href":"https:\/\/ranko-ajdinovic.com\/en\/wp-json\/wp\/v2\/product_tag?post=1891"}],"curies":[{"name":"wp","href":"https:\/\/api.w.org\/{rel}","templated":true}]}}