{"id":2626,"date":"2019-01-16T14:49:04","date_gmt":"2019-01-16T14:49:04","guid":{"rendered":"https:\/\/ranko-ajdinovic.com\/?post_type=product&#038;p=2626"},"modified":"2025-09-10T15:32:22","modified_gmt":"2025-09-10T15:32:22","slug":"unutarnji-pejzaz-o-14","status":"publish","type":"product","link":"https:\/\/ranko-ajdinovic.com\/en\/product\/unutarnji-pejzaz-o-14\/","title":{"rendered":"Unutarnji pejza\u017e O 14"},"content":{"rendered":"<p style=\"text-align: center;\">Umjetni\u010dka slika apstraktni pejza\u017e &#8221; Unutarnji pejza\u017e O 14 &#8221; je originalno umjetni\u010dko djelo, jedno jedino u svijetu kao takvo. Slika je izvedena u suvremenom stilu i nastala je u 2019. godini. Tehnika je akril kombinirano na platnu koje je napeto na drvenim letvicama. Pripremljena i spremna za postavljanje na zid, te nije potrebno dodatno uramljivanje.\u00a0 Za svaku kupljenu umjetni\u010dku sliku izdajem ovjeren i ru\u010dno potpisan certifikat autenti\u010dnosti. Ova suvremena slika izvedena je u teksturnim nanosima boje (vidi detalje na fotografijama u galeriji). Izvrstan je autorski primjerak sa potpisom koji nosi stvarnu umjetni\u010dku energiju i trajnu vrijednost u Va\u0161 prostor, te kao takav oplemenit \u0107e svaki interijer, bilo da se radi o stanu, ku\u0107i, apartmanu ili poslovnom prostoru.<\/p>\n<h3 style=\"text-align: center;\">\u00a0\u00a0\u00a0 Characteristics of the artwork:<\/h3>\n<p style=\"text-align: center;\">Naziv: &#8221; Unutarnji pejza\u017e O 14 &#8220;<\/p>\n<p style=\"text-align: center;\">Izvedba: originalna slika sa potpisom autora<br \/>\nTehnika: akril kombinirano na platnu<br \/>\nDimenzije: 40 x 40 cm<br \/>\nMaterijali: Akril, uljni pastel, sprej, ugljen<br \/>\nGodina: 2019<br \/>\nStil: Moderna\u00a0 umjetnost<br \/>\n*** The painting is ready to be hung on the wall ***<\/p>\n<p style=\"text-align: center;\">Bilo da ste kolekcionar ili prvi put kupujete umjetninu, najbolji i najsigurniji na\u010din kupnje autenti\u010dne originalne umjetnine je direktno preko autora, stoga stojim Vam na usluzi.<\/p>\n<h3 style=\"text-align: center;\">Delivery and other conditions:<\/h3>\n<p style=\"text-align: center;\">&#8211; Dodatni okvir je prikazan iz ilustrativnih razloga, te nije uklju\u010den uz sliku<br \/>\n&#8211; Po\u0161tarina je besplatna za ovu umjetni\u010dku sliku<br \/>\n&#8211; Slike pakiram sa velikom pa\u017enjom, \u0161aljem ih brzo i sigurno \u0161irom lijepe na\u0161e<br \/>\nzemaljske kugle.<br \/>\n&#8211; Umjetni\u010dke radove na papiru \u0161aljem zarolane u za\u0161titnoj tubi. Ako je<br \/>\nrije\u010d o radovima na platnu koja su napeta na drveni okvir onda ih \u0161aljem kao takve (spremne za postavljanje na zid),<br \/>\nu za\u0161titnoj kutiji oblo\u017eenoj stiroporom sa unutra\u0161nje strane.<br \/>\n&#8211; Rok isporuke u Hrvatskoj je 2-3 dana za ostale zemlje u svijetu 5 &#8211; 12 dana<\/p>\n<h3 style=\"text-align: center;\">Security guarantee:<\/h3>\n<p style=\"text-align: center;\">- If you are not satisfied with the picture after purchase, for any reason, within 30 days you can exchange it for another one (you pay the return postage) or ask for a full refund.<\/p>\n<p>&nbsp;<\/p>\n<p style=\"text-align: center;\">Other images currently available for purchase can be found at <a href=\"https:\/\/ranko-ajdinovic.com\/en\/apstraktne-slike-ajdinovic-shop\/\">OVDJE<\/a><\/p>\n<p>&nbsp;<\/p>\n<p>&nbsp;<\/p>\n<p style=\"text-align: center;\">I am at your disposal for all other questions.<\/p>","protected":false},"excerpt":{"rendered":"<p>Umjetni\u010dka slika apstraktni pejza\u017e &#8221; Unutarnji pejza\u017e O 14 &#8221; je originalno umjetni\u010dko djelo, jedno jedino u svijetu kao takvo. Slika je izvedena u suvremenom stilu i nastala je u 2019. godini. Tehnika je akril kombinirano na platnu koje je napeto na drvenim letvicama. Pripremljena i spremna za postavljanje na zid, te nije potrebno dodatno [&hellip;]<\/p>\n","protected":false},"featured_media":2627,"template":"","meta":[],"product_brand":[],"product_cat":[22],"product_tag":[236,170,171,237,238,213,172,108,224,174,176,239],"class_list":{"0":"post-2626","1":"product","2":"type-product","3":"status-publish","4":"has-post-thumbnail","6":"product_cat-originali","7":"product_tag-40-x-40-cm","8":"product_tag-apstraktne-slike-na-platnu","9":"product_tag-kvadratna-moderna-slika","10":"product_tag-mala-apstrakcija","11":"product_tag-mala-apstraktna-slika","12":"product_tag-moderna-slika-mala","13":"product_tag-moderna-umjetnicka-slika","14":"product_tag-pejzaz-apstrakcija","15":"product_tag-slika-na-platnu-ajdinovic","16":"product_tag-slike-na-platnu-apstrakcije","17":"product_tag-umjetnicka-slika-apstrakcija","18":"product_tag-unutarnji-pejzaz-o-14","20":"first","21":"outofstock","22":"sold-individually","23":"shipping-taxable","24":"product-type-simple"},"yoast_head":"<!-- This site is optimized with the Yoast SEO plugin v27.3 - https:\/\/yoast.com\/product\/yoast-seo-wordpress\/ -->\n<title>Mala apstraktna slika na platnu,moderna umjetnost za ure\u0111enje apartmana<\/title>\n<meta name=\"description\" content=\"Mala apstraktna slika na platnu, umjetni\u010dka slika &quot; Unutarnji pejza\u017e O 14&quot; hrvatskog modernog slikara Ranka Ajdinovi\u0107a za moderno ure\u0111enje apartmana\" \/>\n<meta name=\"robots\" content=\"index, follow, max-snippet:-1, max-image-preview:large, max-video-preview:-1\" \/>\n<link rel=\"canonical\" href=\"https:\/\/ranko-ajdinovic.com\/en\/product\/unutarnji-pejzaz-o-14\/\" \/>\n<meta property=\"og:locale\" content=\"en_US\" \/>\n<meta property=\"og:type\" content=\"article\" \/>\n<meta property=\"og:title\" content=\"Mala apstraktna slika na platnu,moderna umjetnost za ure\u0111enje apartmana\" \/>\n<meta property=\"og:description\" content=\"Mala apstraktna slika na platnu, umjetni\u010dka slika &quot; Unutarnji pejza\u017e O 14&quot; hrvatskog modernog slikara Ranka Ajdinovi\u0107a za moderno ure\u0111enje apartmana\" \/>\n<meta property=\"og:url\" content=\"https:\/\/ranko-ajdinovic.com\/en\/product\/unutarnji-pejzaz-o-14\/\" \/>\n<meta property=\"og:site_name\" content=\"Ranko Ajdinovic - Moderne slike\" \/>\n<meta property=\"article:modified_time\" content=\"2025-09-10T15:32:22+00:00\" \/>\n<meta property=\"og:image\" content=\"https:\/\/ranko-ajdinovic.com\/wp-content\/uploads\/2025\/09\/Unutarni-pejzaz-O-14-1.jpg\" \/>\n\t<meta property=\"og:image:width\" content=\"900\" \/>\n\t<meta property=\"og:image:height\" content=\"906\" \/>\n\t<meta property=\"og:image:type\" content=\"image\/jpeg\" \/>\n<meta name=\"twitter:card\" content=\"summary_large_image\" \/>\n<meta name=\"twitter:label1\" content=\"Est. reading time\" \/>\n\t<meta name=\"twitter:data1\" content=\"2 minutes\" \/>\n<script type=\"application\/ld+json\" class=\"yoast-schema-graph\">{\"@context\":\"https:\\\/\\\/schema.org\",\"@graph\":[{\"@type\":\"WebPage\",\"@id\":\"https:\\\/\\\/ranko-ajdinovic.com\\\/proizvod\\\/unutarnji-pejzaz-o-14\\\/\",\"url\":\"https:\\\/\\\/ranko-ajdinovic.com\\\/proizvod\\\/unutarnji-pejzaz-o-14\\\/\",\"name\":\"Mala apstraktna slika na platnu,moderna umjetnost za ure\u0111enje apartmana\",\"isPartOf\":{\"@id\":\"https:\\\/\\\/ranko-ajdinovic.com\\\/#website\"},\"primaryImageOfPage\":{\"@id\":\"https:\\\/\\\/ranko-ajdinovic.com\\\/proizvod\\\/unutarnji-pejzaz-o-14\\\/#primaryimage\"},\"image\":{\"@id\":\"https:\\\/\\\/ranko-ajdinovic.com\\\/proizvod\\\/unutarnji-pejzaz-o-14\\\/#primaryimage\"},\"thumbnailUrl\":\"https:\\\/\\\/ranko-ajdinovic.com\\\/wp-content\\\/uploads\\\/2025\\\/09\\\/Unutarni-pejzaz-O-14-1.jpg\",\"datePublished\":\"2019-01-16T14:49:04+00:00\",\"dateModified\":\"2025-09-10T15:32:22+00:00\",\"description\":\"Mala apstraktna slika na platnu, umjetni\u010dka slika \\\" Unutarnji pejza\u017e O 14\\\" hrvatskog modernog slikara Ranka Ajdinovi\u0107a za moderno ure\u0111enje apartmana\",\"breadcrumb\":{\"@id\":\"https:\\\/\\\/ranko-ajdinovic.com\\\/proizvod\\\/unutarnji-pejzaz-o-14\\\/#breadcrumb\"},\"inLanguage\":\"en-US\",\"potentialAction\":[{\"@type\":\"ReadAction\",\"target\":[\"https:\\\/\\\/ranko-ajdinovic.com\\\/proizvod\\\/unutarnji-pejzaz-o-14\\\/\"]}]},{\"@type\":\"ImageObject\",\"inLanguage\":\"en-US\",\"@id\":\"https:\\\/\\\/ranko-ajdinovic.com\\\/proizvod\\\/unutarnji-pejzaz-o-14\\\/#primaryimage\",\"url\":\"https:\\\/\\\/ranko-ajdinovic.com\\\/wp-content\\\/uploads\\\/2025\\\/09\\\/Unutarni-pejzaz-O-14-1.jpg\",\"contentUrl\":\"https:\\\/\\\/ranko-ajdinovic.com\\\/wp-content\\\/uploads\\\/2025\\\/09\\\/Unutarni-pejzaz-O-14-1.jpg\",\"width\":900,\"height\":906,\"caption\":\"Mala apstraktna slika na platnu\"},{\"@type\":\"BreadcrumbList\",\"@id\":\"https:\\\/\\\/ranko-ajdinovic.com\\\/proizvod\\\/unutarnji-pejzaz-o-14\\\/#breadcrumb\",\"itemListElement\":[{\"@type\":\"ListItem\",\"position\":1,\"name\":\"Home\",\"item\":\"https:\\\/\\\/ranko-ajdinovic.com\\\/\"},{\"@type\":\"ListItem\",\"position\":2,\"name\":\"Trgovina\",\"item\":\"https:\\\/\\\/ranko-ajdinovic.com\\\/trgovina\\\/\"},{\"@type\":\"ListItem\",\"position\":3,\"name\":\"Unutarnji pejza\u017e O 14\"}]},{\"@type\":\"WebSite\",\"@id\":\"https:\\\/\\\/ranko-ajdinovic.com\\\/#website\",\"url\":\"https:\\\/\\\/ranko-ajdinovic.com\\\/\",\"name\":\"Ranko Ajdinovic - Moderne slike\",\"description\":\"\",\"publisher\":{\"@id\":\"https:\\\/\\\/ranko-ajdinovic.com\\\/#\\\/schema\\\/person\\\/0cefe097e1f0568f925016a168bdeba6\"},\"potentialAction\":[{\"@type\":\"SearchAction\",\"target\":{\"@type\":\"EntryPoint\",\"urlTemplate\":\"https:\\\/\\\/ranko-ajdinovic.com\\\/?s={search_term_string}\"},\"query-input\":{\"@type\":\"PropertyValueSpecification\",\"valueRequired\":true,\"valueName\":\"search_term_string\"}}],\"inLanguage\":\"en-US\"},{\"@type\":[\"Person\",\"Organization\"],\"@id\":\"https:\\\/\\\/ranko-ajdinovic.com\\\/#\\\/schema\\\/person\\\/0cefe097e1f0568f925016a168bdeba6\",\"name\":\"admin\",\"image\":{\"@type\":\"ImageObject\",\"inLanguage\":\"en-US\",\"@id\":\"https:\\\/\\\/secure.gravatar.com\\\/avatar\\\/049d970c38cf58812832cd99b964dcdfd90456c8fd7f47da68257f5b08cf289e?s=96&d=mm&r=g\",\"url\":\"https:\\\/\\\/secure.gravatar.com\\\/avatar\\\/049d970c38cf58812832cd99b964dcdfd90456c8fd7f47da68257f5b08cf289e?s=96&d=mm&r=g\",\"contentUrl\":\"https:\\\/\\\/secure.gravatar.com\\\/avatar\\\/049d970c38cf58812832cd99b964dcdfd90456c8fd7f47da68257f5b08cf289e?s=96&d=mm&r=g\",\"caption\":\"admin\"},\"logo\":{\"@id\":\"https:\\\/\\\/secure.gravatar.com\\\/avatar\\\/049d970c38cf58812832cd99b964dcdfd90456c8fd7f47da68257f5b08cf289e?s=96&d=mm&r=g\"},\"sameAs\":[\"https:\\\/\\\/ranko-ajdinovic.com\"]}]}<\/script>\n<!-- \/ Yoast SEO plugin. -->","yoast_head_json":{"title":"Mala apstraktna slika na platnu,moderna umjetnost za ure\u0111enje apartmana","description":"Mala apstraktna slika na platnu, umjetni\u010dka slika \" Unutarnji pejza\u017e O 14\" hrvatskog modernog slikara Ranka Ajdinovi\u0107a za moderno ure\u0111enje apartmana","robots":{"index":"index","follow":"follow","max-snippet":"max-snippet:-1","max-image-preview":"max-image-preview:large","max-video-preview":"max-video-preview:-1"},"canonical":"https:\/\/ranko-ajdinovic.com\/en\/product\/unutarnji-pejzaz-o-14\/","og_locale":"en_US","og_type":"article","og_title":"Mala apstraktna slika na platnu,moderna umjetnost za ure\u0111enje apartmana","og_description":"Mala apstraktna slika na platnu, umjetni\u010dka slika \" Unutarnji pejza\u017e O 14\" hrvatskog modernog slikara Ranka Ajdinovi\u0107a za moderno ure\u0111enje apartmana","og_url":"https:\/\/ranko-ajdinovic.com\/en\/product\/unutarnji-pejzaz-o-14\/","og_site_name":"Ranko Ajdinovic - Moderne slike","article_modified_time":"2025-09-10T15:32:22+00:00","og_image":[{"width":900,"height":906,"url":"https:\/\/ranko-ajdinovic.com\/wp-content\/uploads\/2025\/09\/Unutarni-pejzaz-O-14-1.jpg","type":"image\/jpeg"}],"twitter_card":"summary_large_image","twitter_misc":{"Est. reading time":"2 minutes"},"schema":{"@context":"https:\/\/schema.org","@graph":[{"@type":"WebPage","@id":"https:\/\/ranko-ajdinovic.com\/proizvod\/unutarnji-pejzaz-o-14\/","url":"https:\/\/ranko-ajdinovic.com\/proizvod\/unutarnji-pejzaz-o-14\/","name":"Mala apstraktna slika na platnu,moderna umjetnost za ure\u0111enje apartmana","isPartOf":{"@id":"https:\/\/ranko-ajdinovic.com\/#website"},"primaryImageOfPage":{"@id":"https:\/\/ranko-ajdinovic.com\/proizvod\/unutarnji-pejzaz-o-14\/#primaryimage"},"image":{"@id":"https:\/\/ranko-ajdinovic.com\/proizvod\/unutarnji-pejzaz-o-14\/#primaryimage"},"thumbnailUrl":"https:\/\/ranko-ajdinovic.com\/wp-content\/uploads\/2025\/09\/Unutarni-pejzaz-O-14-1.jpg","datePublished":"2019-01-16T14:49:04+00:00","dateModified":"2025-09-10T15:32:22+00:00","description":"Mala apstraktna slika na platnu, umjetni\u010dka slika \" Unutarnji pejza\u017e O 14\" hrvatskog modernog slikara Ranka Ajdinovi\u0107a za moderno ure\u0111enje apartmana","breadcrumb":{"@id":"https:\/\/ranko-ajdinovic.com\/proizvod\/unutarnji-pejzaz-o-14\/#breadcrumb"},"inLanguage":"en-US","potentialAction":[{"@type":"ReadAction","target":["https:\/\/ranko-ajdinovic.com\/proizvod\/unutarnji-pejzaz-o-14\/"]}]},{"@type":"ImageObject","inLanguage":"en-US","@id":"https:\/\/ranko-ajdinovic.com\/proizvod\/unutarnji-pejzaz-o-14\/#primaryimage","url":"https:\/\/ranko-ajdinovic.com\/wp-content\/uploads\/2025\/09\/Unutarni-pejzaz-O-14-1.jpg","contentUrl":"https:\/\/ranko-ajdinovic.com\/wp-content\/uploads\/2025\/09\/Unutarni-pejzaz-O-14-1.jpg","width":900,"height":906,"caption":"Mala apstraktna slika na platnu"},{"@type":"BreadcrumbList","@id":"https:\/\/ranko-ajdinovic.com\/proizvod\/unutarnji-pejzaz-o-14\/#breadcrumb","itemListElement":[{"@type":"ListItem","position":1,"name":"Home","item":"https:\/\/ranko-ajdinovic.com\/"},{"@type":"ListItem","position":2,"name":"Trgovina","item":"https:\/\/ranko-ajdinovic.com\/trgovina\/"},{"@type":"ListItem","position":3,"name":"Unutarnji pejza\u017e O 14"}]},{"@type":"WebSite","@id":"https:\/\/ranko-ajdinovic.com\/#website","url":"https:\/\/ranko-ajdinovic.com\/","name":"Ranko Ajdinovic - Modern pictures","description":"","publisher":{"@id":"https:\/\/ranko-ajdinovic.com\/#\/schema\/person\/0cefe097e1f0568f925016a168bdeba6"},"potentialAction":[{"@type":"SearchAction","target":{"@type":"EntryPoint","urlTemplate":"https:\/\/ranko-ajdinovic.com\/?s={search_term_string}"},"query-input":{"@type":"PropertyValueSpecification","valueRequired":true,"valueName":"search_term_string"}}],"inLanguage":"en-US"},{"@type":["Person","Organization"],"@id":"https:\/\/ranko-ajdinovic.com\/#\/schema\/person\/0cefe097e1f0568f925016a168bdeba6","name":"admin","image":{"@type":"ImageObject","inLanguage":"en-US","@id":"https:\/\/secure.gravatar.com\/avatar\/049d970c38cf58812832cd99b964dcdfd90456c8fd7f47da68257f5b08cf289e?s=96&d=mm&r=g","url":"https:\/\/secure.gravatar.com\/avatar\/049d970c38cf58812832cd99b964dcdfd90456c8fd7f47da68257f5b08cf289e?s=96&d=mm&r=g","contentUrl":"https:\/\/secure.gravatar.com\/avatar\/049d970c38cf58812832cd99b964dcdfd90456c8fd7f47da68257f5b08cf289e?s=96&d=mm&r=g","caption":"admin"},"logo":{"@id":"https:\/\/secure.gravatar.com\/avatar\/049d970c38cf58812832cd99b964dcdfd90456c8fd7f47da68257f5b08cf289e?s=96&d=mm&r=g"},"sameAs":["https:\/\/ranko-ajdinovic.com"]}]}},"_links":{"self":[{"href":"https:\/\/ranko-ajdinovic.com\/en\/wp-json\/wp\/v2\/product\/2626","targetHints":{"allow":["GET"]}}],"collection":[{"href":"https:\/\/ranko-ajdinovic.com\/en\/wp-json\/wp\/v2\/product"}],"about":[{"href":"https:\/\/ranko-ajdinovic.com\/en\/wp-json\/wp\/v2\/types\/product"}],"wp:featuredmedia":[{"embeddable":true,"href":"https:\/\/ranko-ajdinovic.com\/en\/wp-json\/wp\/v2\/media\/2627"}],"wp:attachment":[{"href":"https:\/\/ranko-ajdinovic.com\/en\/wp-json\/wp\/v2\/media?parent=2626"}],"wp:term":[{"taxonomy":"product_brand","embeddable":true,"href":"https:\/\/ranko-ajdinovic.com\/en\/wp-json\/wp\/v2\/product_brand?post=2626"},{"taxonomy":"product_cat","embeddable":true,"href":"https:\/\/ranko-ajdinovic.com\/en\/wp-json\/wp\/v2\/product_cat?post=2626"},{"taxonomy":"product_tag","embeddable":true,"href":"https:\/\/ranko-ajdinovic.com\/en\/wp-json\/wp\/v2\/product_tag?post=2626"}],"curies":[{"name":"wp","href":"https:\/\/api.w.org\/{rel}","templated":true}]}}