{"id":3325,"date":"2019-12-16T18:55:01","date_gmt":"2019-12-16T18:55:01","guid":{"rendered":"https:\/\/ranko-ajdinovic.com\/?post_type=product&#038;p=3325"},"modified":"2025-09-10T15:32:51","modified_gmt":"2025-09-10T15:32:51","slug":"slika-na-platnu-kompozicija-sa-11","status":"publish","type":"product","link":"https:\/\/ranko-ajdinovic.com\/en\/product\/slika-na-platnu-kompozicija-sa-11\/","title":{"rendered":"&#8221; Kompozicija sa 11 &#8220;"},"content":{"rendered":"<p style=\"text-align: center;\">Velika moderna umjetni\u010dka slika na platnu slikara Ajdinovi\u0107 Ranka, &#8221; Kompozicija sa 11 &#8221; jedini je primjerak u svijetu kao takav.<br \/>\nSlika je izvedena u modernom stilu i nastala je u 2019. godini. Tehnika je<br \/>\nakril kombinirano na platnu koje je napeto na profesionalnim drvenim letvicama. Pripremljena je i spremna za postavljanje<br \/>\nna zid, te nije potrebno dodatno uramljivanje.\u00a0 Za svaku kupljenu umjetni\u010dku sliku izdajem ovjeren i ru\u010dno potpisan<br \/>\ncertifikat autenti\u010dnosti. Ova apstraktna, moderna slika izvrstan je autorski primjerak sa potpisom koji nosi stvarnu<br \/>\numjetni\u010dku energiju, i trajnu vrijednost u Va\u0161 prostor. Kao takva oplemenit \u0107e svaki interijer i ljude koji u njemu borave.<br \/>\nSlika je prikladna za ve\u0107inu prostora, bilo da se radi o stanu, ku\u0107i, apartmanu, hotelu ili poslovnom uredu.<br \/>\nFormat slike je kvadratni.<\/p>\n<h3 style=\"text-align: center;\">\u00a0\u00a0\u00a0 Characteristics of the artwork:<\/h3>\n<p style=\"text-align: center;\">Izvedba: Apstraktni pejza\u017e<br \/>\nTehnika: akril kombinirano na platnu<br \/>\nNaziv: &#8221; Kompozicija sa 11 &#8221;<br \/>\nDimenzije: 70 x 70 cm<br \/>\nMaterijali: Akril, uljni pastel, sprej, ugljen<br \/>\nGodina: 2019<br \/>\nStil: Apstraktno slikarstvo<\/p>\n<p style=\"text-align: center;\">*** The painting is ready to be hung on the wall ***<\/p>\n<p style=\"text-align: center;\" class=\"translation-block\">Whether you are a collector or a first-time art buyer, the best and safest way to purchase authentic original art is directly from the artist, so I am at your service.<\/p>\n<h3 style=\"text-align: center;\">Delivery and other conditions:<\/h3>\n<p style=\"text-align: center;\">&#8211; Okvir je prikazan iz ilustrativnih razloga, te nije uklju\u010den uz sliku<br \/>\n&#8211; Po\u0161tarina je besplatna za ovu umjetni\u010dku sliku<br \/>\n&#8211; Slike pakiram sa velikom pa\u017enjom, \u0161aljem ih brzo i sigurno \u0161irom lijepe na\u0161e<br \/>\nzemaljske kugle.<br \/>\n&#8211; Umjetni\u010dke radove na papiru \u0161aljem zarolane u za\u0161titnoj tubi. Ako je<br \/>\nrije\u010d o radovima na platnu koja su napeta na drveni okvir onda ih \u0161aljem kao takve ( spremne za postavljanje na zid )<br \/>\nu za\u0161titnoj kutiji oblo\u017eenoj stiroporom sa unutra\u0161nje strane.<br \/>\n&#8211; Rok isporuke u Hrvatskoj je 2-3 dana za ostale zemlje u svijetu 5 &#8211; 12 dana<\/p>\n<h3 style=\"text-align: center;\">Security guarantee:<\/h3>\n<p style=\"text-align: center;\">- If you are not satisfied with the picture after purchase, for any reason, within 30 days you can exchange it for another one (you pay the return postage) or ask for a full refund.<\/p>\n<h2><\/h2>\n<h3><\/h3>\n<h3 style=\"text-align: center;\">Other images currently available for purchase can be found at <a href=\"https:\/\/ranko-ajdinovic.com\/en\/apstraktne-slike-ajdinovic-shop\/\">SHOP<\/a><\/h3>\n<p>&nbsp;<\/p>\n<p>&nbsp;<\/p>\n<p style=\"text-align: center;\">I am at your disposal for all other questions.<\/p>","protected":false},"excerpt":{"rendered":"<p>Velika moderna umjetni\u010dka slika na platnu slikara Ajdinovi\u0107 Ranka, &#8221; Kompozicija sa 11 &#8221; jedini je primjerak u svijetu kao takav. Slika je izvedena u modernom stilu i nastala je u 2019. godini. Tehnika je akril kombinirano na platnu koje je napeto na profesionalnim drvenim letvicama. Pripremljena je i spremna za postavljanje na zid, te [&hellip;]<\/p>\n","protected":false},"featured_media":3326,"template":"","meta":[],"product_brand":[],"product_cat":[22],"product_tag":[],"class_list":{"0":"post-3325","1":"product","2":"type-product","3":"status-publish","4":"has-post-thumbnail","6":"product_cat-originali","8":"first","9":"outofstock","10":"sold-individually","11":"shipping-taxable","12":"purchasable","13":"product-type-simple"},"yoast_head":"<!-- This site is optimized with the Yoast SEO plugin v27.3 - https:\/\/yoast.com\/product\/yoast-seo-wordpress\/ -->\n<title>Slika na platnu moderna apstrakcija Ajdinovi\u0107 Ranka akademskog slikara<\/title>\n<meta name=\"description\" content=\"Slika na platnu moderna apstrakcija za stan slikara Ajdinovi\u0107 Ranka. Tehnika umjetni\u010dke slike je akril kombinirano na velikom kvadratnom platnu-\" \/>\n<meta name=\"robots\" content=\"index, follow, max-snippet:-1, max-image-preview:large, max-video-preview:-1\" \/>\n<link rel=\"canonical\" href=\"https:\/\/ranko-ajdinovic.com\/en\/product\/slika-na-platnu-kompozicija-sa-11\/\" \/>\n<meta property=\"og:locale\" content=\"en_US\" \/>\n<meta property=\"og:type\" content=\"article\" \/>\n<meta property=\"og:title\" content=\"Slika na platnu moderna apstrakcija Ajdinovi\u0107 Ranka akademskog slikara\" \/>\n<meta property=\"og:description\" content=\"Slika na platnu moderna apstrakcija za stan slikara Ajdinovi\u0107 Ranka. Tehnika umjetni\u010dke slike je akril kombinirano na velikom kvadratnom platnu-\" \/>\n<meta property=\"og:url\" content=\"https:\/\/ranko-ajdinovic.com\/en\/product\/slika-na-platnu-kompozicija-sa-11\/\" \/>\n<meta property=\"og:site_name\" content=\"Ranko Ajdinovic - Moderne slike\" \/>\n<meta property=\"article:modified_time\" content=\"2025-09-10T15:32:51+00:00\" \/>\n<meta property=\"og:image\" content=\"https:\/\/ranko-ajdinovic.com\/wp-content\/uploads\/2025\/09\/Slika-na-platnu-moderna-apstrakcija-ajdinovic-ranko-9.jpg\" \/>\n\t<meta property=\"og:image:width\" content=\"1200\" \/>\n\t<meta property=\"og:image:height\" content=\"994\" \/>\n\t<meta property=\"og:image:type\" content=\"image\/jpeg\" \/>\n<meta name=\"twitter:card\" content=\"summary_large_image\" \/>\n<meta name=\"twitter:label1\" content=\"Est. reading time\" \/>\n\t<meta name=\"twitter:data1\" content=\"2 minutes\" \/>\n<script type=\"application\/ld+json\" class=\"yoast-schema-graph\">{\"@context\":\"https:\\\/\\\/schema.org\",\"@graph\":[{\"@type\":\"WebPage\",\"@id\":\"https:\\\/\\\/ranko-ajdinovic.com\\\/proizvod\\\/slika-na-platnu-kompozicija-sa-11\\\/\",\"url\":\"https:\\\/\\\/ranko-ajdinovic.com\\\/proizvod\\\/slika-na-platnu-kompozicija-sa-11\\\/\",\"name\":\"Slika na platnu moderna apstrakcija Ajdinovi\u0107 Ranka akademskog slikara\",\"isPartOf\":{\"@id\":\"https:\\\/\\\/ranko-ajdinovic.com\\\/#website\"},\"primaryImageOfPage\":{\"@id\":\"https:\\\/\\\/ranko-ajdinovic.com\\\/proizvod\\\/slika-na-platnu-kompozicija-sa-11\\\/#primaryimage\"},\"image\":{\"@id\":\"https:\\\/\\\/ranko-ajdinovic.com\\\/proizvod\\\/slika-na-platnu-kompozicija-sa-11\\\/#primaryimage\"},\"thumbnailUrl\":\"https:\\\/\\\/ranko-ajdinovic.com\\\/wp-content\\\/uploads\\\/2025\\\/09\\\/Slika-na-platnu-moderna-apstrakcija-ajdinovic-ranko-9.jpg\",\"datePublished\":\"2019-12-16T18:55:01+00:00\",\"dateModified\":\"2025-09-10T15:32:51+00:00\",\"description\":\"Slika na platnu moderna apstrakcija za stan slikara Ajdinovi\u0107 Ranka. Tehnika umjetni\u010dke slike je akril kombinirano na velikom kvadratnom platnu-\",\"breadcrumb\":{\"@id\":\"https:\\\/\\\/ranko-ajdinovic.com\\\/proizvod\\\/slika-na-platnu-kompozicija-sa-11\\\/#breadcrumb\"},\"inLanguage\":\"en-US\",\"potentialAction\":[{\"@type\":\"ReadAction\",\"target\":[\"https:\\\/\\\/ranko-ajdinovic.com\\\/proizvod\\\/slika-na-platnu-kompozicija-sa-11\\\/\"]}]},{\"@type\":\"ImageObject\",\"inLanguage\":\"en-US\",\"@id\":\"https:\\\/\\\/ranko-ajdinovic.com\\\/proizvod\\\/slika-na-platnu-kompozicija-sa-11\\\/#primaryimage\",\"url\":\"https:\\\/\\\/ranko-ajdinovic.com\\\/wp-content\\\/uploads\\\/2025\\\/09\\\/Slika-na-platnu-moderna-apstrakcija-ajdinovic-ranko-9.jpg\",\"contentUrl\":\"https:\\\/\\\/ranko-ajdinovic.com\\\/wp-content\\\/uploads\\\/2025\\\/09\\\/Slika-na-platnu-moderna-apstrakcija-ajdinovic-ranko-9.jpg\",\"width\":1200,\"height\":994,\"caption\":\"Slika-na-platnu-moderna-apstrakcija-ajdinovi\u0107-ranko\"},{\"@type\":\"BreadcrumbList\",\"@id\":\"https:\\\/\\\/ranko-ajdinovic.com\\\/proizvod\\\/slika-na-platnu-kompozicija-sa-11\\\/#breadcrumb\",\"itemListElement\":[{\"@type\":\"ListItem\",\"position\":1,\"name\":\"Home\",\"item\":\"https:\\\/\\\/ranko-ajdinovic.com\\\/\"},{\"@type\":\"ListItem\",\"position\":2,\"name\":\"Trgovina\",\"item\":\"https:\\\/\\\/ranko-ajdinovic.com\\\/trgovina\\\/\"},{\"@type\":\"ListItem\",\"position\":3,\"name\":\"&#8221; Kompozicija sa 11 &#8220;\"}]},{\"@type\":\"WebSite\",\"@id\":\"https:\\\/\\\/ranko-ajdinovic.com\\\/#website\",\"url\":\"https:\\\/\\\/ranko-ajdinovic.com\\\/\",\"name\":\"Ranko Ajdinovic - Moderne slike\",\"description\":\"\",\"publisher\":{\"@id\":\"https:\\\/\\\/ranko-ajdinovic.com\\\/#\\\/schema\\\/person\\\/0cefe097e1f0568f925016a168bdeba6\"},\"potentialAction\":[{\"@type\":\"SearchAction\",\"target\":{\"@type\":\"EntryPoint\",\"urlTemplate\":\"https:\\\/\\\/ranko-ajdinovic.com\\\/?s={search_term_string}\"},\"query-input\":{\"@type\":\"PropertyValueSpecification\",\"valueRequired\":true,\"valueName\":\"search_term_string\"}}],\"inLanguage\":\"en-US\"},{\"@type\":[\"Person\",\"Organization\"],\"@id\":\"https:\\\/\\\/ranko-ajdinovic.com\\\/#\\\/schema\\\/person\\\/0cefe097e1f0568f925016a168bdeba6\",\"name\":\"admin\",\"image\":{\"@type\":\"ImageObject\",\"inLanguage\":\"en-US\",\"@id\":\"https:\\\/\\\/secure.gravatar.com\\\/avatar\\\/049d970c38cf58812832cd99b964dcdfd90456c8fd7f47da68257f5b08cf289e?s=96&d=mm&r=g\",\"url\":\"https:\\\/\\\/secure.gravatar.com\\\/avatar\\\/049d970c38cf58812832cd99b964dcdfd90456c8fd7f47da68257f5b08cf289e?s=96&d=mm&r=g\",\"contentUrl\":\"https:\\\/\\\/secure.gravatar.com\\\/avatar\\\/049d970c38cf58812832cd99b964dcdfd90456c8fd7f47da68257f5b08cf289e?s=96&d=mm&r=g\",\"caption\":\"admin\"},\"logo\":{\"@id\":\"https:\\\/\\\/secure.gravatar.com\\\/avatar\\\/049d970c38cf58812832cd99b964dcdfd90456c8fd7f47da68257f5b08cf289e?s=96&d=mm&r=g\"},\"sameAs\":[\"https:\\\/\\\/ranko-ajdinovic.com\"]}]}<\/script>\n<!-- \/ Yoast SEO plugin. -->","yoast_head_json":{"title":"Slika na platnu moderna apstrakcija Ajdinovi\u0107 Ranka akademskog slikara","description":"Slika na platnu moderna apstrakcija za stan slikara Ajdinovi\u0107 Ranka. Tehnika umjetni\u010dke slike je akril kombinirano na velikom kvadratnom platnu-","robots":{"index":"index","follow":"follow","max-snippet":"max-snippet:-1","max-image-preview":"max-image-preview:large","max-video-preview":"max-video-preview:-1"},"canonical":"https:\/\/ranko-ajdinovic.com\/en\/product\/slika-na-platnu-kompozicija-sa-11\/","og_locale":"en_US","og_type":"article","og_title":"Slika na platnu moderna apstrakcija Ajdinovi\u0107 Ranka akademskog slikara","og_description":"Slika na platnu moderna apstrakcija za stan slikara Ajdinovi\u0107 Ranka. Tehnika umjetni\u010dke slike je akril kombinirano na velikom kvadratnom platnu-","og_url":"https:\/\/ranko-ajdinovic.com\/en\/product\/slika-na-platnu-kompozicija-sa-11\/","og_site_name":"Ranko Ajdinovic - Moderne slike","article_modified_time":"2025-09-10T15:32:51+00:00","og_image":[{"width":1200,"height":994,"url":"https:\/\/ranko-ajdinovic.com\/wp-content\/uploads\/2025\/09\/Slika-na-platnu-moderna-apstrakcija-ajdinovic-ranko-9.jpg","type":"image\/jpeg"}],"twitter_card":"summary_large_image","twitter_misc":{"Est. reading time":"2 minutes"},"schema":{"@context":"https:\/\/schema.org","@graph":[{"@type":"WebPage","@id":"https:\/\/ranko-ajdinovic.com\/proizvod\/slika-na-platnu-kompozicija-sa-11\/","url":"https:\/\/ranko-ajdinovic.com\/proizvod\/slika-na-platnu-kompozicija-sa-11\/","name":"Slika na platnu moderna apstrakcija Ajdinovi\u0107 Ranka akademskog slikara","isPartOf":{"@id":"https:\/\/ranko-ajdinovic.com\/#website"},"primaryImageOfPage":{"@id":"https:\/\/ranko-ajdinovic.com\/proizvod\/slika-na-platnu-kompozicija-sa-11\/#primaryimage"},"image":{"@id":"https:\/\/ranko-ajdinovic.com\/proizvod\/slika-na-platnu-kompozicija-sa-11\/#primaryimage"},"thumbnailUrl":"https:\/\/ranko-ajdinovic.com\/wp-content\/uploads\/2025\/09\/Slika-na-platnu-moderna-apstrakcija-ajdinovic-ranko-9.jpg","datePublished":"2019-12-16T18:55:01+00:00","dateModified":"2025-09-10T15:32:51+00:00","description":"Slika na platnu moderna apstrakcija za stan slikara Ajdinovi\u0107 Ranka. Tehnika umjetni\u010dke slike je akril kombinirano na velikom kvadratnom platnu-","breadcrumb":{"@id":"https:\/\/ranko-ajdinovic.com\/proizvod\/slika-na-platnu-kompozicija-sa-11\/#breadcrumb"},"inLanguage":"en-US","potentialAction":[{"@type":"ReadAction","target":["https:\/\/ranko-ajdinovic.com\/proizvod\/slika-na-platnu-kompozicija-sa-11\/"]}]},{"@type":"ImageObject","inLanguage":"en-US","@id":"https:\/\/ranko-ajdinovic.com\/proizvod\/slika-na-platnu-kompozicija-sa-11\/#primaryimage","url":"https:\/\/ranko-ajdinovic.com\/wp-content\/uploads\/2025\/09\/Slika-na-platnu-moderna-apstrakcija-ajdinovic-ranko-9.jpg","contentUrl":"https:\/\/ranko-ajdinovic.com\/wp-content\/uploads\/2025\/09\/Slika-na-platnu-moderna-apstrakcija-ajdinovic-ranko-9.jpg","width":1200,"height":994,"caption":"Slika-na-platnu-moderna-apstrakcija-ajdinovi\u0107-ranko"},{"@type":"BreadcrumbList","@id":"https:\/\/ranko-ajdinovic.com\/proizvod\/slika-na-platnu-kompozicija-sa-11\/#breadcrumb","itemListElement":[{"@type":"ListItem","position":1,"name":"Home","item":"https:\/\/ranko-ajdinovic.com\/"},{"@type":"ListItem","position":2,"name":"Trgovina","item":"https:\/\/ranko-ajdinovic.com\/trgovina\/"},{"@type":"ListItem","position":3,"name":"&#8221; Kompozicija sa 11 &#8220;"}]},{"@type":"WebSite","@id":"https:\/\/ranko-ajdinovic.com\/#website","url":"https:\/\/ranko-ajdinovic.com\/","name":"Ranko Ajdinovic - Modern pictures","description":"","publisher":{"@id":"https:\/\/ranko-ajdinovic.com\/#\/schema\/person\/0cefe097e1f0568f925016a168bdeba6"},"potentialAction":[{"@type":"SearchAction","target":{"@type":"EntryPoint","urlTemplate":"https:\/\/ranko-ajdinovic.com\/?s={search_term_string}"},"query-input":{"@type":"PropertyValueSpecification","valueRequired":true,"valueName":"search_term_string"}}],"inLanguage":"en-US"},{"@type":["Person","Organization"],"@id":"https:\/\/ranko-ajdinovic.com\/#\/schema\/person\/0cefe097e1f0568f925016a168bdeba6","name":"admin","image":{"@type":"ImageObject","inLanguage":"en-US","@id":"https:\/\/secure.gravatar.com\/avatar\/049d970c38cf58812832cd99b964dcdfd90456c8fd7f47da68257f5b08cf289e?s=96&d=mm&r=g","url":"https:\/\/secure.gravatar.com\/avatar\/049d970c38cf58812832cd99b964dcdfd90456c8fd7f47da68257f5b08cf289e?s=96&d=mm&r=g","contentUrl":"https:\/\/secure.gravatar.com\/avatar\/049d970c38cf58812832cd99b964dcdfd90456c8fd7f47da68257f5b08cf289e?s=96&d=mm&r=g","caption":"admin"},"logo":{"@id":"https:\/\/secure.gravatar.com\/avatar\/049d970c38cf58812832cd99b964dcdfd90456c8fd7f47da68257f5b08cf289e?s=96&d=mm&r=g"},"sameAs":["https:\/\/ranko-ajdinovic.com"]}]}},"_links":{"self":[{"href":"https:\/\/ranko-ajdinovic.com\/en\/wp-json\/wp\/v2\/product\/3325","targetHints":{"allow":["GET"]}}],"collection":[{"href":"https:\/\/ranko-ajdinovic.com\/en\/wp-json\/wp\/v2\/product"}],"about":[{"href":"https:\/\/ranko-ajdinovic.com\/en\/wp-json\/wp\/v2\/types\/product"}],"wp:featuredmedia":[{"embeddable":true,"href":"https:\/\/ranko-ajdinovic.com\/en\/wp-json\/wp\/v2\/media\/3326"}],"wp:attachment":[{"href":"https:\/\/ranko-ajdinovic.com\/en\/wp-json\/wp\/v2\/media?parent=3325"}],"wp:term":[{"taxonomy":"product_brand","embeddable":true,"href":"https:\/\/ranko-ajdinovic.com\/en\/wp-json\/wp\/v2\/product_brand?post=3325"},{"taxonomy":"product_cat","embeddable":true,"href":"https:\/\/ranko-ajdinovic.com\/en\/wp-json\/wp\/v2\/product_cat?post=3325"},{"taxonomy":"product_tag","embeddable":true,"href":"https:\/\/ranko-ajdinovic.com\/en\/wp-json\/wp\/v2\/product_tag?post=3325"}],"curies":[{"name":"wp","href":"https:\/\/api.w.org\/{rel}","templated":true}]}}