{"id":3357,"date":"2019-12-17T13:01:38","date_gmt":"2019-12-17T13:01:38","guid":{"rendered":"https:\/\/ranko-ajdinovic.com\/?post_type=product&#038;p=3357"},"modified":"2025-09-10T15:32:55","modified_gmt":"2025-09-10T15:32:55","slug":"slike-za-dnevni-boravak-kompozicija-sa-5","status":"publish","type":"product","link":"https:\/\/ranko-ajdinovic.com\/en\/product\/slike-za-dnevni-boravak-kompozicija-sa-5\/","title":{"rendered":"&#8221; Kompozicija SA 5 &#8220;"},"content":{"rendered":"<h3 style=\"text-align: center;\"><\/h3>\n<p style=\"text-align: center;\">Moderna slika na platnu za dnevni boravak akademskog slikara Ajdinovi\u0107 Ranka umjetni\u010dko je djelo pod nazivom &#8221; Kompozicija SA 5 &#8221; , jedini je primjerak u svijetu kao takav. Slika je izvedena apstraktnom stilu i nastala je u 2019. godini. Tehnika je akril kombinirano na platnu.<\/p>\n<p style=\"text-align: center;\">Za svaku kupljenu umjetni\u010dku sliku izdajem ovjeren i ru\u010dno potpisan certifikat autenti\u010dnosti. Ova moderna &#8211; apstraktna slika izvrstan je autorski primjerak sa potpisom koji nosi stvarnu umjetni\u010dku energiju, i trajnu vrijednost u Va\u0161 prostor. Kao takav oplemenit \u0107e svaki interijer, bilo da se radi o dnevnom boravku, modernom stanu, ku\u0107i, apartmanu ili poslovnom prostoru. Format slike je horizontalan.<\/p>\n<p>&nbsp;<\/p>\n<h3 style=\"text-align: center;\"><\/h3>\n<h3 style=\"text-align: center;\">Characteristics of the artwork:<\/h3>\n<p style=\"text-align: center;\">Izvedba: Moderna slika na platnu<br \/>\nTehnika: akril kombinirano<br \/>\nNaziv: Kompozicija SA 5<br \/>\nDimenzije: 70 x 100 cm<br \/>\nMaterijali: Akril, uljni pastel, sprej, ugljen<br \/>\nGodina: 2019<br \/>\nAutor: Ajdinovi\u0107 Ranko<br \/>\nStil: Apstraktna umjetnost<\/p>\n<p style=\"text-align: center;\">*** The painting is ready to be hung on the wall ***<\/p>\n<p style=\"text-align: center;\" class=\"translation-block\">Whether you are a collector or a first-time art buyer, the best and safest way to purchase authentic original art is directly from the artist, so I am at your service.<\/p>\n<h3 style=\"text-align: center;\">Delivery and other conditions:<\/h3>\n<p style=\"text-align: center;\">&#8211; Okvir je prikazan iz ilustrativnih razloga, te nije uklju\u010den uz sliku<br \/>\n&#8211; Po\u0161tarina je besplatna za ovu umjetni\u010dku sliku<br \/>\n&#8211; Slike pakiram sa velikom pa\u017enjom, \u0161aljem ih brzo i sigurno \u0161irom lijepe na\u0161e<br \/>\nzemaljske kugle.<br \/>\n&#8211; Umjetni\u010dke radove na papiru \u0161aljem zarolane u za\u0161titnoj tubi. Ako je<br \/>\nrije\u010d o radovima na platnu koja su napeta na drveni okvir onda ih \u0161aljem kao takve ( spremne za postavljanje na zid )<br \/>\nu za\u0161titnoj kutiji oblo\u017eenoj stiroporom sa unutra\u0161nje strane.<br \/>\n&#8211; Rok isporuke ( dostave ) u Hrvatskoj je 2-3 dana za ostale zemlje u svijetu 5 &#8211; 12 dana<\/p>\n<h3 style=\"text-align: center;\">Security guarantee:<\/h3>\n<p style=\"text-align: center;\">&#8211; Ukoliko nakon kupnje niste zadovoljni sa slikom, iz bilo kojeg razloga,u roku od 30 dana mo\u017eete ju zamjeniti<br \/>\nza drugu ( vi pla\u0107ate povratnu po\u0161tarinu ) ili zatra\u017eiti povrat novca u punom iznosu.<\/p>\n<p>&nbsp;<\/p>\n<p style=\"text-align: center;\">Other images currently available for purchase can be found at <a href=\"https:\/\/ranko-ajdinovic.com\/en\/apstraktne-slike-ajdinovic-shop\/\">OVDJE<\/a><\/p>\n<p>&nbsp;<\/p>\n<p>&nbsp;<\/p>\n<p style=\"text-align: center;\">I am at your disposal for all other questions.<\/p>","protected":false},"excerpt":{"rendered":"<p>Moderna slika na platnu za dnevni boravak akademskog slikara Ajdinovi\u0107 Ranka umjetni\u010dko je djelo pod nazivom &#8221; Kompozicija SA 5 &#8221; , jedini je primjerak u svijetu kao takav. Slika je izvedena apstraktnom stilu i nastala je u 2019. godini. Tehnika je akril kombinirano na platnu. Za svaku kupljenu umjetni\u010dku sliku izdajem ovjeren i ru\u010dno [&hellip;]<\/p>\n","protected":false},"featured_media":3358,"template":"","meta":[],"product_brand":[],"product_cat":[22],"product_tag":[],"class_list":{"0":"post-3357","1":"product","2":"type-product","3":"status-publish","4":"has-post-thumbnail","6":"product_cat-originali","8":"first","9":"outofstock","10":"sold-individually","11":"product-type-simple"},"yoast_head":"<!-- This site is optimized with the Yoast SEO plugin v27.3 - https:\/\/yoast.com\/product\/yoast-seo-wordpress\/ -->\n<title>&quot; Kompozicija SA 5 &quot; &#8226; Ranko Ajdinovic - Moderne slike<\/title>\n<meta name=\"description\" content=\"slika za moderni stan apstrakcija\" \/>\n<meta name=\"robots\" content=\"index, follow, max-snippet:-1, max-image-preview:large, max-video-preview:-1\" \/>\n<link rel=\"canonical\" href=\"https:\/\/ranko-ajdinovic.com\/en\/product\/slike-za-dnevni-boravak-kompozicija-sa-5\/\" \/>\n<meta property=\"og:locale\" content=\"en_US\" \/>\n<meta property=\"og:type\" content=\"article\" \/>\n<meta property=\"og:title\" content=\"&quot; Kompozicija SA 5 &quot; &#8226; Ranko Ajdinovic - Moderne slike\" \/>\n<meta property=\"og:description\" content=\"slika za moderni stan apstrakcija\" \/>\n<meta property=\"og:url\" content=\"https:\/\/ranko-ajdinovic.com\/en\/product\/slike-za-dnevni-boravak-kompozicija-sa-5\/\" \/>\n<meta property=\"og:site_name\" content=\"Ranko Ajdinovic - Moderne slike\" \/>\n<meta property=\"article:modified_time\" content=\"2025-09-10T15:32:55+00:00\" \/>\n<meta property=\"og:image\" content=\"https:\/\/ranko-ajdinovic.com\/wp-content\/uploads\/2025\/09\/slike-za-dnevni-boravak-ajdinovic-ranko-kompozicija-sa-5-9-1.jpg\" \/>\n\t<meta property=\"og:image:width\" content=\"1399\" \/>\n\t<meta property=\"og:image:height\" content=\"1091\" \/>\n\t<meta property=\"og:image:type\" content=\"image\/jpeg\" \/>\n<meta name=\"twitter:card\" content=\"summary_large_image\" \/>\n<meta name=\"twitter:label1\" content=\"Est. reading time\" \/>\n\t<meta name=\"twitter:data1\" content=\"2 minutes\" \/>\n<script type=\"application\/ld+json\" class=\"yoast-schema-graph\">{\"@context\":\"https:\\\/\\\/schema.org\",\"@graph\":[{\"@type\":\"WebPage\",\"@id\":\"https:\\\/\\\/ranko-ajdinovic.com\\\/proizvod\\\/slike-za-dnevni-boravak-kompozicija-sa-5\\\/\",\"url\":\"https:\\\/\\\/ranko-ajdinovic.com\\\/proizvod\\\/slike-za-dnevni-boravak-kompozicija-sa-5\\\/\",\"name\":\"\\\" Kompozicija SA 5 \\\" &#8226; Ranko Ajdinovic - Moderne slike\",\"isPartOf\":{\"@id\":\"https:\\\/\\\/ranko-ajdinovic.com\\\/#website\"},\"primaryImageOfPage\":{\"@id\":\"https:\\\/\\\/ranko-ajdinovic.com\\\/proizvod\\\/slike-za-dnevni-boravak-kompozicija-sa-5\\\/#primaryimage\"},\"image\":{\"@id\":\"https:\\\/\\\/ranko-ajdinovic.com\\\/proizvod\\\/slike-za-dnevni-boravak-kompozicija-sa-5\\\/#primaryimage\"},\"thumbnailUrl\":\"https:\\\/\\\/ranko-ajdinovic.com\\\/wp-content\\\/uploads\\\/2025\\\/09\\\/slike-za-dnevni-boravak-ajdinovic-ranko-kompozicija-sa-5-9-1.jpg\",\"datePublished\":\"2019-12-17T13:01:38+00:00\",\"dateModified\":\"2025-09-10T15:32:55+00:00\",\"description\":\"slika za moderni stan apstrakcija\",\"breadcrumb\":{\"@id\":\"https:\\\/\\\/ranko-ajdinovic.com\\\/proizvod\\\/slike-za-dnevni-boravak-kompozicija-sa-5\\\/#breadcrumb\"},\"inLanguage\":\"en-US\",\"potentialAction\":[{\"@type\":\"ReadAction\",\"target\":[\"https:\\\/\\\/ranko-ajdinovic.com\\\/proizvod\\\/slike-za-dnevni-boravak-kompozicija-sa-5\\\/\"]}]},{\"@type\":\"ImageObject\",\"inLanguage\":\"en-US\",\"@id\":\"https:\\\/\\\/ranko-ajdinovic.com\\\/proizvod\\\/slike-za-dnevni-boravak-kompozicija-sa-5\\\/#primaryimage\",\"url\":\"https:\\\/\\\/ranko-ajdinovic.com\\\/wp-content\\\/uploads\\\/2025\\\/09\\\/slike-za-dnevni-boravak-ajdinovic-ranko-kompozicija-sa-5-9-1.jpg\",\"contentUrl\":\"https:\\\/\\\/ranko-ajdinovic.com\\\/wp-content\\\/uploads\\\/2025\\\/09\\\/slike-za-dnevni-boravak-ajdinovic-ranko-kompozicija-sa-5-9-1.jpg\",\"width\":1399,\"height\":1091,\"caption\":\"| https:\\\/\\\/ranko-ajdinovic.com\\\/wp-content\\\/uploads\\\/2019\\\/12\\\/slike-za-dnevni-boravak-ajdinovi\u0107-ranko-moderne-apstrakcije-1.jpg\"},{\"@type\":\"BreadcrumbList\",\"@id\":\"https:\\\/\\\/ranko-ajdinovic.com\\\/proizvod\\\/slike-za-dnevni-boravak-kompozicija-sa-5\\\/#breadcrumb\",\"itemListElement\":[{\"@type\":\"ListItem\",\"position\":1,\"name\":\"Home\",\"item\":\"https:\\\/\\\/ranko-ajdinovic.com\\\/\"},{\"@type\":\"ListItem\",\"position\":2,\"name\":\"Trgovina\",\"item\":\"https:\\\/\\\/ranko-ajdinovic.com\\\/trgovina\\\/\"},{\"@type\":\"ListItem\",\"position\":3,\"name\":\"&#8221; Kompozicija SA 5 &#8220;\"}]},{\"@type\":\"WebSite\",\"@id\":\"https:\\\/\\\/ranko-ajdinovic.com\\\/#website\",\"url\":\"https:\\\/\\\/ranko-ajdinovic.com\\\/\",\"name\":\"Ranko Ajdinovic - Moderne slike\",\"description\":\"\",\"publisher\":{\"@id\":\"https:\\\/\\\/ranko-ajdinovic.com\\\/#\\\/schema\\\/person\\\/0cefe097e1f0568f925016a168bdeba6\"},\"potentialAction\":[{\"@type\":\"SearchAction\",\"target\":{\"@type\":\"EntryPoint\",\"urlTemplate\":\"https:\\\/\\\/ranko-ajdinovic.com\\\/?s={search_term_string}\"},\"query-input\":{\"@type\":\"PropertyValueSpecification\",\"valueRequired\":true,\"valueName\":\"search_term_string\"}}],\"inLanguage\":\"en-US\"},{\"@type\":[\"Person\",\"Organization\"],\"@id\":\"https:\\\/\\\/ranko-ajdinovic.com\\\/#\\\/schema\\\/person\\\/0cefe097e1f0568f925016a168bdeba6\",\"name\":\"admin\",\"image\":{\"@type\":\"ImageObject\",\"inLanguage\":\"en-US\",\"@id\":\"https:\\\/\\\/secure.gravatar.com\\\/avatar\\\/049d970c38cf58812832cd99b964dcdfd90456c8fd7f47da68257f5b08cf289e?s=96&d=mm&r=g\",\"url\":\"https:\\\/\\\/secure.gravatar.com\\\/avatar\\\/049d970c38cf58812832cd99b964dcdfd90456c8fd7f47da68257f5b08cf289e?s=96&d=mm&r=g\",\"contentUrl\":\"https:\\\/\\\/secure.gravatar.com\\\/avatar\\\/049d970c38cf58812832cd99b964dcdfd90456c8fd7f47da68257f5b08cf289e?s=96&d=mm&r=g\",\"caption\":\"admin\"},\"logo\":{\"@id\":\"https:\\\/\\\/secure.gravatar.com\\\/avatar\\\/049d970c38cf58812832cd99b964dcdfd90456c8fd7f47da68257f5b08cf289e?s=96&d=mm&r=g\"},\"sameAs\":[\"https:\\\/\\\/ranko-ajdinovic.com\"]}]}<\/script>\n<!-- \/ Yoast SEO plugin. -->","yoast_head_json":{"title":"\" Kompozicija SA 5 \" &#8226; Ranko Ajdinovic - Moderne slike","description":"slika za moderni stan apstrakcija","robots":{"index":"index","follow":"follow","max-snippet":"max-snippet:-1","max-image-preview":"max-image-preview:large","max-video-preview":"max-video-preview:-1"},"canonical":"https:\/\/ranko-ajdinovic.com\/en\/product\/slike-za-dnevni-boravak-kompozicija-sa-5\/","og_locale":"en_US","og_type":"article","og_title":"\" Kompozicija SA 5 \" &#8226; Ranko Ajdinovic - Moderne slike","og_description":"slika za moderni stan apstrakcija","og_url":"https:\/\/ranko-ajdinovic.com\/en\/product\/slike-za-dnevni-boravak-kompozicija-sa-5\/","og_site_name":"Ranko Ajdinovic - Moderne slike","article_modified_time":"2025-09-10T15:32:55+00:00","og_image":[{"width":1399,"height":1091,"url":"https:\/\/ranko-ajdinovic.com\/wp-content\/uploads\/2025\/09\/slike-za-dnevni-boravak-ajdinovic-ranko-kompozicija-sa-5-9-1.jpg","type":"image\/jpeg"}],"twitter_card":"summary_large_image","twitter_misc":{"Est. reading time":"2 minutes"},"schema":{"@context":"https:\/\/schema.org","@graph":[{"@type":"WebPage","@id":"https:\/\/ranko-ajdinovic.com\/proizvod\/slike-za-dnevni-boravak-kompozicija-sa-5\/","url":"https:\/\/ranko-ajdinovic.com\/proizvod\/slike-za-dnevni-boravak-kompozicija-sa-5\/","name":"\" Kompozicija SA 5 \" &#8226; Ranko Ajdinovic - Moderne slike","isPartOf":{"@id":"https:\/\/ranko-ajdinovic.com\/#website"},"primaryImageOfPage":{"@id":"https:\/\/ranko-ajdinovic.com\/proizvod\/slike-za-dnevni-boravak-kompozicija-sa-5\/#primaryimage"},"image":{"@id":"https:\/\/ranko-ajdinovic.com\/proizvod\/slike-za-dnevni-boravak-kompozicija-sa-5\/#primaryimage"},"thumbnailUrl":"https:\/\/ranko-ajdinovic.com\/wp-content\/uploads\/2025\/09\/slike-za-dnevni-boravak-ajdinovic-ranko-kompozicija-sa-5-9-1.jpg","datePublished":"2019-12-17T13:01:38+00:00","dateModified":"2025-09-10T15:32:55+00:00","description":"slika za moderni stan apstrakcija","breadcrumb":{"@id":"https:\/\/ranko-ajdinovic.com\/proizvod\/slike-za-dnevni-boravak-kompozicija-sa-5\/#breadcrumb"},"inLanguage":"en-US","potentialAction":[{"@type":"ReadAction","target":["https:\/\/ranko-ajdinovic.com\/proizvod\/slike-za-dnevni-boravak-kompozicija-sa-5\/"]}]},{"@type":"ImageObject","inLanguage":"en-US","@id":"https:\/\/ranko-ajdinovic.com\/proizvod\/slike-za-dnevni-boravak-kompozicija-sa-5\/#primaryimage","url":"https:\/\/ranko-ajdinovic.com\/wp-content\/uploads\/2025\/09\/slike-za-dnevni-boravak-ajdinovic-ranko-kompozicija-sa-5-9-1.jpg","contentUrl":"https:\/\/ranko-ajdinovic.com\/wp-content\/uploads\/2025\/09\/slike-za-dnevni-boravak-ajdinovic-ranko-kompozicija-sa-5-9-1.jpg","width":1399,"height":1091,"caption":"| https:\/\/ranko-ajdinovic.com\/wp-content\/uploads\/2019\/12\/slike-za-dnevni-boravak-ajdinovi\u0107-ranko-moderne-apstrakcije-1.jpg"},{"@type":"BreadcrumbList","@id":"https:\/\/ranko-ajdinovic.com\/proizvod\/slike-za-dnevni-boravak-kompozicija-sa-5\/#breadcrumb","itemListElement":[{"@type":"ListItem","position":1,"name":"Home","item":"https:\/\/ranko-ajdinovic.com\/"},{"@type":"ListItem","position":2,"name":"Trgovina","item":"https:\/\/ranko-ajdinovic.com\/trgovina\/"},{"@type":"ListItem","position":3,"name":"&#8221; Kompozicija SA 5 &#8220;"}]},{"@type":"WebSite","@id":"https:\/\/ranko-ajdinovic.com\/#website","url":"https:\/\/ranko-ajdinovic.com\/","name":"Ranko Ajdinovic - Modern pictures","description":"","publisher":{"@id":"https:\/\/ranko-ajdinovic.com\/#\/schema\/person\/0cefe097e1f0568f925016a168bdeba6"},"potentialAction":[{"@type":"SearchAction","target":{"@type":"EntryPoint","urlTemplate":"https:\/\/ranko-ajdinovic.com\/?s={search_term_string}"},"query-input":{"@type":"PropertyValueSpecification","valueRequired":true,"valueName":"search_term_string"}}],"inLanguage":"en-US"},{"@type":["Person","Organization"],"@id":"https:\/\/ranko-ajdinovic.com\/#\/schema\/person\/0cefe097e1f0568f925016a168bdeba6","name":"admin","image":{"@type":"ImageObject","inLanguage":"en-US","@id":"https:\/\/secure.gravatar.com\/avatar\/049d970c38cf58812832cd99b964dcdfd90456c8fd7f47da68257f5b08cf289e?s=96&d=mm&r=g","url":"https:\/\/secure.gravatar.com\/avatar\/049d970c38cf58812832cd99b964dcdfd90456c8fd7f47da68257f5b08cf289e?s=96&d=mm&r=g","contentUrl":"https:\/\/secure.gravatar.com\/avatar\/049d970c38cf58812832cd99b964dcdfd90456c8fd7f47da68257f5b08cf289e?s=96&d=mm&r=g","caption":"admin"},"logo":{"@id":"https:\/\/secure.gravatar.com\/avatar\/049d970c38cf58812832cd99b964dcdfd90456c8fd7f47da68257f5b08cf289e?s=96&d=mm&r=g"},"sameAs":["https:\/\/ranko-ajdinovic.com"]}]}},"_links":{"self":[{"href":"https:\/\/ranko-ajdinovic.com\/en\/wp-json\/wp\/v2\/product\/3357","targetHints":{"allow":["GET"]}}],"collection":[{"href":"https:\/\/ranko-ajdinovic.com\/en\/wp-json\/wp\/v2\/product"}],"about":[{"href":"https:\/\/ranko-ajdinovic.com\/en\/wp-json\/wp\/v2\/types\/product"}],"wp:featuredmedia":[{"embeddable":true,"href":"https:\/\/ranko-ajdinovic.com\/en\/wp-json\/wp\/v2\/media\/3358"}],"wp:attachment":[{"href":"https:\/\/ranko-ajdinovic.com\/en\/wp-json\/wp\/v2\/media?parent=3357"}],"wp:term":[{"taxonomy":"product_brand","embeddable":true,"href":"https:\/\/ranko-ajdinovic.com\/en\/wp-json\/wp\/v2\/product_brand?post=3357"},{"taxonomy":"product_cat","embeddable":true,"href":"https:\/\/ranko-ajdinovic.com\/en\/wp-json\/wp\/v2\/product_cat?post=3357"},{"taxonomy":"product_tag","embeddable":true,"href":"https:\/\/ranko-ajdinovic.com\/en\/wp-json\/wp\/v2\/product_tag?post=3357"}],"curies":[{"name":"wp","href":"https:\/\/api.w.org\/{rel}","templated":true}]}}