{"id":4632,"date":"2021-04-19T21:59:21","date_gmt":"2021-04-19T21:59:21","guid":{"rendered":"https:\/\/ranko-ajdinovic.com\/?post_type=product&#038;p=4632"},"modified":"2025-09-10T15:33:42","modified_gmt":"2025-09-10T15:33:42","slug":"novi-svijet-2","status":"publish","type":"product","link":"https:\/\/ranko-ajdinovic.com\/en\/product\/novi-svijet-2\/","title":{"rendered":"Novi svijet 2"},"content":{"rendered":"<p style=\"text-align: center;\">Okrugla slika na platnu akademskog slikara Ajdinovi\u0107 Ranka, &#8221; Novi svijet 2 &#8221; jedini je primjerak u svijetu kao takav.<br \/>\nSlika je ovalnog formata i izvedena je u modernom apstraktnom stilu. Nastala je u 2020. godini. Tehnika je<br \/>\nakril kombinirano na platnu koje je napeto na profesionalnim drvenim letvicama. Pripremljena je i spremna za postavljanje<br \/>\nna zid, te nije potrebno dodatno uramljivanje ( ako se ne \u017eeli ).\u00a0 Za svaku kupljenu umjetni\u010dku sliku izdajem ovjeren i ru\u010dno potpisan<br \/>\ncertifikat autenti\u010dnosti. Ova apstraktna, moderna slika izvrstan je autorski primjerak sa potpisom koji nosi stvarnu<br \/>\numjetni\u010dku energiju, i trajnu vrijednost u Va\u0161 prostor. Kao takva oplemenit \u0107e svaki interijer i ljude koji u njemu borave.<br \/>\nSlika je prikladna za ve\u0107inu prostora, bilo da se radi o stanu, ku\u0107i, apartmanu, hotelu ili poslovnom uredu.<\/p>\n<h3 style=\"text-align: center;\">\u00a0\u00a0\u00a0 Characteristics of the artwork:<\/h3>\n<p style=\"text-align: center;\">Izvedba: Geometrijska apstrakcija<br \/>\nTehnika: akril kombinirano na platnu<br \/>\nNaziv: &#8221; Novi svijet 2 &#8221;<br \/>\nDimenzije: promjer 50 cm<br \/>\nMaterijali: Akril, uljni pastel, sprej, ugljen<br \/>\nGodina: 2020<br \/>\nStil: Apstraktno slikarstvo<\/p>\n<p style=\"text-align: center;\">*** The painting is ready to be hung on the wall ***<\/p>\n<p style=\"text-align: center;\" class=\"translation-block\">Whether you are a collector or a first-time art buyer, the best and safest way to purchase authentic original art is directly from the artist, so I am at your service.<\/p>\n<h3 style=\"text-align: center;\">Delivery and other conditions:<\/h3>\n<p style=\"text-align: center;\" class=\"translation-block\">\u2013 The frame is shown for illustrative purposes, and is not included with the image<br>\n\u2013 Postage is free for this artwork<br>\n- I pack the pictures with great care, send them quickly and safely throughout our beautiful<br>\nglobes.<br>\n- I send works of art on paper rolled up in a protective tube. If<br>\nwe are talking about works on canvas that are stretched on a wooden frame, then I send them as such (ready to be mounted on the wall)<br>\nin a protective box lined with styrofoam on the inside.<br>\n- Delivery time in Croatia is 2-3 days, for other countries in the world 5-20 days<\/p>\n<h3 style=\"text-align: center;\">Security guarantee:<\/h3>\n<p style=\"text-align: center;\">- If you are not satisfied with the picture after purchase, for any reason, within 30 days you can exchange it for another one (you pay the return postage) or ask for a full refund.<\/p>\n<h2><\/h2>\n<h3><\/h3>\n<h3 style=\"text-align: center;\">Other images currently available for purchase can be found at <a href=\"https:\/\/ranko-ajdinovic.com\/en\/apstraktne-slike-ajdinovic-shop\/\">SHOP<\/a><\/h3>\n<p>&nbsp;<\/p>\n<p>&nbsp;<\/p>\n<p style=\"text-align: center;\">I am at your disposal for all other questions.<\/p>","protected":false},"excerpt":{"rendered":"<p>Okrugla slika na platnu akademskog slikara Ajdinovi\u0107 Ranka, &#8221; Novi svijet 2 &#8221; jedini je primjerak u svijetu kao takav. Slika je ovalnog formata i izvedena je u modernom apstraktnom stilu. Nastala je u 2020. godini. Tehnika je akril kombinirano na platnu koje je napeto na profesionalnim drvenim letvicama. Pripremljena je i spremna za postavljanje [&hellip;]<\/p>\n","protected":false},"featured_media":4633,"template":"","meta":[],"product_brand":[],"product_cat":[22],"product_tag":[],"class_list":{"0":"post-4632","1":"product","2":"type-product","3":"status-publish","4":"has-post-thumbnail","6":"product_cat-originali","8":"first","9":"outofstock","10":"sold-individually","11":"shipping-taxable","12":"product-type-simple"},"yoast_head":"<!-- This site is optimized with the Yoast SEO plugin v27.3 - https:\/\/yoast.com\/product\/yoast-seo-wordpress\/ -->\n<title>Okrugla slika na platnu originalna moderna apstrakcija Ajdinovi\u0107 Ranko<\/title>\n<meta name=\"description\" content=\"Okrugla slika na platnu originalna moderna apstrakcija akademskog slikara Ajdinovi\u0107 Ranka. Umjetni\u010dko djelo za novoure\u0111eni stan ili apartman.\" \/>\n<meta name=\"robots\" content=\"index, follow, max-snippet:-1, max-image-preview:large, max-video-preview:-1\" \/>\n<link rel=\"canonical\" href=\"https:\/\/ranko-ajdinovic.com\/en\/product\/novi-svijet-2\/\" \/>\n<meta property=\"og:locale\" content=\"en_US\" \/>\n<meta property=\"og:type\" content=\"article\" \/>\n<meta property=\"og:title\" content=\"Okrugla slika na platnu originalna moderna apstrakcija Ajdinovi\u0107 Ranko\" \/>\n<meta property=\"og:description\" content=\"Okrugla slika na platnu originalna moderna apstrakcija akademskog slikara Ajdinovi\u0107 Ranka. Umjetni\u010dko djelo za novoure\u0111eni stan ili apartman.\" \/>\n<meta property=\"og:url\" content=\"https:\/\/ranko-ajdinovic.com\/en\/product\/novi-svijet-2\/\" \/>\n<meta property=\"og:site_name\" content=\"Ranko Ajdinovic - Moderne slike\" \/>\n<meta property=\"article:modified_time\" content=\"2025-09-10T15:33:42+00:00\" \/>\n<meta property=\"og:image\" content=\"https:\/\/ranko-ajdinovic.com\/wp-content\/uploads\/2025\/09\/Okrugla-slika-na-platnu-originalna-moderna-apstrakcija-Ajdinovic-Ranko-1.jpg\" \/>\n\t<meta property=\"og:image:width\" content=\"1100\" \/>\n\t<meta property=\"og:image:height\" content=\"1007\" \/>\n\t<meta property=\"og:image:type\" content=\"image\/jpeg\" \/>\n<meta name=\"twitter:card\" content=\"summary_large_image\" \/>\n<meta name=\"twitter:label1\" content=\"Est. reading time\" \/>\n\t<meta name=\"twitter:data1\" content=\"2 minutes\" \/>\n<script type=\"application\/ld+json\" class=\"yoast-schema-graph\">{\"@context\":\"https:\\\/\\\/schema.org\",\"@graph\":[{\"@type\":\"WebPage\",\"@id\":\"https:\\\/\\\/ranko-ajdinovic.com\\\/proizvod\\\/novi-svijet-2\\\/\",\"url\":\"https:\\\/\\\/ranko-ajdinovic.com\\\/proizvod\\\/novi-svijet-2\\\/\",\"name\":\"Okrugla slika na platnu originalna moderna apstrakcija Ajdinovi\u0107 Ranko\",\"isPartOf\":{\"@id\":\"https:\\\/\\\/ranko-ajdinovic.com\\\/#website\"},\"primaryImageOfPage\":{\"@id\":\"https:\\\/\\\/ranko-ajdinovic.com\\\/proizvod\\\/novi-svijet-2\\\/#primaryimage\"},\"image\":{\"@id\":\"https:\\\/\\\/ranko-ajdinovic.com\\\/proizvod\\\/novi-svijet-2\\\/#primaryimage\"},\"thumbnailUrl\":\"https:\\\/\\\/ranko-ajdinovic.com\\\/wp-content\\\/uploads\\\/2025\\\/09\\\/Okrugla-slika-na-platnu-originalna-moderna-apstrakcija-Ajdinovic-Ranko-1.jpg\",\"datePublished\":\"2021-04-19T21:59:21+00:00\",\"dateModified\":\"2025-09-10T15:33:42+00:00\",\"description\":\"Okrugla slika na platnu originalna moderna apstrakcija akademskog slikara Ajdinovi\u0107 Ranka. Umjetni\u010dko djelo za novoure\u0111eni stan ili apartman.\",\"breadcrumb\":{\"@id\":\"https:\\\/\\\/ranko-ajdinovic.com\\\/proizvod\\\/novi-svijet-2\\\/#breadcrumb\"},\"inLanguage\":\"en-US\",\"potentialAction\":[{\"@type\":\"ReadAction\",\"target\":[\"https:\\\/\\\/ranko-ajdinovic.com\\\/proizvod\\\/novi-svijet-2\\\/\"]}]},{\"@type\":\"ImageObject\",\"inLanguage\":\"en-US\",\"@id\":\"https:\\\/\\\/ranko-ajdinovic.com\\\/proizvod\\\/novi-svijet-2\\\/#primaryimage\",\"url\":\"https:\\\/\\\/ranko-ajdinovic.com\\\/wp-content\\\/uploads\\\/2025\\\/09\\\/Okrugla-slika-na-platnu-originalna-moderna-apstrakcija-Ajdinovic-Ranko-1.jpg\",\"contentUrl\":\"https:\\\/\\\/ranko-ajdinovic.com\\\/wp-content\\\/uploads\\\/2025\\\/09\\\/Okrugla-slika-na-platnu-originalna-moderna-apstrakcija-Ajdinovic-Ranko-1.jpg\",\"width\":1100,\"height\":1007,\"caption\":\"Okrugla slika na platnu originalna moderna apstrakcija Ajdinovi\u0107 Ranko\"},{\"@type\":\"BreadcrumbList\",\"@id\":\"https:\\\/\\\/ranko-ajdinovic.com\\\/proizvod\\\/novi-svijet-2\\\/#breadcrumb\",\"itemListElement\":[{\"@type\":\"ListItem\",\"position\":1,\"name\":\"Home\",\"item\":\"https:\\\/\\\/ranko-ajdinovic.com\\\/\"},{\"@type\":\"ListItem\",\"position\":2,\"name\":\"Trgovina\",\"item\":\"https:\\\/\\\/ranko-ajdinovic.com\\\/trgovina\\\/\"},{\"@type\":\"ListItem\",\"position\":3,\"name\":\"Novi svijet 2\"}]},{\"@type\":\"WebSite\",\"@id\":\"https:\\\/\\\/ranko-ajdinovic.com\\\/#website\",\"url\":\"https:\\\/\\\/ranko-ajdinovic.com\\\/\",\"name\":\"Ranko Ajdinovic - Moderne slike\",\"description\":\"\",\"publisher\":{\"@id\":\"https:\\\/\\\/ranko-ajdinovic.com\\\/#\\\/schema\\\/person\\\/0cefe097e1f0568f925016a168bdeba6\"},\"potentialAction\":[{\"@type\":\"SearchAction\",\"target\":{\"@type\":\"EntryPoint\",\"urlTemplate\":\"https:\\\/\\\/ranko-ajdinovic.com\\\/?s={search_term_string}\"},\"query-input\":{\"@type\":\"PropertyValueSpecification\",\"valueRequired\":true,\"valueName\":\"search_term_string\"}}],\"inLanguage\":\"en-US\"},{\"@type\":[\"Person\",\"Organization\"],\"@id\":\"https:\\\/\\\/ranko-ajdinovic.com\\\/#\\\/schema\\\/person\\\/0cefe097e1f0568f925016a168bdeba6\",\"name\":\"admin\",\"image\":{\"@type\":\"ImageObject\",\"inLanguage\":\"en-US\",\"@id\":\"https:\\\/\\\/secure.gravatar.com\\\/avatar\\\/049d970c38cf58812832cd99b964dcdfd90456c8fd7f47da68257f5b08cf289e?s=96&d=mm&r=g\",\"url\":\"https:\\\/\\\/secure.gravatar.com\\\/avatar\\\/049d970c38cf58812832cd99b964dcdfd90456c8fd7f47da68257f5b08cf289e?s=96&d=mm&r=g\",\"contentUrl\":\"https:\\\/\\\/secure.gravatar.com\\\/avatar\\\/049d970c38cf58812832cd99b964dcdfd90456c8fd7f47da68257f5b08cf289e?s=96&d=mm&r=g\",\"caption\":\"admin\"},\"logo\":{\"@id\":\"https:\\\/\\\/secure.gravatar.com\\\/avatar\\\/049d970c38cf58812832cd99b964dcdfd90456c8fd7f47da68257f5b08cf289e?s=96&d=mm&r=g\"},\"sameAs\":[\"https:\\\/\\\/ranko-ajdinovic.com\"]}]}<\/script>\n<!-- \/ Yoast SEO plugin. -->","yoast_head_json":{"title":"Okrugla slika na platnu originalna moderna apstrakcija Ajdinovi\u0107 Ranko","description":"Okrugla slika na platnu originalna moderna apstrakcija akademskog slikara Ajdinovi\u0107 Ranka. Umjetni\u010dko djelo za novoure\u0111eni stan ili apartman.","robots":{"index":"index","follow":"follow","max-snippet":"max-snippet:-1","max-image-preview":"max-image-preview:large","max-video-preview":"max-video-preview:-1"},"canonical":"https:\/\/ranko-ajdinovic.com\/en\/product\/novi-svijet-2\/","og_locale":"en_US","og_type":"article","og_title":"Okrugla slika na platnu originalna moderna apstrakcija Ajdinovi\u0107 Ranko","og_description":"Okrugla slika na platnu originalna moderna apstrakcija akademskog slikara Ajdinovi\u0107 Ranka. Umjetni\u010dko djelo za novoure\u0111eni stan ili apartman.","og_url":"https:\/\/ranko-ajdinovic.com\/en\/product\/novi-svijet-2\/","og_site_name":"Ranko Ajdinovic - Moderne slike","article_modified_time":"2025-09-10T15:33:42+00:00","og_image":[{"width":1100,"height":1007,"url":"https:\/\/ranko-ajdinovic.com\/wp-content\/uploads\/2025\/09\/Okrugla-slika-na-platnu-originalna-moderna-apstrakcija-Ajdinovic-Ranko-1.jpg","type":"image\/jpeg"}],"twitter_card":"summary_large_image","twitter_misc":{"Est. reading time":"2 minutes"},"schema":{"@context":"https:\/\/schema.org","@graph":[{"@type":"WebPage","@id":"https:\/\/ranko-ajdinovic.com\/proizvod\/novi-svijet-2\/","url":"https:\/\/ranko-ajdinovic.com\/proizvod\/novi-svijet-2\/","name":"Okrugla slika na platnu originalna moderna apstrakcija Ajdinovi\u0107 Ranko","isPartOf":{"@id":"https:\/\/ranko-ajdinovic.com\/#website"},"primaryImageOfPage":{"@id":"https:\/\/ranko-ajdinovic.com\/proizvod\/novi-svijet-2\/#primaryimage"},"image":{"@id":"https:\/\/ranko-ajdinovic.com\/proizvod\/novi-svijet-2\/#primaryimage"},"thumbnailUrl":"https:\/\/ranko-ajdinovic.com\/wp-content\/uploads\/2025\/09\/Okrugla-slika-na-platnu-originalna-moderna-apstrakcija-Ajdinovic-Ranko-1.jpg","datePublished":"2021-04-19T21:59:21+00:00","dateModified":"2025-09-10T15:33:42+00:00","description":"Okrugla slika na platnu originalna moderna apstrakcija akademskog slikara Ajdinovi\u0107 Ranka. Umjetni\u010dko djelo za novoure\u0111eni stan ili apartman.","breadcrumb":{"@id":"https:\/\/ranko-ajdinovic.com\/proizvod\/novi-svijet-2\/#breadcrumb"},"inLanguage":"en-US","potentialAction":[{"@type":"ReadAction","target":["https:\/\/ranko-ajdinovic.com\/proizvod\/novi-svijet-2\/"]}]},{"@type":"ImageObject","inLanguage":"en-US","@id":"https:\/\/ranko-ajdinovic.com\/proizvod\/novi-svijet-2\/#primaryimage","url":"https:\/\/ranko-ajdinovic.com\/wp-content\/uploads\/2025\/09\/Okrugla-slika-na-platnu-originalna-moderna-apstrakcija-Ajdinovic-Ranko-1.jpg","contentUrl":"https:\/\/ranko-ajdinovic.com\/wp-content\/uploads\/2025\/09\/Okrugla-slika-na-platnu-originalna-moderna-apstrakcija-Ajdinovic-Ranko-1.jpg","width":1100,"height":1007,"caption":"Okrugla slika na platnu originalna moderna apstrakcija Ajdinovi\u0107 Ranko"},{"@type":"BreadcrumbList","@id":"https:\/\/ranko-ajdinovic.com\/proizvod\/novi-svijet-2\/#breadcrumb","itemListElement":[{"@type":"ListItem","position":1,"name":"Home","item":"https:\/\/ranko-ajdinovic.com\/"},{"@type":"ListItem","position":2,"name":"Trgovina","item":"https:\/\/ranko-ajdinovic.com\/trgovina\/"},{"@type":"ListItem","position":3,"name":"Novi svijet 2"}]},{"@type":"WebSite","@id":"https:\/\/ranko-ajdinovic.com\/#website","url":"https:\/\/ranko-ajdinovic.com\/","name":"Ranko Ajdinovic - Modern pictures","description":"","publisher":{"@id":"https:\/\/ranko-ajdinovic.com\/#\/schema\/person\/0cefe097e1f0568f925016a168bdeba6"},"potentialAction":[{"@type":"SearchAction","target":{"@type":"EntryPoint","urlTemplate":"https:\/\/ranko-ajdinovic.com\/?s={search_term_string}"},"query-input":{"@type":"PropertyValueSpecification","valueRequired":true,"valueName":"search_term_string"}}],"inLanguage":"en-US"},{"@type":["Person","Organization"],"@id":"https:\/\/ranko-ajdinovic.com\/#\/schema\/person\/0cefe097e1f0568f925016a168bdeba6","name":"admin","image":{"@type":"ImageObject","inLanguage":"en-US","@id":"https:\/\/secure.gravatar.com\/avatar\/049d970c38cf58812832cd99b964dcdfd90456c8fd7f47da68257f5b08cf289e?s=96&d=mm&r=g","url":"https:\/\/secure.gravatar.com\/avatar\/049d970c38cf58812832cd99b964dcdfd90456c8fd7f47da68257f5b08cf289e?s=96&d=mm&r=g","contentUrl":"https:\/\/secure.gravatar.com\/avatar\/049d970c38cf58812832cd99b964dcdfd90456c8fd7f47da68257f5b08cf289e?s=96&d=mm&r=g","caption":"admin"},"logo":{"@id":"https:\/\/secure.gravatar.com\/avatar\/049d970c38cf58812832cd99b964dcdfd90456c8fd7f47da68257f5b08cf289e?s=96&d=mm&r=g"},"sameAs":["https:\/\/ranko-ajdinovic.com"]}]}},"_links":{"self":[{"href":"https:\/\/ranko-ajdinovic.com\/en\/wp-json\/wp\/v2\/product\/4632","targetHints":{"allow":["GET"]}}],"collection":[{"href":"https:\/\/ranko-ajdinovic.com\/en\/wp-json\/wp\/v2\/product"}],"about":[{"href":"https:\/\/ranko-ajdinovic.com\/en\/wp-json\/wp\/v2\/types\/product"}],"wp:featuredmedia":[{"embeddable":true,"href":"https:\/\/ranko-ajdinovic.com\/en\/wp-json\/wp\/v2\/media\/4633"}],"wp:attachment":[{"href":"https:\/\/ranko-ajdinovic.com\/en\/wp-json\/wp\/v2\/media?parent=4632"}],"wp:term":[{"taxonomy":"product_brand","embeddable":true,"href":"https:\/\/ranko-ajdinovic.com\/en\/wp-json\/wp\/v2\/product_brand?post=4632"},{"taxonomy":"product_cat","embeddable":true,"href":"https:\/\/ranko-ajdinovic.com\/en\/wp-json\/wp\/v2\/product_cat?post=4632"},{"taxonomy":"product_tag","embeddable":true,"href":"https:\/\/ranko-ajdinovic.com\/en\/wp-json\/wp\/v2\/product_tag?post=4632"}],"curies":[{"name":"wp","href":"https:\/\/api.w.org\/{rel}","templated":true}]}}