{"id":4832,"date":"2022-02-17T23:01:33","date_gmt":"2022-02-17T23:01:33","guid":{"rendered":"https:\/\/ranko-ajdinovic.com\/?post_type=product&#038;p=4832"},"modified":"2026-04-24T17:39:13","modified_gmt":"2026-04-24T17:39:13","slug":"diptih-unutarnji-pejzaz-t12","status":"publish","type":"product","link":"https:\/\/ranko-ajdinovic.com\/en\/product\/diptih-unutarnji-pejzaz-t12\/","title":{"rendered":"Diptych Interior Landscape T12"},"content":{"rendered":"<p>This is a diptych of two modern abstract paintings giclee prints in a limited edition. These two prints are in circulation as a limited edition and can be ordered in different sizes on 300 gram paper or museum quality canvas. The idea of \u200b\u200bthese two pictures is to be placed next to each other, but if desired, it is also possible to place them separately on different walls. The picture format is vertical and with its palette of vivid colors, these two pictures will easily fit into many modern apartments, houses, offices or apartments.<\/p>\n<p>You can see the prices and dimensions in the menu (Select option) on the right. The prices shown refer to two pictures!<\/p>\n<p>&nbsp;<\/p>\n<p>&nbsp;<\/p>\n<p>&nbsp;<\/p>\n<p>&nbsp;<\/p>\n<h3>Dimensions of the image on paper:<\/h3>\n<ol>\n<li>26 x 50 cm<\/li>\n<li>45 x 85 cm<\/li>\n<\/ol>\n<p>&nbsp;<\/p>\n<p>&nbsp;<\/p>\n<h3>Dimensions of the image on the canvas:<\/h3>\n<p>1. 47 x 90 cm<br \/>\n2. 63 x 120 cm<\/p>\n<p class=\"translation-block\">The prints on paper have a 5 cm white border on all sides (see photos) on which I sign and number by hand in pencil. For example, if the painting is 26 x 50 cm with a white border, the final paper size is 36 x 60 cm, while on canvas there is no visible white border, and the signature and numbering are on the back of the canvas.<\/p>\n<p>The canvas prints have 5 cm of clean white canvas on all sides, which is intended for stretching the canvas onto wooden slats (blind frame - subframe).<\/p>\n<h4><\/h4>\n<p>&nbsp;<\/p>\n<h3>Characteristics:<\/h3>\n<p class=\"translation-block\">Execution: Abstract painting<br>\nTechnique: Graphics \u2013 giclee print (limited edition 100 pcs)<br>\nTitle: \u201d Interior landscape T12 \u201d<\/p>\n<p class=\"translation-block\">Whether you are a collector or a first-time art buyer, the best and safest way to purchase an authentic painting (print or original) is directly from the artist, so I am at your service.<\/p>","protected":false},"excerpt":{"rendered":"<div class=\"et_pb_tab_content\">\n<p>&nbsp;<\/p>\n<p>&nbsp;<\/p>\n<\/div>","protected":false},"featured_media":4833,"template":"","meta":[],"product_brand":[],"product_cat":[15],"product_tag":[],"class_list":{"0":"post-4832","1":"product","2":"type-product","3":"status-publish","4":"has-post-thumbnail","6":"product_cat-grafike","7":"product_shipping_class-grafike","9":"first","10":"instock","11":"shipping-taxable","12":"purchasable","13":"product-type-variable"},"yoast_head":"<!-- This site is optimized with the Yoast SEO plugin v27.3 - https:\/\/yoast.com\/product\/yoast-seo-wordpress\/ -->\n<title>Diptih dvije moderne apstraktne slike u paru \u017eivih boja Ajdinovi\u0107 Ranko<\/title>\n<meta name=\"description\" content=\"Diptih dvije moderne apstraktne slike art printevi limitirane edicije \u017eivih boja za ure\u0111enje dnevnih soba iznad kutne, sofe, kau\u010da..\" \/>\n<meta name=\"robots\" content=\"index, follow, max-snippet:-1, max-image-preview:large, max-video-preview:-1\" \/>\n<link rel=\"canonical\" href=\"https:\/\/ranko-ajdinovic.com\/en\/product\/diptih-unutarnji-pejzaz-t12\/\" \/>\n<meta property=\"og:locale\" content=\"en_US\" \/>\n<meta property=\"og:type\" content=\"article\" \/>\n<meta property=\"og:title\" content=\"Diptih dvije moderne apstraktne slike u paru \u017eivih boja Ajdinovi\u0107 Ranko\" \/>\n<meta property=\"og:description\" content=\"Diptih dvije moderne apstraktne slike art printevi limitirane edicije \u017eivih boja za ure\u0111enje dnevnih soba iznad kutne, sofe, kau\u010da..\" \/>\n<meta property=\"og:url\" content=\"https:\/\/ranko-ajdinovic.com\/en\/product\/diptih-unutarnji-pejzaz-t12\/\" \/>\n<meta property=\"og:site_name\" content=\"Ranko Ajdinovic - Moderne slike\" \/>\n<meta property=\"article:modified_time\" content=\"2026-04-24T17:39:13+00:00\" \/>\n<meta property=\"og:image\" content=\"https:\/\/ranko-ajdinovic.com\/wp-content\/uploads\/2025\/09\/Diptih-dvije-moderne-apstraktne-slike-u-paru-zivih-boja-Ajdinovic-Ranko-natur-okviri-e1717323448704-1.jpg\" \/>\n\t<meta property=\"og:image:width\" content=\"700\" \/>\n\t<meta property=\"og:image:height\" content=\"788\" \/>\n\t<meta property=\"og:image:type\" content=\"image\/jpeg\" \/>\n<meta name=\"twitter:card\" content=\"summary_large_image\" \/>\n<meta name=\"twitter:label1\" content=\"Est. reading time\" \/>\n\t<meta name=\"twitter:data1\" content=\"1 minute\" \/>\n<script type=\"application\/ld+json\" class=\"yoast-schema-graph\">{\"@context\":\"https:\\\/\\\/schema.org\",\"@graph\":[{\"@type\":\"WebPage\",\"@id\":\"https:\\\/\\\/ranko-ajdinovic.com\\\/proizvod\\\/diptih-unutarnji-pejzaz-t12\\\/\",\"url\":\"https:\\\/\\\/ranko-ajdinovic.com\\\/proizvod\\\/diptih-unutarnji-pejzaz-t12\\\/\",\"name\":\"Diptih dvije moderne apstraktne slike u paru \u017eivih boja Ajdinovi\u0107 Ranko\",\"isPartOf\":{\"@id\":\"https:\\\/\\\/ranko-ajdinovic.com\\\/#website\"},\"primaryImageOfPage\":{\"@id\":\"https:\\\/\\\/ranko-ajdinovic.com\\\/proizvod\\\/diptih-unutarnji-pejzaz-t12\\\/#primaryimage\"},\"image\":{\"@id\":\"https:\\\/\\\/ranko-ajdinovic.com\\\/proizvod\\\/diptih-unutarnji-pejzaz-t12\\\/#primaryimage\"},\"thumbnailUrl\":\"https:\\\/\\\/ranko-ajdinovic.com\\\/wp-content\\\/uploads\\\/2025\\\/09\\\/Diptih-dvije-moderne-apstraktne-slike-u-paru-zivih-boja-Ajdinovic-Ranko-natur-okviri-e1717323448704-1.jpg\",\"datePublished\":\"2022-02-17T23:01:33+00:00\",\"dateModified\":\"2026-04-24T17:39:13+00:00\",\"description\":\"Diptih dvije moderne apstraktne slike art printevi limitirane edicije \u017eivih boja za ure\u0111enje dnevnih soba iznad kutne, sofe, kau\u010da..\",\"breadcrumb\":{\"@id\":\"https:\\\/\\\/ranko-ajdinovic.com\\\/proizvod\\\/diptih-unutarnji-pejzaz-t12\\\/#breadcrumb\"},\"inLanguage\":\"en-US\",\"potentialAction\":[{\"@type\":\"ReadAction\",\"target\":[\"https:\\\/\\\/ranko-ajdinovic.com\\\/proizvod\\\/diptih-unutarnji-pejzaz-t12\\\/\"]}]},{\"@type\":\"ImageObject\",\"inLanguage\":\"en-US\",\"@id\":\"https:\\\/\\\/ranko-ajdinovic.com\\\/proizvod\\\/diptih-unutarnji-pejzaz-t12\\\/#primaryimage\",\"url\":\"https:\\\/\\\/ranko-ajdinovic.com\\\/wp-content\\\/uploads\\\/2025\\\/09\\\/Diptih-dvije-moderne-apstraktne-slike-u-paru-zivih-boja-Ajdinovic-Ranko-natur-okviri-e1717323448704-1.jpg\",\"contentUrl\":\"https:\\\/\\\/ranko-ajdinovic.com\\\/wp-content\\\/uploads\\\/2025\\\/09\\\/Diptih-dvije-moderne-apstraktne-slike-u-paru-zivih-boja-Ajdinovic-Ranko-natur-okviri-e1717323448704-1.jpg\",\"width\":700,\"height\":788,\"caption\":\"Diptih dvije apstraktne slike \u017eivih boja u natur okvirima iznad sme\u0111eg kau\u010da\"},{\"@type\":\"BreadcrumbList\",\"@id\":\"https:\\\/\\\/ranko-ajdinovic.com\\\/proizvod\\\/diptih-unutarnji-pejzaz-t12\\\/#breadcrumb\",\"itemListElement\":[{\"@type\":\"ListItem\",\"position\":1,\"name\":\"Home\",\"item\":\"https:\\\/\\\/ranko-ajdinovic.com\\\/\"},{\"@type\":\"ListItem\",\"position\":2,\"name\":\"Trgovina\",\"item\":\"https:\\\/\\\/ranko-ajdinovic.com\\\/trgovina\\\/\"},{\"@type\":\"ListItem\",\"position\":3,\"name\":\"Diptih Unutarnji pejza\u017e T12\"}]},{\"@type\":\"WebSite\",\"@id\":\"https:\\\/\\\/ranko-ajdinovic.com\\\/#website\",\"url\":\"https:\\\/\\\/ranko-ajdinovic.com\\\/\",\"name\":\"Ranko Ajdinovic - Moderne slike\",\"description\":\"\",\"publisher\":{\"@id\":\"https:\\\/\\\/ranko-ajdinovic.com\\\/#\\\/schema\\\/person\\\/0cefe097e1f0568f925016a168bdeba6\"},\"potentialAction\":[{\"@type\":\"SearchAction\",\"target\":{\"@type\":\"EntryPoint\",\"urlTemplate\":\"https:\\\/\\\/ranko-ajdinovic.com\\\/?s={search_term_string}\"},\"query-input\":{\"@type\":\"PropertyValueSpecification\",\"valueRequired\":true,\"valueName\":\"search_term_string\"}}],\"inLanguage\":\"en-US\"},{\"@type\":[\"Person\",\"Organization\"],\"@id\":\"https:\\\/\\\/ranko-ajdinovic.com\\\/#\\\/schema\\\/person\\\/0cefe097e1f0568f925016a168bdeba6\",\"name\":\"admin\",\"image\":{\"@type\":\"ImageObject\",\"inLanguage\":\"en-US\",\"@id\":\"https:\\\/\\\/secure.gravatar.com\\\/avatar\\\/049d970c38cf58812832cd99b964dcdfd90456c8fd7f47da68257f5b08cf289e?s=96&d=mm&r=g\",\"url\":\"https:\\\/\\\/secure.gravatar.com\\\/avatar\\\/049d970c38cf58812832cd99b964dcdfd90456c8fd7f47da68257f5b08cf289e?s=96&d=mm&r=g\",\"contentUrl\":\"https:\\\/\\\/secure.gravatar.com\\\/avatar\\\/049d970c38cf58812832cd99b964dcdfd90456c8fd7f47da68257f5b08cf289e?s=96&d=mm&r=g\",\"caption\":\"admin\"},\"logo\":{\"@id\":\"https:\\\/\\\/secure.gravatar.com\\\/avatar\\\/049d970c38cf58812832cd99b964dcdfd90456c8fd7f47da68257f5b08cf289e?s=96&d=mm&r=g\"},\"sameAs\":[\"https:\\\/\\\/ranko-ajdinovic.com\"]}]}<\/script>\n<!-- \/ Yoast SEO plugin. -->","yoast_head_json":{"title":"Diptih dvije moderne apstraktne slike u paru \u017eivih boja Ajdinovi\u0107 Ranko","description":"Diptih dvije moderne apstraktne slike art printevi limitirane edicije \u017eivih boja za ure\u0111enje dnevnih soba iznad kutne, sofe, kau\u010da..","robots":{"index":"index","follow":"follow","max-snippet":"max-snippet:-1","max-image-preview":"max-image-preview:large","max-video-preview":"max-video-preview:-1"},"canonical":"https:\/\/ranko-ajdinovic.com\/en\/product\/diptih-unutarnji-pejzaz-t12\/","og_locale":"en_US","og_type":"article","og_title":"Diptih dvije moderne apstraktne slike u paru \u017eivih boja Ajdinovi\u0107 Ranko","og_description":"Diptih dvije moderne apstraktne slike art printevi limitirane edicije \u017eivih boja za ure\u0111enje dnevnih soba iznad kutne, sofe, kau\u010da..","og_url":"https:\/\/ranko-ajdinovic.com\/en\/product\/diptih-unutarnji-pejzaz-t12\/","og_site_name":"Ranko Ajdinovic - Moderne slike","article_modified_time":"2026-04-24T17:39:13+00:00","og_image":[{"width":700,"height":788,"url":"https:\/\/ranko-ajdinovic.com\/wp-content\/uploads\/2025\/09\/Diptih-dvije-moderne-apstraktne-slike-u-paru-zivih-boja-Ajdinovic-Ranko-natur-okviri-e1717323448704-1.jpg","type":"image\/jpeg"}],"twitter_card":"summary_large_image","twitter_misc":{"Est. reading time":"1 minute"},"schema":{"@context":"https:\/\/schema.org","@graph":[{"@type":"WebPage","@id":"https:\/\/ranko-ajdinovic.com\/proizvod\/diptih-unutarnji-pejzaz-t12\/","url":"https:\/\/ranko-ajdinovic.com\/proizvod\/diptih-unutarnji-pejzaz-t12\/","name":"Diptih dvije moderne apstraktne slike u paru \u017eivih boja Ajdinovi\u0107 Ranko","isPartOf":{"@id":"https:\/\/ranko-ajdinovic.com\/#website"},"primaryImageOfPage":{"@id":"https:\/\/ranko-ajdinovic.com\/proizvod\/diptih-unutarnji-pejzaz-t12\/#primaryimage"},"image":{"@id":"https:\/\/ranko-ajdinovic.com\/proizvod\/diptih-unutarnji-pejzaz-t12\/#primaryimage"},"thumbnailUrl":"https:\/\/ranko-ajdinovic.com\/wp-content\/uploads\/2025\/09\/Diptih-dvije-moderne-apstraktne-slike-u-paru-zivih-boja-Ajdinovic-Ranko-natur-okviri-e1717323448704-1.jpg","datePublished":"2022-02-17T23:01:33+00:00","dateModified":"2026-04-24T17:39:13+00:00","description":"Diptih dvije moderne apstraktne slike art printevi limitirane edicije \u017eivih boja za ure\u0111enje dnevnih soba iznad kutne, sofe, kau\u010da..","breadcrumb":{"@id":"https:\/\/ranko-ajdinovic.com\/proizvod\/diptih-unutarnji-pejzaz-t12\/#breadcrumb"},"inLanguage":"en-US","potentialAction":[{"@type":"ReadAction","target":["https:\/\/ranko-ajdinovic.com\/proizvod\/diptih-unutarnji-pejzaz-t12\/"]}]},{"@type":"ImageObject","inLanguage":"en-US","@id":"https:\/\/ranko-ajdinovic.com\/proizvod\/diptih-unutarnji-pejzaz-t12\/#primaryimage","url":"https:\/\/ranko-ajdinovic.com\/wp-content\/uploads\/2025\/09\/Diptih-dvije-moderne-apstraktne-slike-u-paru-zivih-boja-Ajdinovic-Ranko-natur-okviri-e1717323448704-1.jpg","contentUrl":"https:\/\/ranko-ajdinovic.com\/wp-content\/uploads\/2025\/09\/Diptih-dvije-moderne-apstraktne-slike-u-paru-zivih-boja-Ajdinovic-Ranko-natur-okviri-e1717323448704-1.jpg","width":700,"height":788,"caption":"Diptih dvije apstraktne slike \u017eivih boja u natur okvirima iznad sme\u0111eg kau\u010da"},{"@type":"BreadcrumbList","@id":"https:\/\/ranko-ajdinovic.com\/proizvod\/diptih-unutarnji-pejzaz-t12\/#breadcrumb","itemListElement":[{"@type":"ListItem","position":1,"name":"Home","item":"https:\/\/ranko-ajdinovic.com\/"},{"@type":"ListItem","position":2,"name":"Trgovina","item":"https:\/\/ranko-ajdinovic.com\/trgovina\/"},{"@type":"ListItem","position":3,"name":"Diptih Unutarnji pejza\u017e T12"}]},{"@type":"WebSite","@id":"https:\/\/ranko-ajdinovic.com\/#website","url":"https:\/\/ranko-ajdinovic.com\/","name":"Ranko Ajdinovic - Modern pictures","description":"","publisher":{"@id":"https:\/\/ranko-ajdinovic.com\/#\/schema\/person\/0cefe097e1f0568f925016a168bdeba6"},"potentialAction":[{"@type":"SearchAction","target":{"@type":"EntryPoint","urlTemplate":"https:\/\/ranko-ajdinovic.com\/?s={search_term_string}"},"query-input":{"@type":"PropertyValueSpecification","valueRequired":true,"valueName":"search_term_string"}}],"inLanguage":"en-US"},{"@type":["Person","Organization"],"@id":"https:\/\/ranko-ajdinovic.com\/#\/schema\/person\/0cefe097e1f0568f925016a168bdeba6","name":"admin","image":{"@type":"ImageObject","inLanguage":"en-US","@id":"https:\/\/secure.gravatar.com\/avatar\/049d970c38cf58812832cd99b964dcdfd90456c8fd7f47da68257f5b08cf289e?s=96&d=mm&r=g","url":"https:\/\/secure.gravatar.com\/avatar\/049d970c38cf58812832cd99b964dcdfd90456c8fd7f47da68257f5b08cf289e?s=96&d=mm&r=g","contentUrl":"https:\/\/secure.gravatar.com\/avatar\/049d970c38cf58812832cd99b964dcdfd90456c8fd7f47da68257f5b08cf289e?s=96&d=mm&r=g","caption":"admin"},"logo":{"@id":"https:\/\/secure.gravatar.com\/avatar\/049d970c38cf58812832cd99b964dcdfd90456c8fd7f47da68257f5b08cf289e?s=96&d=mm&r=g"},"sameAs":["https:\/\/ranko-ajdinovic.com"]}]}},"_links":{"self":[{"href":"https:\/\/ranko-ajdinovic.com\/en\/wp-json\/wp\/v2\/product\/4832","targetHints":{"allow":["GET"]}}],"collection":[{"href":"https:\/\/ranko-ajdinovic.com\/en\/wp-json\/wp\/v2\/product"}],"about":[{"href":"https:\/\/ranko-ajdinovic.com\/en\/wp-json\/wp\/v2\/types\/product"}],"wp:featuredmedia":[{"embeddable":true,"href":"https:\/\/ranko-ajdinovic.com\/en\/wp-json\/wp\/v2\/media\/4833"}],"wp:attachment":[{"href":"https:\/\/ranko-ajdinovic.com\/en\/wp-json\/wp\/v2\/media?parent=4832"}],"wp:term":[{"taxonomy":"product_brand","embeddable":true,"href":"https:\/\/ranko-ajdinovic.com\/en\/wp-json\/wp\/v2\/product_brand?post=4832"},{"taxonomy":"product_cat","embeddable":true,"href":"https:\/\/ranko-ajdinovic.com\/en\/wp-json\/wp\/v2\/product_cat?post=4832"},{"taxonomy":"product_tag","embeddable":true,"href":"https:\/\/ranko-ajdinovic.com\/en\/wp-json\/wp\/v2\/product_tag?post=4832"}],"curies":[{"name":"wp","href":"https:\/\/api.w.org\/{rel}","templated":true}]}}