{"id":5014,"date":"2022-09-07T21:02:19","date_gmt":"2022-09-07T21:02:19","guid":{"rendered":"https:\/\/ranko-ajdinovic.com\/?post_type=product&#038;p=5014"},"modified":"2025-09-10T15:34:17","modified_gmt":"2025-09-10T15:34:17","slug":"obala-sjecanja","status":"publish","type":"product","link":"https:\/\/ranko-ajdinovic.com\/en\/product\/obala-sjecanja\/","title":{"rendered":"Obala sje\u0107anja"},"content":{"rendered":"<p>&nbsp;<\/p>\n<p style=\"text-align: center;\">Umjetni\u010dka moderna slika tirkizno, \u017euto plavih tonova i kvadratnog formata djelo je akademskog slikara Ajdinovi\u0107 Ranka.\u00a0\u00a0\u00a0 &#8221; Obala sje\u0107anja &#8221; je originalni umjetni\u010dki rad i jedini je primjerak u svijetu kao takav.<br \/>\nSlika je kvadratnog formata i izvedena je u modernom apstraktnom stilu. Nastala je u 2021. godini, a tehnika je<br \/>\nakril kombinirano na platnu koje je napeto na profesionalnim drvenim letvicama. Pripremljena je i spremna za postavljanje<br \/>\nna zid, te nije potrebno dodatno uramljivanje ( ako se ne \u017eeli ).\u00a0 Za svaku kupljenu umjetni\u010dku sliku izdajem ovjeren i ru\u010dno potpisan certifikat autenti\u010dnosti. Ova apstraktna, moderna slika izvrstan je autorski primjerak sa potpisom koji nosi stvarnu<br \/>\numjetni\u010dku energiju i trajnu vrijednost u Va\u0161 prostor. Kao takva oplemenit \u0107e svaki interijer i ljude koji u njemu borave.<br \/>\nSlika je prikladna za ve\u0107inu prostora, bilo da se radi o stanu, ku\u0107i, apartmanu, hotelu ili poslovnom uredu.<\/p>\n<h3 style=\"text-align: center;\"><\/h3>\n<h3 style=\"text-align: center;\"><\/h3>\n<h3 style=\"text-align: center;\">Characteristics of the artwork:<\/h3>\n<p style=\"text-align: center;\">Tehnika: akril kombinirano na platnu<br \/>\nNaziv: &#8221; Obala sje\u0107anja &#8221;<br \/>\nDimenzije: 50 x 50 cm<br \/>\nMaterijali: Akril, uljni pastel, sprej, ugljen<br \/>\nGodina: 2021<br \/>\nStil: Apstraktno slikarstvo<\/p>\n<p style=\"text-align: center;\">*** The painting is ready to be hung on the wall ***<\/p>\n<p style=\"text-align: center;\" class=\"translation-block\">Whether you are a collector or a first-time art buyer, the best and safest way to purchase authentic original art is directly from the artist, so I am at your service.<\/p>\n<h3><\/h3>\n<h3><\/h3>\n<h3 style=\"text-align: center;\">Delivery and other conditions:<\/h3>\n<p style=\"text-align: center;\" class=\"translation-block\">\u2013 The frame is shown for illustrative purposes, and is not included with the image<br>\n\u2013 Postage is free for this artwork<br>\n- I pack the pictures with great care, send them quickly and safely throughout our beautiful<br>\nglobes.<br>\n- I send works of art on paper rolled up in a protective tube. If<br>\nwe are talking about works on canvas that are stretched on a wooden frame, then I send them as such (ready to be mounted on the wall)<br>\nin a protective box lined with styrofoam on the inside.<br>\n- Delivery time in Croatia is 2-3 days, for other countries in the world 5-20 days<\/p>\n<h3><\/h3>\n<h3><\/h3>\n<h3 style=\"text-align: center;\">Security guarantee:<\/h3>\n<p style=\"text-align: center;\">- If you are not satisfied with the picture after purchase, for any reason, within 30 days you can exchange it for another one (you pay the return postage) or ask for a full refund.<\/p>\n<h2><\/h2>\n<h3><\/h3>\n<p>&nbsp;<\/p>\n<h3 style=\"text-align: center;\">Other images currently available for purchase can be found at <a href=\"https:\/\/ranko-ajdinovic.com\/en\/apstraktne-slike-ajdinovic-shop\/\">SHOP<\/a><\/h3>\n<p>&nbsp;<\/p>\n<p>&nbsp;<\/p>\n<p style=\"text-align: center;\">I am at your disposal for all other questions.<\/p>","protected":false},"excerpt":{"rendered":"<p>&nbsp; Umjetni\u010dka moderna slika tirkizno, \u017euto plavih tonova i kvadratnog formata djelo je akademskog slikara Ajdinovi\u0107 Ranka.\u00a0\u00a0\u00a0 &#8221; Obala sje\u0107anja &#8221; je originalni umjetni\u010dki rad i jedini je primjerak u svijetu kao takav. Slika je kvadratnog formata i izvedena je u modernom apstraktnom stilu. Nastala je u 2021. godini, a tehnika je akril kombinirano na [&hellip;]<\/p>\n","protected":false},"featured_media":5015,"template":"","meta":[],"product_brand":[],"product_cat":[22],"product_tag":[],"class_list":{"0":"post-5014","1":"product","2":"type-product","3":"status-publish","4":"has-post-thumbnail","6":"product_cat-originali","8":"first","9":"outofstock","10":"sold-individually","11":"shipping-taxable","12":"product-type-simple"},"yoast_head":"<!-- This site is optimized with the Yoast SEO plugin v27.3 - https:\/\/yoast.com\/product\/yoast-seo-wordpress\/ -->\n<title>Tirkizno \u017euto plava moderna slika kvadratna apstrakcija Ajdinovi\u0107<\/title>\n<meta name=\"description\" content=\"Tirkizno \u017euto plava moderna slika kvadratna apstrakcija na platnu, originalna umjetni\u010dka slika suvremenog umjetnika Ranka Ajdinovi\u0107a za moderno ure\u0111enje\" \/>\n<meta name=\"robots\" content=\"index, follow, max-snippet:-1, max-image-preview:large, max-video-preview:-1\" \/>\n<link rel=\"canonical\" href=\"https:\/\/ranko-ajdinovic.com\/en\/product\/obala-sjecanja\/\" \/>\n<meta property=\"og:locale\" content=\"en_US\" \/>\n<meta property=\"og:type\" content=\"article\" \/>\n<meta property=\"og:title\" content=\"Tirkizno \u017euto plava moderna slika kvadratna apstrakcija Ajdinovi\u0107\" \/>\n<meta property=\"og:description\" content=\"Tirkizno \u017euto plava moderna slika kvadratna apstrakcija na platnu, originalna umjetni\u010dka slika suvremenog umjetnika Ranka Ajdinovi\u0107a za moderno ure\u0111enje\" \/>\n<meta property=\"og:url\" content=\"https:\/\/ranko-ajdinovic.com\/en\/product\/obala-sjecanja\/\" \/>\n<meta property=\"og:site_name\" content=\"Ranko Ajdinovic - Moderne slike\" \/>\n<meta property=\"article:modified_time\" content=\"2025-09-10T15:34:17+00:00\" \/>\n<meta property=\"og:image\" content=\"https:\/\/ranko-ajdinovic.com\/wp-content\/uploads\/2025\/09\/Tirkizno_zuto_plava_boja_umjetnicka_slika_ajdinovic_obala_sjecanja-1.jpg\" \/>\n\t<meta property=\"og:image:width\" content=\"900\" \/>\n\t<meta property=\"og:image:height\" content=\"1273\" \/>\n\t<meta property=\"og:image:type\" content=\"image\/jpeg\" \/>\n<meta name=\"twitter:card\" content=\"summary_large_image\" \/>\n<meta name=\"twitter:label1\" content=\"Est. reading time\" \/>\n\t<meta name=\"twitter:data1\" content=\"2 minutes\" \/>\n<script type=\"application\/ld+json\" class=\"yoast-schema-graph\">{\"@context\":\"https:\\\/\\\/schema.org\",\"@graph\":[{\"@type\":\"WebPage\",\"@id\":\"https:\\\/\\\/ranko-ajdinovic.com\\\/proizvod\\\/obala-sjecanja\\\/\",\"url\":\"https:\\\/\\\/ranko-ajdinovic.com\\\/proizvod\\\/obala-sjecanja\\\/\",\"name\":\"Tirkizno \u017euto plava moderna slika kvadratna apstrakcija Ajdinovi\u0107\",\"isPartOf\":{\"@id\":\"https:\\\/\\\/ranko-ajdinovic.com\\\/#website\"},\"primaryImageOfPage\":{\"@id\":\"https:\\\/\\\/ranko-ajdinovic.com\\\/proizvod\\\/obala-sjecanja\\\/#primaryimage\"},\"image\":{\"@id\":\"https:\\\/\\\/ranko-ajdinovic.com\\\/proizvod\\\/obala-sjecanja\\\/#primaryimage\"},\"thumbnailUrl\":\"https:\\\/\\\/ranko-ajdinovic.com\\\/wp-content\\\/uploads\\\/2025\\\/09\\\/Tirkizno_zuto_plava_boja_umjetnicka_slika_ajdinovic_obala_sjecanja-1.jpg\",\"datePublished\":\"2022-09-07T21:02:19+00:00\",\"dateModified\":\"2025-09-10T15:34:17+00:00\",\"description\":\"Tirkizno \u017euto plava moderna slika kvadratna apstrakcija na platnu, originalna umjetni\u010dka slika suvremenog umjetnika Ranka Ajdinovi\u0107a za moderno ure\u0111enje\",\"breadcrumb\":{\"@id\":\"https:\\\/\\\/ranko-ajdinovic.com\\\/proizvod\\\/obala-sjecanja\\\/#breadcrumb\"},\"inLanguage\":\"en-US\",\"potentialAction\":[{\"@type\":\"ReadAction\",\"target\":[\"https:\\\/\\\/ranko-ajdinovic.com\\\/proizvod\\\/obala-sjecanja\\\/\"]}]},{\"@type\":\"ImageObject\",\"inLanguage\":\"en-US\",\"@id\":\"https:\\\/\\\/ranko-ajdinovic.com\\\/proizvod\\\/obala-sjecanja\\\/#primaryimage\",\"url\":\"https:\\\/\\\/ranko-ajdinovic.com\\\/wp-content\\\/uploads\\\/2025\\\/09\\\/Tirkizno_zuto_plava_boja_umjetnicka_slika_ajdinovic_obala_sjecanja-1.jpg\",\"contentUrl\":\"https:\\\/\\\/ranko-ajdinovic.com\\\/wp-content\\\/uploads\\\/2025\\\/09\\\/Tirkizno_zuto_plava_boja_umjetnicka_slika_ajdinovic_obala_sjecanja-1.jpg\",\"width\":900,\"height\":1273,\"caption\":\"tirkizno \u017euto plava moderna slika na platnu Ajdinovi\u0107\"},{\"@type\":\"BreadcrumbList\",\"@id\":\"https:\\\/\\\/ranko-ajdinovic.com\\\/proizvod\\\/obala-sjecanja\\\/#breadcrumb\",\"itemListElement\":[{\"@type\":\"ListItem\",\"position\":1,\"name\":\"Home\",\"item\":\"https:\\\/\\\/ranko-ajdinovic.com\\\/\"},{\"@type\":\"ListItem\",\"position\":2,\"name\":\"Trgovina\",\"item\":\"https:\\\/\\\/ranko-ajdinovic.com\\\/trgovina\\\/\"},{\"@type\":\"ListItem\",\"position\":3,\"name\":\"Obala sje\u0107anja\"}]},{\"@type\":\"WebSite\",\"@id\":\"https:\\\/\\\/ranko-ajdinovic.com\\\/#website\",\"url\":\"https:\\\/\\\/ranko-ajdinovic.com\\\/\",\"name\":\"Ranko Ajdinovic - Moderne slike\",\"description\":\"\",\"publisher\":{\"@id\":\"https:\\\/\\\/ranko-ajdinovic.com\\\/#\\\/schema\\\/person\\\/0cefe097e1f0568f925016a168bdeba6\"},\"potentialAction\":[{\"@type\":\"SearchAction\",\"target\":{\"@type\":\"EntryPoint\",\"urlTemplate\":\"https:\\\/\\\/ranko-ajdinovic.com\\\/?s={search_term_string}\"},\"query-input\":{\"@type\":\"PropertyValueSpecification\",\"valueRequired\":true,\"valueName\":\"search_term_string\"}}],\"inLanguage\":\"en-US\"},{\"@type\":[\"Person\",\"Organization\"],\"@id\":\"https:\\\/\\\/ranko-ajdinovic.com\\\/#\\\/schema\\\/person\\\/0cefe097e1f0568f925016a168bdeba6\",\"name\":\"admin\",\"image\":{\"@type\":\"ImageObject\",\"inLanguage\":\"en-US\",\"@id\":\"https:\\\/\\\/secure.gravatar.com\\\/avatar\\\/049d970c38cf58812832cd99b964dcdfd90456c8fd7f47da68257f5b08cf289e?s=96&d=mm&r=g\",\"url\":\"https:\\\/\\\/secure.gravatar.com\\\/avatar\\\/049d970c38cf58812832cd99b964dcdfd90456c8fd7f47da68257f5b08cf289e?s=96&d=mm&r=g\",\"contentUrl\":\"https:\\\/\\\/secure.gravatar.com\\\/avatar\\\/049d970c38cf58812832cd99b964dcdfd90456c8fd7f47da68257f5b08cf289e?s=96&d=mm&r=g\",\"caption\":\"admin\"},\"logo\":{\"@id\":\"https:\\\/\\\/secure.gravatar.com\\\/avatar\\\/049d970c38cf58812832cd99b964dcdfd90456c8fd7f47da68257f5b08cf289e?s=96&d=mm&r=g\"},\"sameAs\":[\"https:\\\/\\\/ranko-ajdinovic.com\"]}]}<\/script>\n<!-- \/ Yoast SEO plugin. -->","yoast_head_json":{"title":"Tirkizno \u017euto plava moderna slika kvadratna apstrakcija Ajdinovi\u0107","description":"Tirkizno \u017euto plava moderna slika kvadratna apstrakcija na platnu, originalna umjetni\u010dka slika suvremenog umjetnika Ranka Ajdinovi\u0107a za moderno ure\u0111enje","robots":{"index":"index","follow":"follow","max-snippet":"max-snippet:-1","max-image-preview":"max-image-preview:large","max-video-preview":"max-video-preview:-1"},"canonical":"https:\/\/ranko-ajdinovic.com\/en\/product\/obala-sjecanja\/","og_locale":"en_US","og_type":"article","og_title":"Tirkizno \u017euto plava moderna slika kvadratna apstrakcija Ajdinovi\u0107","og_description":"Tirkizno \u017euto plava moderna slika kvadratna apstrakcija na platnu, originalna umjetni\u010dka slika suvremenog umjetnika Ranka Ajdinovi\u0107a za moderno ure\u0111enje","og_url":"https:\/\/ranko-ajdinovic.com\/en\/product\/obala-sjecanja\/","og_site_name":"Ranko Ajdinovic - Moderne slike","article_modified_time":"2025-09-10T15:34:17+00:00","og_image":[{"width":900,"height":1273,"url":"https:\/\/ranko-ajdinovic.com\/wp-content\/uploads\/2025\/09\/Tirkizno_zuto_plava_boja_umjetnicka_slika_ajdinovic_obala_sjecanja-1.jpg","type":"image\/jpeg"}],"twitter_card":"summary_large_image","twitter_misc":{"Est. reading time":"2 minutes"},"schema":{"@context":"https:\/\/schema.org","@graph":[{"@type":"WebPage","@id":"https:\/\/ranko-ajdinovic.com\/proizvod\/obala-sjecanja\/","url":"https:\/\/ranko-ajdinovic.com\/proizvod\/obala-sjecanja\/","name":"Tirkizno \u017euto plava moderna slika kvadratna apstrakcija Ajdinovi\u0107","isPartOf":{"@id":"https:\/\/ranko-ajdinovic.com\/#website"},"primaryImageOfPage":{"@id":"https:\/\/ranko-ajdinovic.com\/proizvod\/obala-sjecanja\/#primaryimage"},"image":{"@id":"https:\/\/ranko-ajdinovic.com\/proizvod\/obala-sjecanja\/#primaryimage"},"thumbnailUrl":"https:\/\/ranko-ajdinovic.com\/wp-content\/uploads\/2025\/09\/Tirkizno_zuto_plava_boja_umjetnicka_slika_ajdinovic_obala_sjecanja-1.jpg","datePublished":"2022-09-07T21:02:19+00:00","dateModified":"2025-09-10T15:34:17+00:00","description":"Tirkizno \u017euto plava moderna slika kvadratna apstrakcija na platnu, originalna umjetni\u010dka slika suvremenog umjetnika Ranka Ajdinovi\u0107a za moderno ure\u0111enje","breadcrumb":{"@id":"https:\/\/ranko-ajdinovic.com\/proizvod\/obala-sjecanja\/#breadcrumb"},"inLanguage":"en-US","potentialAction":[{"@type":"ReadAction","target":["https:\/\/ranko-ajdinovic.com\/proizvod\/obala-sjecanja\/"]}]},{"@type":"ImageObject","inLanguage":"en-US","@id":"https:\/\/ranko-ajdinovic.com\/proizvod\/obala-sjecanja\/#primaryimage","url":"https:\/\/ranko-ajdinovic.com\/wp-content\/uploads\/2025\/09\/Tirkizno_zuto_plava_boja_umjetnicka_slika_ajdinovic_obala_sjecanja-1.jpg","contentUrl":"https:\/\/ranko-ajdinovic.com\/wp-content\/uploads\/2025\/09\/Tirkizno_zuto_plava_boja_umjetnicka_slika_ajdinovic_obala_sjecanja-1.jpg","width":900,"height":1273,"caption":"tirkizno \u017euto plava moderna slika na platnu Ajdinovi\u0107"},{"@type":"BreadcrumbList","@id":"https:\/\/ranko-ajdinovic.com\/proizvod\/obala-sjecanja\/#breadcrumb","itemListElement":[{"@type":"ListItem","position":1,"name":"Home","item":"https:\/\/ranko-ajdinovic.com\/"},{"@type":"ListItem","position":2,"name":"Trgovina","item":"https:\/\/ranko-ajdinovic.com\/trgovina\/"},{"@type":"ListItem","position":3,"name":"Obala sje\u0107anja"}]},{"@type":"WebSite","@id":"https:\/\/ranko-ajdinovic.com\/#website","url":"https:\/\/ranko-ajdinovic.com\/","name":"Ranko Ajdinovic - Modern pictures","description":"","publisher":{"@id":"https:\/\/ranko-ajdinovic.com\/#\/schema\/person\/0cefe097e1f0568f925016a168bdeba6"},"potentialAction":[{"@type":"SearchAction","target":{"@type":"EntryPoint","urlTemplate":"https:\/\/ranko-ajdinovic.com\/?s={search_term_string}"},"query-input":{"@type":"PropertyValueSpecification","valueRequired":true,"valueName":"search_term_string"}}],"inLanguage":"en-US"},{"@type":["Person","Organization"],"@id":"https:\/\/ranko-ajdinovic.com\/#\/schema\/person\/0cefe097e1f0568f925016a168bdeba6","name":"admin","image":{"@type":"ImageObject","inLanguage":"en-US","@id":"https:\/\/secure.gravatar.com\/avatar\/049d970c38cf58812832cd99b964dcdfd90456c8fd7f47da68257f5b08cf289e?s=96&d=mm&r=g","url":"https:\/\/secure.gravatar.com\/avatar\/049d970c38cf58812832cd99b964dcdfd90456c8fd7f47da68257f5b08cf289e?s=96&d=mm&r=g","contentUrl":"https:\/\/secure.gravatar.com\/avatar\/049d970c38cf58812832cd99b964dcdfd90456c8fd7f47da68257f5b08cf289e?s=96&d=mm&r=g","caption":"admin"},"logo":{"@id":"https:\/\/secure.gravatar.com\/avatar\/049d970c38cf58812832cd99b964dcdfd90456c8fd7f47da68257f5b08cf289e?s=96&d=mm&r=g"},"sameAs":["https:\/\/ranko-ajdinovic.com"]}]}},"_links":{"self":[{"href":"https:\/\/ranko-ajdinovic.com\/en\/wp-json\/wp\/v2\/product\/5014","targetHints":{"allow":["GET"]}}],"collection":[{"href":"https:\/\/ranko-ajdinovic.com\/en\/wp-json\/wp\/v2\/product"}],"about":[{"href":"https:\/\/ranko-ajdinovic.com\/en\/wp-json\/wp\/v2\/types\/product"}],"wp:featuredmedia":[{"embeddable":true,"href":"https:\/\/ranko-ajdinovic.com\/en\/wp-json\/wp\/v2\/media\/5015"}],"wp:attachment":[{"href":"https:\/\/ranko-ajdinovic.com\/en\/wp-json\/wp\/v2\/media?parent=5014"}],"wp:term":[{"taxonomy":"product_brand","embeddable":true,"href":"https:\/\/ranko-ajdinovic.com\/en\/wp-json\/wp\/v2\/product_brand?post=5014"},{"taxonomy":"product_cat","embeddable":true,"href":"https:\/\/ranko-ajdinovic.com\/en\/wp-json\/wp\/v2\/product_cat?post=5014"},{"taxonomy":"product_tag","embeddable":true,"href":"https:\/\/ranko-ajdinovic.com\/en\/wp-json\/wp\/v2\/product_tag?post=5014"}],"curies":[{"name":"wp","href":"https:\/\/api.w.org\/{rel}","templated":true}]}}