{"id":5566,"date":"2024-03-01T23:21:44","date_gmt":"2024-03-01T23:21:44","guid":{"rendered":"https:\/\/ranko-ajdinovic.com\/?post_type=product&#038;p=5566"},"modified":"2025-09-10T15:34:59","modified_gmt":"2025-09-10T15:34:59","slug":"rebirth","status":"publish","type":"product","link":"https:\/\/ranko-ajdinovic.com\/en\/product\/rebirth\/","title":{"rendered":"Rebirth"},"content":{"rendered":"<p style=\"text-align: center;\" class=\"translation-block\">Large diptych 2m x 1.2m modern two-part painting of vivid colors, is a work of art on canvas by academic painter Ranko Ajdinovi\u0107. This painting, in which pink predominates with coloristic elements in the central part of the painting, is unique and the only copy in the world as such.<br>\nThe painting is horizontal in format and consists of two individual canvases measuring 100 x 120 cm. It was created in the style of modern geometric abstraction. It was created in 2023, and the technique is acrylic on canvas stretched on professional wooden slats. The painting - canvas is stretched on professional wooden slats (blind frame) and is ready to be placed<br>\non the wall, so no additional framing is required. For each purchased painting, I issue a certified and hand-signed certificate of authenticity. This abstract, modern painting is an excellent author's copy with a signature that brings real<br>\nartistic energy and lasting value to your space. As such, it will enhance any interior and the people who live in it.<br>\nThe painting is suitable for most spaces, whether it is an apartment, house, suite, hotel or business office.<\/p>\n<h3 style=\"text-align: center;\"><\/h3>\n<h3 style=\"text-align: center;\"><\/h3>\n<h3 style=\"text-align: center;\">Characteristics of the artwork:<\/h3>\n<p style=\"text-align: center;\" class=\"translation-block\">Technique: acrylic combined on canvas<br>\nName: \"Rebirth\"<br>\nDimensions: 120 x 200 cm<br>\nMaterials: Canvas, acrylic, oil pastel, collage, graphite<br>\nYear: 2023<br>\nStyle: Abstract painting<\/p>\n<p style=\"text-align: center;\">*** The painting is ready to be hung on the wall ***<\/p>\n<p style=\"text-align: center;\" class=\"translation-block\">Whether you are a collector or a first-time art buyer, the best and safest way to purchase authentic original art is directly from the artist, so I am at your service.<\/p>\n<h3><\/h3>\n<h3><\/h3>\n<h3 style=\"text-align: center;\">Delivery and other conditions:<\/h3>\n<p style=\"text-align: center;\" class=\"translation-block\">- I pack the pictures with great care, send them quickly and safely throughout our beautiful<br>\nglobes.<br>\n- I send works of art on paper rolled up in a protective tube. If<br>\nwe are talking about works on canvas that are stretched on a wooden frame, then I send them as such (ready to be mounted on the wall)<br>\nin a protective box lined with styrofoam on the inside.<br>\n- Delivery time in Croatia is 2-3 days, for other countries in the world 5-20 days<\/p>\n<h3><\/h3>\n<h3><\/h3>\n<h3 style=\"text-align: center;\">Security guarantee:<\/h3>\n<p style=\"text-align: center;\">- If you are not satisfied with the picture after purchase, for any reason, within 30 days you can exchange it for another one (you pay the return postage) or ask for a full refund.<\/p>\n<h2><\/h2>\n<h3><\/h3>\n<p>&nbsp;<\/p>\n<h3 style=\"text-align: center;\">Other images currently available for purchase can be found at <a href=\"https:\/\/ranko-ajdinovic.com\/en\/apstraktne-slike-ajdinovic-shop\/\">SHOP<\/a><\/h3>\n<p>&nbsp;<\/p>\n<p>&nbsp;<\/p>\n<p style=\"text-align: center;\">I am at your disposal for all other questions.<\/p>","protected":false},"excerpt":{"rendered":"<p>Veliki diptih 2m x 1.2m moderna dvodjelna slika slika \u017eivih boja, umjetni\u010dko je djelo na platnu akademskog slikara Ranka Ajdinovi\u0107a. Ova umjetni\u010dka slika, u kojoj prevladava roza boja sa koloristi\u010dkim elementima u centralnom dijelu slike jedinstveni je i jedini primjerak u svijetu kao takav. Slika je horizontalnog formata i \u010dine je dva pojedina\u010dna platna dimenzija [&hellip;]<\/p>\n","protected":false},"featured_media":5567,"template":"","meta":[],"product_brand":[],"product_cat":[22],"product_tag":[],"class_list":{"0":"post-5566","1":"product","2":"type-product","3":"status-publish","4":"has-post-thumbnail","6":"product_cat-originali","7":"product_shipping_class-grafike-hroriginali-hr","9":"first","10":"outofstock","11":"sold-individually","12":"purchasable","13":"product-type-simple"},"yoast_head":"<!-- This site is optimized with the Yoast SEO plugin v27.3 - https:\/\/yoast.com\/product\/yoast-seo-wordpress\/ -->\n<title>Ponovno ro\u0111enje &#8226; Ranko Ajdinovic - Moderne slike<\/title>\n<meta name=\"description\" content=\"Moderna apstraktna slika za ku\u0107u\" \/>\n<meta name=\"robots\" content=\"index, follow, max-snippet:-1, max-image-preview:large, max-video-preview:-1\" \/>\n<link rel=\"canonical\" href=\"https:\/\/ranko-ajdinovic.com\/en\/product\/rebirth\/\" \/>\n<meta property=\"og:locale\" content=\"en_US\" \/>\n<meta property=\"og:type\" content=\"article\" \/>\n<meta property=\"og:title\" content=\"Ponovno ro\u0111enje &#8226; Ranko Ajdinovic - Moderne slike\" \/>\n<meta property=\"og:description\" content=\"Moderna apstraktna slika za ku\u0107u\" \/>\n<meta property=\"og:url\" content=\"https:\/\/ranko-ajdinovic.com\/en\/product\/rebirth\/\" \/>\n<meta property=\"og:site_name\" content=\"Ranko Ajdinovic - Moderne slike\" \/>\n<meta property=\"article:modified_time\" content=\"2025-09-10T15:34:59+00:00\" \/>\n<meta property=\"og:image\" content=\"https:\/\/ranko-ajdinovic.com\/wp-content\/uploads\/2025\/09\/ajdinovic-ranko-ponovno-rodenje-velika-slika-diptih-1.jpg\" \/>\n\t<meta property=\"og:image:width\" content=\"900\" \/>\n\t<meta property=\"og:image:height\" content=\"673\" \/>\n\t<meta property=\"og:image:type\" content=\"image\/jpeg\" \/>\n<meta name=\"twitter:card\" content=\"summary_large_image\" \/>\n<meta name=\"twitter:label1\" content=\"Est. reading time\" \/>\n\t<meta name=\"twitter:data1\" content=\"2 minutes\" \/>\n<script type=\"application\/ld+json\" class=\"yoast-schema-graph\">{\"@context\":\"https:\\\/\\\/schema.org\",\"@graph\":[{\"@type\":\"WebPage\",\"@id\":\"https:\\\/\\\/ranko-ajdinovic.com\\\/proizvod\\\/ponovno-rodenje\\\/\",\"url\":\"https:\\\/\\\/ranko-ajdinovic.com\\\/proizvod\\\/ponovno-rodenje\\\/\",\"name\":\"Ponovno ro\u0111enje &#8226; Ranko Ajdinovic - Moderne slike\",\"isPartOf\":{\"@id\":\"https:\\\/\\\/ranko-ajdinovic.com\\\/#website\"},\"primaryImageOfPage\":{\"@id\":\"https:\\\/\\\/ranko-ajdinovic.com\\\/proizvod\\\/ponovno-rodenje\\\/#primaryimage\"},\"image\":{\"@id\":\"https:\\\/\\\/ranko-ajdinovic.com\\\/proizvod\\\/ponovno-rodenje\\\/#primaryimage\"},\"thumbnailUrl\":\"https:\\\/\\\/ranko-ajdinovic.com\\\/wp-content\\\/uploads\\\/2025\\\/09\\\/ajdinovic-ranko-ponovno-rodenje-velika-slika-diptih-1.jpg\",\"datePublished\":\"2024-03-01T23:21:44+00:00\",\"dateModified\":\"2025-09-10T15:34:59+00:00\",\"description\":\"Moderna apstraktna slika za ku\u0107u\",\"breadcrumb\":{\"@id\":\"https:\\\/\\\/ranko-ajdinovic.com\\\/proizvod\\\/ponovno-rodenje\\\/#breadcrumb\"},\"inLanguage\":\"en-US\",\"potentialAction\":[{\"@type\":\"ReadAction\",\"target\":[\"https:\\\/\\\/ranko-ajdinovic.com\\\/proizvod\\\/ponovno-rodenje\\\/\"]}]},{\"@type\":\"ImageObject\",\"inLanguage\":\"en-US\",\"@id\":\"https:\\\/\\\/ranko-ajdinovic.com\\\/proizvod\\\/ponovno-rodenje\\\/#primaryimage\",\"url\":\"https:\\\/\\\/ranko-ajdinovic.com\\\/wp-content\\\/uploads\\\/2025\\\/09\\\/ajdinovic-ranko-ponovno-rodenje-velika-slika-diptih-1.jpg\",\"contentUrl\":\"https:\\\/\\\/ranko-ajdinovic.com\\\/wp-content\\\/uploads\\\/2025\\\/09\\\/ajdinovic-ranko-ponovno-rodenje-velika-slika-diptih-1.jpg\",\"width\":900,\"height\":673,\"caption\":\"Veliki diptih 2m x 1.2m moderna slika rozih i \u017eivih boja za dnevnu\"},{\"@type\":\"BreadcrumbList\",\"@id\":\"https:\\\/\\\/ranko-ajdinovic.com\\\/proizvod\\\/ponovno-rodenje\\\/#breadcrumb\",\"itemListElement\":[{\"@type\":\"ListItem\",\"position\":1,\"name\":\"Home\",\"item\":\"https:\\\/\\\/ranko-ajdinovic.com\\\/\"},{\"@type\":\"ListItem\",\"position\":2,\"name\":\"Trgovina\",\"item\":\"https:\\\/\\\/ranko-ajdinovic.com\\\/trgovina\\\/\"},{\"@type\":\"ListItem\",\"position\":3,\"name\":\"Ponovno ro\u0111enje\"}]},{\"@type\":\"WebSite\",\"@id\":\"https:\\\/\\\/ranko-ajdinovic.com\\\/#website\",\"url\":\"https:\\\/\\\/ranko-ajdinovic.com\\\/\",\"name\":\"Ranko Ajdinovic - Moderne slike\",\"description\":\"\",\"publisher\":{\"@id\":\"https:\\\/\\\/ranko-ajdinovic.com\\\/#\\\/schema\\\/person\\\/0cefe097e1f0568f925016a168bdeba6\"},\"potentialAction\":[{\"@type\":\"SearchAction\",\"target\":{\"@type\":\"EntryPoint\",\"urlTemplate\":\"https:\\\/\\\/ranko-ajdinovic.com\\\/?s={search_term_string}\"},\"query-input\":{\"@type\":\"PropertyValueSpecification\",\"valueRequired\":true,\"valueName\":\"search_term_string\"}}],\"inLanguage\":\"en-US\"},{\"@type\":[\"Person\",\"Organization\"],\"@id\":\"https:\\\/\\\/ranko-ajdinovic.com\\\/#\\\/schema\\\/person\\\/0cefe097e1f0568f925016a168bdeba6\",\"name\":\"admin\",\"image\":{\"@type\":\"ImageObject\",\"inLanguage\":\"en-US\",\"@id\":\"https:\\\/\\\/secure.gravatar.com\\\/avatar\\\/049d970c38cf58812832cd99b964dcdfd90456c8fd7f47da68257f5b08cf289e?s=96&d=mm&r=g\",\"url\":\"https:\\\/\\\/secure.gravatar.com\\\/avatar\\\/049d970c38cf58812832cd99b964dcdfd90456c8fd7f47da68257f5b08cf289e?s=96&d=mm&r=g\",\"contentUrl\":\"https:\\\/\\\/secure.gravatar.com\\\/avatar\\\/049d970c38cf58812832cd99b964dcdfd90456c8fd7f47da68257f5b08cf289e?s=96&d=mm&r=g\",\"caption\":\"admin\"},\"logo\":{\"@id\":\"https:\\\/\\\/secure.gravatar.com\\\/avatar\\\/049d970c38cf58812832cd99b964dcdfd90456c8fd7f47da68257f5b08cf289e?s=96&d=mm&r=g\"},\"sameAs\":[\"https:\\\/\\\/ranko-ajdinovic.com\"]}]}<\/script>\n<!-- \/ Yoast SEO plugin. -->","yoast_head_json":{"title":"Ponovno ro\u0111enje &#8226; Ranko Ajdinovic - Moderne slike","description":"Moderna apstraktna slika za ku\u0107u","robots":{"index":"index","follow":"follow","max-snippet":"max-snippet:-1","max-image-preview":"max-image-preview:large","max-video-preview":"max-video-preview:-1"},"canonical":"https:\/\/ranko-ajdinovic.com\/en\/product\/rebirth\/","og_locale":"en_US","og_type":"article","og_title":"Ponovno ro\u0111enje &#8226; Ranko Ajdinovic - Moderne slike","og_description":"Moderna apstraktna slika za ku\u0107u","og_url":"https:\/\/ranko-ajdinovic.com\/en\/product\/rebirth\/","og_site_name":"Ranko Ajdinovic - Moderne slike","article_modified_time":"2025-09-10T15:34:59+00:00","og_image":[{"width":900,"height":673,"url":"https:\/\/ranko-ajdinovic.com\/wp-content\/uploads\/2025\/09\/ajdinovic-ranko-ponovno-rodenje-velika-slika-diptih-1.jpg","type":"image\/jpeg"}],"twitter_card":"summary_large_image","twitter_misc":{"Est. reading time":"2 minutes"},"schema":{"@context":"https:\/\/schema.org","@graph":[{"@type":"WebPage","@id":"https:\/\/ranko-ajdinovic.com\/proizvod\/ponovno-rodenje\/","url":"https:\/\/ranko-ajdinovic.com\/proizvod\/ponovno-rodenje\/","name":"Ponovno ro\u0111enje &#8226; Ranko Ajdinovic - Moderne slike","isPartOf":{"@id":"https:\/\/ranko-ajdinovic.com\/#website"},"primaryImageOfPage":{"@id":"https:\/\/ranko-ajdinovic.com\/proizvod\/ponovno-rodenje\/#primaryimage"},"image":{"@id":"https:\/\/ranko-ajdinovic.com\/proizvod\/ponovno-rodenje\/#primaryimage"},"thumbnailUrl":"https:\/\/ranko-ajdinovic.com\/wp-content\/uploads\/2025\/09\/ajdinovic-ranko-ponovno-rodenje-velika-slika-diptih-1.jpg","datePublished":"2024-03-01T23:21:44+00:00","dateModified":"2025-09-10T15:34:59+00:00","description":"Moderna apstraktna slika za ku\u0107u","breadcrumb":{"@id":"https:\/\/ranko-ajdinovic.com\/proizvod\/ponovno-rodenje\/#breadcrumb"},"inLanguage":"en-US","potentialAction":[{"@type":"ReadAction","target":["https:\/\/ranko-ajdinovic.com\/proizvod\/ponovno-rodenje\/"]}]},{"@type":"ImageObject","inLanguage":"en-US","@id":"https:\/\/ranko-ajdinovic.com\/proizvod\/ponovno-rodenje\/#primaryimage","url":"https:\/\/ranko-ajdinovic.com\/wp-content\/uploads\/2025\/09\/ajdinovic-ranko-ponovno-rodenje-velika-slika-diptih-1.jpg","contentUrl":"https:\/\/ranko-ajdinovic.com\/wp-content\/uploads\/2025\/09\/ajdinovic-ranko-ponovno-rodenje-velika-slika-diptih-1.jpg","width":900,"height":673,"caption":"Veliki diptih 2m x 1.2m moderna slika rozih i \u017eivih boja za dnevnu"},{"@type":"BreadcrumbList","@id":"https:\/\/ranko-ajdinovic.com\/proizvod\/ponovno-rodenje\/#breadcrumb","itemListElement":[{"@type":"ListItem","position":1,"name":"Home","item":"https:\/\/ranko-ajdinovic.com\/"},{"@type":"ListItem","position":2,"name":"Trgovina","item":"https:\/\/ranko-ajdinovic.com\/trgovina\/"},{"@type":"ListItem","position":3,"name":"Ponovno ro\u0111enje"}]},{"@type":"WebSite","@id":"https:\/\/ranko-ajdinovic.com\/#website","url":"https:\/\/ranko-ajdinovic.com\/","name":"Ranko Ajdinovic - Modern pictures","description":"","publisher":{"@id":"https:\/\/ranko-ajdinovic.com\/#\/schema\/person\/0cefe097e1f0568f925016a168bdeba6"},"potentialAction":[{"@type":"SearchAction","target":{"@type":"EntryPoint","urlTemplate":"https:\/\/ranko-ajdinovic.com\/?s={search_term_string}"},"query-input":{"@type":"PropertyValueSpecification","valueRequired":true,"valueName":"search_term_string"}}],"inLanguage":"en-US"},{"@type":["Person","Organization"],"@id":"https:\/\/ranko-ajdinovic.com\/#\/schema\/person\/0cefe097e1f0568f925016a168bdeba6","name":"admin","image":{"@type":"ImageObject","inLanguage":"en-US","@id":"https:\/\/secure.gravatar.com\/avatar\/049d970c38cf58812832cd99b964dcdfd90456c8fd7f47da68257f5b08cf289e?s=96&d=mm&r=g","url":"https:\/\/secure.gravatar.com\/avatar\/049d970c38cf58812832cd99b964dcdfd90456c8fd7f47da68257f5b08cf289e?s=96&d=mm&r=g","contentUrl":"https:\/\/secure.gravatar.com\/avatar\/049d970c38cf58812832cd99b964dcdfd90456c8fd7f47da68257f5b08cf289e?s=96&d=mm&r=g","caption":"admin"},"logo":{"@id":"https:\/\/secure.gravatar.com\/avatar\/049d970c38cf58812832cd99b964dcdfd90456c8fd7f47da68257f5b08cf289e?s=96&d=mm&r=g"},"sameAs":["https:\/\/ranko-ajdinovic.com"]}]}},"_links":{"self":[{"href":"https:\/\/ranko-ajdinovic.com\/en\/wp-json\/wp\/v2\/product\/5566","targetHints":{"allow":["GET"]}}],"collection":[{"href":"https:\/\/ranko-ajdinovic.com\/en\/wp-json\/wp\/v2\/product"}],"about":[{"href":"https:\/\/ranko-ajdinovic.com\/en\/wp-json\/wp\/v2\/types\/product"}],"wp:featuredmedia":[{"embeddable":true,"href":"https:\/\/ranko-ajdinovic.com\/en\/wp-json\/wp\/v2\/media\/5567"}],"wp:attachment":[{"href":"https:\/\/ranko-ajdinovic.com\/en\/wp-json\/wp\/v2\/media?parent=5566"}],"wp:term":[{"taxonomy":"product_brand","embeddable":true,"href":"https:\/\/ranko-ajdinovic.com\/en\/wp-json\/wp\/v2\/product_brand?post=5566"},{"taxonomy":"product_cat","embeddable":true,"href":"https:\/\/ranko-ajdinovic.com\/en\/wp-json\/wp\/v2\/product_cat?post=5566"},{"taxonomy":"product_tag","embeddable":true,"href":"https:\/\/ranko-ajdinovic.com\/en\/wp-json\/wp\/v2\/product_tag?post=5566"}],"curies":[{"name":"wp","href":"https:\/\/api.w.org\/{rel}","templated":true}]}}