{"id":6488,"date":"2024-08-26T22:27:59","date_gmt":"2024-08-26T22:27:59","guid":{"rendered":"https:\/\/ranko-ajdinovic.com\/?post_type=product&#038;p=6488"},"modified":"2026-04-24T17:39:13","modified_gmt":"2026-04-24T17:39:13","slug":"nebo-g1","status":"publish","type":"product","link":"https:\/\/ranko-ajdinovic.com\/en\/product\/nebo-g1\/","title":{"rendered":"Sky g1"},"content":{"rendered":"<p>This pink-red abstract painting with turquoise and yellow tones brings freshness and energy to your home. Ideal for modern interiors, this limited edition offers a unique and contemporary style that will give your space a special character. It is ideal for modern interior design whether you want the painting as a focal point in the interior or as an addition to an art collection.<\/p>\n<p>The painting can be ordered in various sizes on cotton paper or museum quality canvas. The paper is of exceptional quality, 100% cotton, 300 grams thick. The canvas is 380 grams.<\/p>\n<p>The painting is based on the original \"Sky\" and is a small edition of only 50 pieces.<\/p>\n<p>&nbsp;<\/p>\n<h3>Dimensions of the image on paper:<\/h3>\n<p>&nbsp;<\/p>\n<p>1. 26 x 33 cm<br \/>\n2. 45 x 56 cm<br \/>\n3. 60 x 75 cm<br \/>\n4. 80 x 100 cm<\/p>\n<p>&nbsp;<\/p>\n<p>&nbsp;<\/p>\n<h3>Dimensions of the image on the canvas:<\/h3>\n<p>1. 40 x 50 cm<br \/>\n2. 80 x 100 cm<br \/>\n3. 100 x 124 cm<\/p>\n<p>&nbsp;<\/p>\n<p class=\"translation-block\">The prints on paper have a 5 cm white border on all sides (see photos) on which I sign and number by hand. For example, if the painting is 45 x 56 cm with a white border, the final paper dimensions are 55 x 56 cm, while on canvas there is no white border, and the signature and numbering are on the back of the canvas.<\/p>\n<p>Canvas prints have 5 cm of clean white canvas on all sides, which is intended for stretching the canvas (from the back) onto wooden slats.<\/p>\n<h4><\/h4>\n<h3>Characteristics:<\/h3>\n<p class=\"translation-block\">Performance: Intuitive abstraction<br>\nTechnique: Graphics - giclee print (limited edition)<br>\nName: \"Heaven\"<\/p>\n<p class=\"translation-block\">Whether you are a collector or a first-time art buyer, the best and safest way to purchase an authentic painting (print or original) is directly from the artist, so I am at your service.<\/p>","protected":false},"excerpt":{"rendered":"<div class=\"et_pb_tab_content\">\n<p>&nbsp;<\/p>\n<p>&nbsp;<\/p>\n<\/div>","protected":false},"featured_media":6489,"template":"","meta":[],"product_brand":[],"product_cat":[15],"product_tag":[],"class_list":{"0":"post-6488","1":"product","2":"type-product","3":"status-publish","4":"has-post-thumbnail","6":"product_cat-grafike","7":"product_shipping_class-grafike","9":"first","10":"instock","11":"shipping-taxable","12":"purchasable","13":"product-type-variable"},"yoast_head":"<!-- This site is optimized with the Yoast SEO plugin v27.3 - https:\/\/yoast.com\/product\/yoast-seo-wordpress\/ -->\n<title>Ru\u017ei\u010dasto-crvena moderna apstraktna slika grafika za dnevni boravak<\/title>\n<meta name=\"description\" content=\"Unesite \u017eivost u svoj dnevni boravak s ovom ru\u017ei\u010dasto-crvenom apstraktnom slikom. Ograni\u010dena edicija tirkizno-\u017eutih tonova, savr\u0161ena za moderne interijere.\" \/>\n<meta name=\"robots\" content=\"index, follow, max-snippet:-1, max-image-preview:large, max-video-preview:-1\" \/>\n<link rel=\"canonical\" href=\"https:\/\/ranko-ajdinovic.com\/en\/product\/nebo-g1\/\" \/>\n<meta property=\"og:locale\" content=\"en_US\" \/>\n<meta property=\"og:type\" content=\"article\" \/>\n<meta property=\"og:title\" content=\"Ru\u017ei\u010dasto-crvena moderna apstraktna slika grafika za dnevni boravak\" \/>\n<meta property=\"og:description\" content=\"Unesite \u017eivost u svoj dnevni boravak s ovom ru\u017ei\u010dasto-crvenom apstraktnom slikom. Ograni\u010dena edicija tirkizno-\u017eutih tonova, savr\u0161ena za moderne interijere.\" \/>\n<meta property=\"og:url\" content=\"https:\/\/ranko-ajdinovic.com\/en\/product\/nebo-g1\/\" \/>\n<meta property=\"og:site_name\" content=\"Ranko Ajdinovic - Moderne slike\" \/>\n<meta property=\"article:modified_time\" content=\"2026-04-24T17:39:13+00:00\" \/>\n<meta property=\"og:image\" content=\"https:\/\/ranko-ajdinovic.com\/wp-content\/uploads\/2025\/09\/Ruzicasto-crvena-tirkizno-zuta-moderna-slika-za-dnevni-boravak-Nebo-1-e1724713102476-1.jpg\" \/>\n\t<meta property=\"og:image:width\" content=\"762\" \/>\n\t<meta property=\"og:image:height\" content=\"765\" \/>\n\t<meta property=\"og:image:type\" content=\"image\/jpeg\" \/>\n<meta name=\"twitter:card\" content=\"summary_large_image\" \/>\n<meta name=\"twitter:label1\" content=\"Est. reading time\" \/>\n\t<meta name=\"twitter:data1\" content=\"2 minutes\" \/>\n<script type=\"application\/ld+json\" class=\"yoast-schema-graph\">{\"@context\":\"https:\\\/\\\/schema.org\",\"@graph\":[{\"@type\":\"WebPage\",\"@id\":\"https:\\\/\\\/ranko-ajdinovic.com\\\/proizvod\\\/nebo-g1\\\/\",\"url\":\"https:\\\/\\\/ranko-ajdinovic.com\\\/proizvod\\\/nebo-g1\\\/\",\"name\":\"Ru\u017ei\u010dasto-crvena moderna apstraktna slika grafika za dnevni boravak\",\"isPartOf\":{\"@id\":\"https:\\\/\\\/ranko-ajdinovic.com\\\/#website\"},\"primaryImageOfPage\":{\"@id\":\"https:\\\/\\\/ranko-ajdinovic.com\\\/proizvod\\\/nebo-g1\\\/#primaryimage\"},\"image\":{\"@id\":\"https:\\\/\\\/ranko-ajdinovic.com\\\/proizvod\\\/nebo-g1\\\/#primaryimage\"},\"thumbnailUrl\":\"https:\\\/\\\/ranko-ajdinovic.com\\\/wp-content\\\/uploads\\\/2025\\\/09\\\/Ruzicasto-crvena-tirkizno-zuta-moderna-slika-za-dnevni-boravak-Nebo-1-e1724713102476-1.jpg\",\"datePublished\":\"2024-08-26T22:27:59+00:00\",\"dateModified\":\"2026-04-24T17:39:13+00:00\",\"description\":\"Unesite \u017eivost u svoj dnevni boravak s ovom ru\u017ei\u010dasto-crvenom apstraktnom slikom. Ograni\u010dena edicija tirkizno-\u017eutih tonova, savr\u0161ena za moderne interijere.\",\"breadcrumb\":{\"@id\":\"https:\\\/\\\/ranko-ajdinovic.com\\\/proizvod\\\/nebo-g1\\\/#breadcrumb\"},\"inLanguage\":\"en-US\",\"potentialAction\":[{\"@type\":\"ReadAction\",\"target\":[\"https:\\\/\\\/ranko-ajdinovic.com\\\/proizvod\\\/nebo-g1\\\/\"]}]},{\"@type\":\"ImageObject\",\"inLanguage\":\"en-US\",\"@id\":\"https:\\\/\\\/ranko-ajdinovic.com\\\/proizvod\\\/nebo-g1\\\/#primaryimage\",\"url\":\"https:\\\/\\\/ranko-ajdinovic.com\\\/wp-content\\\/uploads\\\/2025\\\/09\\\/Ruzicasto-crvena-tirkizno-zuta-moderna-slika-za-dnevni-boravak-Nebo-1-e1724713102476-1.jpg\",\"contentUrl\":\"https:\\\/\\\/ranko-ajdinovic.com\\\/wp-content\\\/uploads\\\/2025\\\/09\\\/Ruzicasto-crvena-tirkizno-zuta-moderna-slika-za-dnevni-boravak-Nebo-1-e1724713102476-1.jpg\",\"width\":762,\"height\":765},{\"@type\":\"BreadcrumbList\",\"@id\":\"https:\\\/\\\/ranko-ajdinovic.com\\\/proizvod\\\/nebo-g1\\\/#breadcrumb\",\"itemListElement\":[{\"@type\":\"ListItem\",\"position\":1,\"name\":\"Home\",\"item\":\"https:\\\/\\\/ranko-ajdinovic.com\\\/\"},{\"@type\":\"ListItem\",\"position\":2,\"name\":\"Trgovina\",\"item\":\"https:\\\/\\\/ranko-ajdinovic.com\\\/trgovina\\\/\"},{\"@type\":\"ListItem\",\"position\":3,\"name\":\"Nebo g1\"}]},{\"@type\":\"WebSite\",\"@id\":\"https:\\\/\\\/ranko-ajdinovic.com\\\/#website\",\"url\":\"https:\\\/\\\/ranko-ajdinovic.com\\\/\",\"name\":\"Ranko Ajdinovic - Moderne slike\",\"description\":\"\",\"publisher\":{\"@id\":\"https:\\\/\\\/ranko-ajdinovic.com\\\/#\\\/schema\\\/person\\\/0cefe097e1f0568f925016a168bdeba6\"},\"potentialAction\":[{\"@type\":\"SearchAction\",\"target\":{\"@type\":\"EntryPoint\",\"urlTemplate\":\"https:\\\/\\\/ranko-ajdinovic.com\\\/?s={search_term_string}\"},\"query-input\":{\"@type\":\"PropertyValueSpecification\",\"valueRequired\":true,\"valueName\":\"search_term_string\"}}],\"inLanguage\":\"en-US\"},{\"@type\":[\"Person\",\"Organization\"],\"@id\":\"https:\\\/\\\/ranko-ajdinovic.com\\\/#\\\/schema\\\/person\\\/0cefe097e1f0568f925016a168bdeba6\",\"name\":\"admin\",\"image\":{\"@type\":\"ImageObject\",\"inLanguage\":\"en-US\",\"@id\":\"https:\\\/\\\/secure.gravatar.com\\\/avatar\\\/049d970c38cf58812832cd99b964dcdfd90456c8fd7f47da68257f5b08cf289e?s=96&d=mm&r=g\",\"url\":\"https:\\\/\\\/secure.gravatar.com\\\/avatar\\\/049d970c38cf58812832cd99b964dcdfd90456c8fd7f47da68257f5b08cf289e?s=96&d=mm&r=g\",\"contentUrl\":\"https:\\\/\\\/secure.gravatar.com\\\/avatar\\\/049d970c38cf58812832cd99b964dcdfd90456c8fd7f47da68257f5b08cf289e?s=96&d=mm&r=g\",\"caption\":\"admin\"},\"logo\":{\"@id\":\"https:\\\/\\\/secure.gravatar.com\\\/avatar\\\/049d970c38cf58812832cd99b964dcdfd90456c8fd7f47da68257f5b08cf289e?s=96&d=mm&r=g\"},\"sameAs\":[\"https:\\\/\\\/ranko-ajdinovic.com\"]}]}<\/script>\n<!-- \/ Yoast SEO plugin. -->","yoast_head_json":{"title":"Ru\u017ei\u010dasto-crvena moderna apstraktna slika grafika za dnevni boravak","description":"Unesite \u017eivost u svoj dnevni boravak s ovom ru\u017ei\u010dasto-crvenom apstraktnom slikom. Ograni\u010dena edicija tirkizno-\u017eutih tonova, savr\u0161ena za moderne interijere.","robots":{"index":"index","follow":"follow","max-snippet":"max-snippet:-1","max-image-preview":"max-image-preview:large","max-video-preview":"max-video-preview:-1"},"canonical":"https:\/\/ranko-ajdinovic.com\/en\/product\/nebo-g1\/","og_locale":"en_US","og_type":"article","og_title":"Ru\u017ei\u010dasto-crvena moderna apstraktna slika grafika za dnevni boravak","og_description":"Unesite \u017eivost u svoj dnevni boravak s ovom ru\u017ei\u010dasto-crvenom apstraktnom slikom. Ograni\u010dena edicija tirkizno-\u017eutih tonova, savr\u0161ena za moderne interijere.","og_url":"https:\/\/ranko-ajdinovic.com\/en\/product\/nebo-g1\/","og_site_name":"Ranko Ajdinovic - Moderne slike","article_modified_time":"2026-04-24T17:39:13+00:00","og_image":[{"width":762,"height":765,"url":"https:\/\/ranko-ajdinovic.com\/wp-content\/uploads\/2025\/09\/Ruzicasto-crvena-tirkizno-zuta-moderna-slika-za-dnevni-boravak-Nebo-1-e1724713102476-1.jpg","type":"image\/jpeg"}],"twitter_card":"summary_large_image","twitter_misc":{"Est. reading time":"2 minutes"},"schema":{"@context":"https:\/\/schema.org","@graph":[{"@type":"WebPage","@id":"https:\/\/ranko-ajdinovic.com\/proizvod\/nebo-g1\/","url":"https:\/\/ranko-ajdinovic.com\/proizvod\/nebo-g1\/","name":"Ru\u017ei\u010dasto-crvena moderna apstraktna slika grafika za dnevni boravak","isPartOf":{"@id":"https:\/\/ranko-ajdinovic.com\/#website"},"primaryImageOfPage":{"@id":"https:\/\/ranko-ajdinovic.com\/proizvod\/nebo-g1\/#primaryimage"},"image":{"@id":"https:\/\/ranko-ajdinovic.com\/proizvod\/nebo-g1\/#primaryimage"},"thumbnailUrl":"https:\/\/ranko-ajdinovic.com\/wp-content\/uploads\/2025\/09\/Ruzicasto-crvena-tirkizno-zuta-moderna-slika-za-dnevni-boravak-Nebo-1-e1724713102476-1.jpg","datePublished":"2024-08-26T22:27:59+00:00","dateModified":"2026-04-24T17:39:13+00:00","description":"Unesite \u017eivost u svoj dnevni boravak s ovom ru\u017ei\u010dasto-crvenom apstraktnom slikom. Ograni\u010dena edicija tirkizno-\u017eutih tonova, savr\u0161ena za moderne interijere.","breadcrumb":{"@id":"https:\/\/ranko-ajdinovic.com\/proizvod\/nebo-g1\/#breadcrumb"},"inLanguage":"en-US","potentialAction":[{"@type":"ReadAction","target":["https:\/\/ranko-ajdinovic.com\/proizvod\/nebo-g1\/"]}]},{"@type":"ImageObject","inLanguage":"en-US","@id":"https:\/\/ranko-ajdinovic.com\/proizvod\/nebo-g1\/#primaryimage","url":"https:\/\/ranko-ajdinovic.com\/wp-content\/uploads\/2025\/09\/Ruzicasto-crvena-tirkizno-zuta-moderna-slika-za-dnevni-boravak-Nebo-1-e1724713102476-1.jpg","contentUrl":"https:\/\/ranko-ajdinovic.com\/wp-content\/uploads\/2025\/09\/Ruzicasto-crvena-tirkizno-zuta-moderna-slika-za-dnevni-boravak-Nebo-1-e1724713102476-1.jpg","width":762,"height":765},{"@type":"BreadcrumbList","@id":"https:\/\/ranko-ajdinovic.com\/proizvod\/nebo-g1\/#breadcrumb","itemListElement":[{"@type":"ListItem","position":1,"name":"Home","item":"https:\/\/ranko-ajdinovic.com\/"},{"@type":"ListItem","position":2,"name":"Trgovina","item":"https:\/\/ranko-ajdinovic.com\/trgovina\/"},{"@type":"ListItem","position":3,"name":"Nebo g1"}]},{"@type":"WebSite","@id":"https:\/\/ranko-ajdinovic.com\/#website","url":"https:\/\/ranko-ajdinovic.com\/","name":"Ranko Ajdinovic - Modern pictures","description":"","publisher":{"@id":"https:\/\/ranko-ajdinovic.com\/#\/schema\/person\/0cefe097e1f0568f925016a168bdeba6"},"potentialAction":[{"@type":"SearchAction","target":{"@type":"EntryPoint","urlTemplate":"https:\/\/ranko-ajdinovic.com\/?s={search_term_string}"},"query-input":{"@type":"PropertyValueSpecification","valueRequired":true,"valueName":"search_term_string"}}],"inLanguage":"en-US"},{"@type":["Person","Organization"],"@id":"https:\/\/ranko-ajdinovic.com\/#\/schema\/person\/0cefe097e1f0568f925016a168bdeba6","name":"admin","image":{"@type":"ImageObject","inLanguage":"en-US","@id":"https:\/\/secure.gravatar.com\/avatar\/049d970c38cf58812832cd99b964dcdfd90456c8fd7f47da68257f5b08cf289e?s=96&d=mm&r=g","url":"https:\/\/secure.gravatar.com\/avatar\/049d970c38cf58812832cd99b964dcdfd90456c8fd7f47da68257f5b08cf289e?s=96&d=mm&r=g","contentUrl":"https:\/\/secure.gravatar.com\/avatar\/049d970c38cf58812832cd99b964dcdfd90456c8fd7f47da68257f5b08cf289e?s=96&d=mm&r=g","caption":"admin"},"logo":{"@id":"https:\/\/secure.gravatar.com\/avatar\/049d970c38cf58812832cd99b964dcdfd90456c8fd7f47da68257f5b08cf289e?s=96&d=mm&r=g"},"sameAs":["https:\/\/ranko-ajdinovic.com"]}]}},"_links":{"self":[{"href":"https:\/\/ranko-ajdinovic.com\/en\/wp-json\/wp\/v2\/product\/6488","targetHints":{"allow":["GET"]}}],"collection":[{"href":"https:\/\/ranko-ajdinovic.com\/en\/wp-json\/wp\/v2\/product"}],"about":[{"href":"https:\/\/ranko-ajdinovic.com\/en\/wp-json\/wp\/v2\/types\/product"}],"wp:featuredmedia":[{"embeddable":true,"href":"https:\/\/ranko-ajdinovic.com\/en\/wp-json\/wp\/v2\/media\/6489"}],"wp:attachment":[{"href":"https:\/\/ranko-ajdinovic.com\/en\/wp-json\/wp\/v2\/media?parent=6488"}],"wp:term":[{"taxonomy":"product_brand","embeddable":true,"href":"https:\/\/ranko-ajdinovic.com\/en\/wp-json\/wp\/v2\/product_brand?post=6488"},{"taxonomy":"product_cat","embeddable":true,"href":"https:\/\/ranko-ajdinovic.com\/en\/wp-json\/wp\/v2\/product_cat?post=6488"},{"taxonomy":"product_tag","embeddable":true,"href":"https:\/\/ranko-ajdinovic.com\/en\/wp-json\/wp\/v2\/product_tag?post=6488"}],"curies":[{"name":"wp","href":"https:\/\/api.w.org\/{rel}","templated":true}]}}