{"id":6761,"date":"2024-09-23T09:48:29","date_gmt":"2024-09-23T09:48:29","guid":{"rendered":"https:\/\/ranko-ajdinovic.com\/?post_type=product&#038;p=6761"},"modified":"2025-09-10T15:35:57","modified_gmt":"2025-09-10T15:35:57","slug":"novi-prostori-16","status":"publish","type":"product","link":"https:\/\/ranko-ajdinovic.com\/en\/product\/novi-prostori-16\/","title":{"rendered":"Novi prostori 16"},"content":{"rendered":"<p style=\"text-align: center;\">Naziv: &#8221; Novi prostori 16 &#8221;<br \/>\nTehnika: Akrilik na platnu<br \/>\nDimenzije: 25 x 30 cm<br \/>\nMaterijali: Platno, akrilne boje<br \/>\nGodina: 2024<\/p>\n<p style=\"text-align: center;\">*** Guggenheim okvir (svjetlo sivi) je uklju\u010den u cijenu slike ***<\/p>\n<p style=\"text-align: center;\" class=\"translation-block\">\u2013 Each painting will be signed on the front and back of the canvas<br>\n\u2013 A certificate of authenticity is included with the painting<\/p>\n<p>&nbsp;<\/p>\n<p style=\"text-align: center;\"><strong>Payment methods:<\/strong><\/p>\n<p style=\"text-align: center;\" class=\"translation-block\">\u2013 Cash on delivery<br>\n\u2013 Card<br>\n\u2013 Bank transfer<br>\n\u2013 PayPal<\/p>\n<p style=\"text-align: center;\">","protected":false},"excerpt":{"rendered":"<p>Naziv: &#8221; Novi prostori 16 &#8221; Tehnika: Akrilik na platnu Dimenzije: 25 x 30 cm Materijali: Platno, akrilne boje Godina: 2024 *** Guggenheim okvir (svjetlo sivi) je uklju\u010den u cijenu slike *** &#8211; Svaka slika bit \u0107e potpisana sa prednje i stra\u017enje strane platna &#8211; Certifikat autenti\u010dnosti je uklju\u010den uz sliku &nbsp; Na\u010dini pla\u0107anja: &#8211; [&hellip;]<\/p>\n","protected":false},"featured_media":6762,"template":"","meta":[],"product_brand":[],"product_cat":[25,22],"product_tag":[],"class_list":{"0":"post-6761","1":"product","2":"type-product","3":"status-publish","4":"has-post-thumbnail","6":"product_cat-mali-formati","7":"product_cat-originali","8":"product_shipping_class-originali-hr","10":"first","11":"outofstock","12":"sold-individually","13":"shipping-taxable","14":"product-type-simple"},"yoast_head":"<!-- This site is optimized with the Yoast SEO plugin v27.3 - https:\/\/yoast.com\/product\/yoast-seo-wordpress\/ -->\n<title>Novi prostori 16 Ajdinovi\u0107 Ranko<\/title>\n<meta name=\"robots\" content=\"index, follow, max-snippet:-1, max-image-preview:large, max-video-preview:-1\" \/>\n<link rel=\"canonical\" href=\"https:\/\/ranko-ajdinovic.com\/en\/product\/novi-prostori-16\/\" \/>\n<meta property=\"og:locale\" content=\"en_US\" \/>\n<meta property=\"og:type\" content=\"article\" \/>\n<meta property=\"og:title\" content=\"Novi prostori 16 Ajdinovi\u0107 Ranko\" \/>\n<meta property=\"og:description\" content=\"Naziv: &#8221; Novi prostori 16 &#8221; Tehnika: Akrilik na platnu Dimenzije: 25 x 30 cm Materijali: Platno, akrilne boje Godina: 2024 *** Guggenheim okvir (svjetlo sivi) je uklju\u010den u cijenu slike *** &#8211; Svaka slika bit \u0107e potpisana sa prednje i stra\u017enje strane platna &#8211; Certifikat autenti\u010dnosti je uklju\u010den uz sliku &nbsp; Na\u010dini pla\u0107anja: &#8211; [&hellip;]\" \/>\n<meta property=\"og:url\" content=\"https:\/\/ranko-ajdinovic.com\/en\/product\/novi-prostori-16\/\" \/>\n<meta property=\"og:site_name\" content=\"Ranko Ajdinovic - Moderne slike\" \/>\n<meta property=\"article:modified_time\" content=\"2025-09-10T15:35:57+00:00\" \/>\n<meta property=\"og:image\" content=\"https:\/\/ranko-ajdinovic.com\/wp-content\/uploads\/2025\/09\/mali_format_312-1.jpg\" \/>\n\t<meta property=\"og:image:width\" content=\"787\" \/>\n\t<meta property=\"og:image:height\" content=\"900\" \/>\n\t<meta property=\"og:image:type\" content=\"image\/jpeg\" \/>\n<meta name=\"twitter:card\" content=\"summary_large_image\" \/>\n<meta name=\"twitter:label1\" content=\"Est. reading time\" \/>\n\t<meta name=\"twitter:data1\" content=\"1 minute\" \/>\n<script type=\"application\/ld+json\" class=\"yoast-schema-graph\">{\"@context\":\"https:\\\/\\\/schema.org\",\"@graph\":[{\"@type\":\"WebPage\",\"@id\":\"https:\\\/\\\/ranko-ajdinovic.com\\\/proizvod\\\/novi-prostori-16\\\/\",\"url\":\"https:\\\/\\\/ranko-ajdinovic.com\\\/proizvod\\\/novi-prostori-16\\\/\",\"name\":\"Novi prostori 16 Ajdinovi\u0107 Ranko\",\"isPartOf\":{\"@id\":\"https:\\\/\\\/ranko-ajdinovic.com\\\/#website\"},\"primaryImageOfPage\":{\"@id\":\"https:\\\/\\\/ranko-ajdinovic.com\\\/proizvod\\\/novi-prostori-16\\\/#primaryimage\"},\"image\":{\"@id\":\"https:\\\/\\\/ranko-ajdinovic.com\\\/proizvod\\\/novi-prostori-16\\\/#primaryimage\"},\"thumbnailUrl\":\"https:\\\/\\\/ranko-ajdinovic.com\\\/wp-content\\\/uploads\\\/2025\\\/09\\\/mali_format_312-1.jpg\",\"datePublished\":\"2024-09-23T09:48:29+00:00\",\"dateModified\":\"2025-09-10T15:35:57+00:00\",\"breadcrumb\":{\"@id\":\"https:\\\/\\\/ranko-ajdinovic.com\\\/proizvod\\\/novi-prostori-16\\\/#breadcrumb\"},\"inLanguage\":\"en-US\",\"potentialAction\":[{\"@type\":\"ReadAction\",\"target\":[\"https:\\\/\\\/ranko-ajdinovic.com\\\/proizvod\\\/novi-prostori-16\\\/\"]}]},{\"@type\":\"ImageObject\",\"inLanguage\":\"en-US\",\"@id\":\"https:\\\/\\\/ranko-ajdinovic.com\\\/proizvod\\\/novi-prostori-16\\\/#primaryimage\",\"url\":\"https:\\\/\\\/ranko-ajdinovic.com\\\/wp-content\\\/uploads\\\/2025\\\/09\\\/mali_format_312-1.jpg\",\"contentUrl\":\"https:\\\/\\\/ranko-ajdinovic.com\\\/wp-content\\\/uploads\\\/2025\\\/09\\\/mali_format_312-1.jpg\",\"width\":787,\"height\":900},{\"@type\":\"BreadcrumbList\",\"@id\":\"https:\\\/\\\/ranko-ajdinovic.com\\\/proizvod\\\/novi-prostori-16\\\/#breadcrumb\",\"itemListElement\":[{\"@type\":\"ListItem\",\"position\":1,\"name\":\"Home\",\"item\":\"https:\\\/\\\/ranko-ajdinovic.com\\\/\"},{\"@type\":\"ListItem\",\"position\":2,\"name\":\"Trgovina\",\"item\":\"https:\\\/\\\/ranko-ajdinovic.com\\\/trgovina\\\/\"},{\"@type\":\"ListItem\",\"position\":3,\"name\":\"Novi prostori 16\"}]},{\"@type\":\"WebSite\",\"@id\":\"https:\\\/\\\/ranko-ajdinovic.com\\\/#website\",\"url\":\"https:\\\/\\\/ranko-ajdinovic.com\\\/\",\"name\":\"Ranko Ajdinovic - Moderne slike\",\"description\":\"\",\"publisher\":{\"@id\":\"https:\\\/\\\/ranko-ajdinovic.com\\\/#\\\/schema\\\/person\\\/0cefe097e1f0568f925016a168bdeba6\"},\"potentialAction\":[{\"@type\":\"SearchAction\",\"target\":{\"@type\":\"EntryPoint\",\"urlTemplate\":\"https:\\\/\\\/ranko-ajdinovic.com\\\/?s={search_term_string}\"},\"query-input\":{\"@type\":\"PropertyValueSpecification\",\"valueRequired\":true,\"valueName\":\"search_term_string\"}}],\"inLanguage\":\"en-US\"},{\"@type\":[\"Person\",\"Organization\"],\"@id\":\"https:\\\/\\\/ranko-ajdinovic.com\\\/#\\\/schema\\\/person\\\/0cefe097e1f0568f925016a168bdeba6\",\"name\":\"admin\",\"image\":{\"@type\":\"ImageObject\",\"inLanguage\":\"en-US\",\"@id\":\"https:\\\/\\\/secure.gravatar.com\\\/avatar\\\/049d970c38cf58812832cd99b964dcdfd90456c8fd7f47da68257f5b08cf289e?s=96&d=mm&r=g\",\"url\":\"https:\\\/\\\/secure.gravatar.com\\\/avatar\\\/049d970c38cf58812832cd99b964dcdfd90456c8fd7f47da68257f5b08cf289e?s=96&d=mm&r=g\",\"contentUrl\":\"https:\\\/\\\/secure.gravatar.com\\\/avatar\\\/049d970c38cf58812832cd99b964dcdfd90456c8fd7f47da68257f5b08cf289e?s=96&d=mm&r=g\",\"caption\":\"admin\"},\"logo\":{\"@id\":\"https:\\\/\\\/secure.gravatar.com\\\/avatar\\\/049d970c38cf58812832cd99b964dcdfd90456c8fd7f47da68257f5b08cf289e?s=96&d=mm&r=g\"},\"sameAs\":[\"https:\\\/\\\/ranko-ajdinovic.com\"]}]}<\/script>\n<!-- \/ Yoast SEO plugin. -->","yoast_head_json":{"title":"Novi prostori 16 Ajdinovi\u0107 Ranko","robots":{"index":"index","follow":"follow","max-snippet":"max-snippet:-1","max-image-preview":"max-image-preview:large","max-video-preview":"max-video-preview:-1"},"canonical":"https:\/\/ranko-ajdinovic.com\/en\/product\/novi-prostori-16\/","og_locale":"en_US","og_type":"article","og_title":"Novi prostori 16 Ajdinovi\u0107 Ranko","og_description":"Naziv: &#8221; Novi prostori 16 &#8221; Tehnika: Akrilik na platnu Dimenzije: 25 x 30 cm Materijali: Platno, akrilne boje Godina: 2024 *** Guggenheim okvir (svjetlo sivi) je uklju\u010den u cijenu slike *** &#8211; Svaka slika bit \u0107e potpisana sa prednje i stra\u017enje strane platna &#8211; Certifikat autenti\u010dnosti je uklju\u010den uz sliku &nbsp; Na\u010dini pla\u0107anja: &#8211; [&hellip;]","og_url":"https:\/\/ranko-ajdinovic.com\/en\/product\/novi-prostori-16\/","og_site_name":"Ranko Ajdinovic - Moderne slike","article_modified_time":"2025-09-10T15:35:57+00:00","og_image":[{"width":787,"height":900,"url":"https:\/\/ranko-ajdinovic.com\/wp-content\/uploads\/2025\/09\/mali_format_312-1.jpg","type":"image\/jpeg"}],"twitter_card":"summary_large_image","twitter_misc":{"Est. reading time":"1 minute"},"schema":{"@context":"https:\/\/schema.org","@graph":[{"@type":"WebPage","@id":"https:\/\/ranko-ajdinovic.com\/proizvod\/novi-prostori-16\/","url":"https:\/\/ranko-ajdinovic.com\/proizvod\/novi-prostori-16\/","name":"Novi prostori 16 Ajdinovi\u0107 Ranko","isPartOf":{"@id":"https:\/\/ranko-ajdinovic.com\/#website"},"primaryImageOfPage":{"@id":"https:\/\/ranko-ajdinovic.com\/proizvod\/novi-prostori-16\/#primaryimage"},"image":{"@id":"https:\/\/ranko-ajdinovic.com\/proizvod\/novi-prostori-16\/#primaryimage"},"thumbnailUrl":"https:\/\/ranko-ajdinovic.com\/wp-content\/uploads\/2025\/09\/mali_format_312-1.jpg","datePublished":"2024-09-23T09:48:29+00:00","dateModified":"2025-09-10T15:35:57+00:00","breadcrumb":{"@id":"https:\/\/ranko-ajdinovic.com\/proizvod\/novi-prostori-16\/#breadcrumb"},"inLanguage":"en-US","potentialAction":[{"@type":"ReadAction","target":["https:\/\/ranko-ajdinovic.com\/proizvod\/novi-prostori-16\/"]}]},{"@type":"ImageObject","inLanguage":"en-US","@id":"https:\/\/ranko-ajdinovic.com\/proizvod\/novi-prostori-16\/#primaryimage","url":"https:\/\/ranko-ajdinovic.com\/wp-content\/uploads\/2025\/09\/mali_format_312-1.jpg","contentUrl":"https:\/\/ranko-ajdinovic.com\/wp-content\/uploads\/2025\/09\/mali_format_312-1.jpg","width":787,"height":900},{"@type":"BreadcrumbList","@id":"https:\/\/ranko-ajdinovic.com\/proizvod\/novi-prostori-16\/#breadcrumb","itemListElement":[{"@type":"ListItem","position":1,"name":"Home","item":"https:\/\/ranko-ajdinovic.com\/"},{"@type":"ListItem","position":2,"name":"Trgovina","item":"https:\/\/ranko-ajdinovic.com\/trgovina\/"},{"@type":"ListItem","position":3,"name":"Novi prostori 16"}]},{"@type":"WebSite","@id":"https:\/\/ranko-ajdinovic.com\/#website","url":"https:\/\/ranko-ajdinovic.com\/","name":"Ranko Ajdinovic - Modern pictures","description":"","publisher":{"@id":"https:\/\/ranko-ajdinovic.com\/#\/schema\/person\/0cefe097e1f0568f925016a168bdeba6"},"potentialAction":[{"@type":"SearchAction","target":{"@type":"EntryPoint","urlTemplate":"https:\/\/ranko-ajdinovic.com\/?s={search_term_string}"},"query-input":{"@type":"PropertyValueSpecification","valueRequired":true,"valueName":"search_term_string"}}],"inLanguage":"en-US"},{"@type":["Person","Organization"],"@id":"https:\/\/ranko-ajdinovic.com\/#\/schema\/person\/0cefe097e1f0568f925016a168bdeba6","name":"admin","image":{"@type":"ImageObject","inLanguage":"en-US","@id":"https:\/\/secure.gravatar.com\/avatar\/049d970c38cf58812832cd99b964dcdfd90456c8fd7f47da68257f5b08cf289e?s=96&d=mm&r=g","url":"https:\/\/secure.gravatar.com\/avatar\/049d970c38cf58812832cd99b964dcdfd90456c8fd7f47da68257f5b08cf289e?s=96&d=mm&r=g","contentUrl":"https:\/\/secure.gravatar.com\/avatar\/049d970c38cf58812832cd99b964dcdfd90456c8fd7f47da68257f5b08cf289e?s=96&d=mm&r=g","caption":"admin"},"logo":{"@id":"https:\/\/secure.gravatar.com\/avatar\/049d970c38cf58812832cd99b964dcdfd90456c8fd7f47da68257f5b08cf289e?s=96&d=mm&r=g"},"sameAs":["https:\/\/ranko-ajdinovic.com"]}]}},"_links":{"self":[{"href":"https:\/\/ranko-ajdinovic.com\/en\/wp-json\/wp\/v2\/product\/6761","targetHints":{"allow":["GET"]}}],"collection":[{"href":"https:\/\/ranko-ajdinovic.com\/en\/wp-json\/wp\/v2\/product"}],"about":[{"href":"https:\/\/ranko-ajdinovic.com\/en\/wp-json\/wp\/v2\/types\/product"}],"wp:featuredmedia":[{"embeddable":true,"href":"https:\/\/ranko-ajdinovic.com\/en\/wp-json\/wp\/v2\/media\/6762"}],"wp:attachment":[{"href":"https:\/\/ranko-ajdinovic.com\/en\/wp-json\/wp\/v2\/media?parent=6761"}],"wp:term":[{"taxonomy":"product_brand","embeddable":true,"href":"https:\/\/ranko-ajdinovic.com\/en\/wp-json\/wp\/v2\/product_brand?post=6761"},{"taxonomy":"product_cat","embeddable":true,"href":"https:\/\/ranko-ajdinovic.com\/en\/wp-json\/wp\/v2\/product_cat?post=6761"},{"taxonomy":"product_tag","embeddable":true,"href":"https:\/\/ranko-ajdinovic.com\/en\/wp-json\/wp\/v2\/product_tag?post=6761"}],"curies":[{"name":"wp","href":"https:\/\/api.w.org\/{rel}","templated":true}]}}