{"id":7060,"date":"2025-03-21T17:26:09","date_gmt":"2025-03-21T17:26:09","guid":{"rendered":"https:\/\/ranko-ajdinovic.com\/?post_type=product&#038;p=7060"},"modified":"2026-04-24T17:39:13","modified_gmt":"2026-04-24T17:39:13","slug":"unutarnji-pejzaz-v5","status":"publish","type":"product","link":"https:\/\/ranko-ajdinovic.com\/en\/product\/unutarnji-pejzaz-v5\/","title":{"rendered":"Inner landscape V5"},"content":{"rendered":"<p class=\"translation-block\">Abstract painting in pastel blue and pink tones, graphic (giclee print) of limited and extremely small edition, made according to the original art painting of the academic painter Ranko Ajdinovi\u0107. The graphic is a limited edition and can be ordered in different sizes, on 300 gram, 100% cotton paper or museum quality canvas.<br>\nIt is an abstract painting called \"Interior Landscape v5\".<\/p>\n<p>Dimensions of the image on paper:<\/p>\n<p>1. 43 x 43 cm<br \/>\n2. 65 x 65 cm<br \/>\n3. 95 x 95 cm<\/p>\n<p>&nbsp;<\/p>\n<p>&nbsp;<\/p>\n<h3>Dimensions of the image on the canvas:<\/h3>\n<p>1. 45 x 45 cm<br \/>\n2. 65 x 65 cm<br \/>\n3. 95 x 95 cm<\/p>\n<p class=\"translation-block\">The prints on paper have a 5 cm white border on all sides (see photos) on which I sign and number by hand. For example, if the painting is 43 x 43 cm with a white border, the final paper size is 53 x 53 cm, while on canvas there is no visible white border, and the signature and numbering are on the back of the canvas.<\/p>\n<p>The canvas prints have 5 cm of clean white canvas on all sides, which is intended for stretching the canvas onto wooden slats (blind frame - subframe).<\/p>\n<h4><\/h4>\n<p>&nbsp;<\/p>\n<h3>Characteristics:<\/h3>\n<p class=\"translation-block\">Execution: Modernist painting<br>\nTechnique: Graphics \u2013 giclee print (limited edition of 50 pieces)<br>\nTitle: \u201d Interior landscape v5 \u201d<\/p>\n<p class=\"translation-block\">Whether you are a collector or a first-time art buyer, the best and safest way to purchase an authentic painting (print or original) is directly from the artist, so I am at your service.<\/p>","protected":false},"excerpt":{"rendered":"<div class=\"et_pb_tab_content\">\n<p>&nbsp;<\/p>\n<p>&nbsp;<\/p>\n<\/div>","protected":false},"featured_media":7061,"template":"","meta":[],"product_brand":[],"product_cat":[15],"product_tag":[],"class_list":{"0":"post-7060","1":"product","2":"type-product","3":"status-publish","4":"has-post-thumbnail","6":"product_cat-grafike","7":"product_shipping_class-grafike","9":"first","10":"instock","11":"shipping-taxable","12":"purchasable","13":"product-type-variable"},"yoast_head":"<!-- This site is optimized with the Yoast SEO plugin v27.3 - https:\/\/yoast.com\/product\/yoast-seo-wordpress\/ -->\n<title>Apstraktna slika \u2013 Plavi i ru\u017ei\u010dasti tonovi moderna umjetnost<\/title>\n<meta name=\"description\" content=\"Apstraktna slika u nje\u017enim plavim i ru\u017ei\u010dastim tonovima s vibrantnim akcentima. Savr\u0161en odabir za moderan interijer. Art print imitirane edicije\" \/>\n<meta name=\"robots\" content=\"index, follow, max-snippet:-1, max-image-preview:large, max-video-preview:-1\" \/>\n<link rel=\"canonical\" href=\"https:\/\/ranko-ajdinovic.com\/en\/product\/unutarnji-pejzaz-v5\/\" \/>\n<meta property=\"og:locale\" content=\"en_US\" \/>\n<meta property=\"og:type\" content=\"article\" \/>\n<meta property=\"og:title\" content=\"Apstraktna slika \u2013 Plavi i ru\u017ei\u010dasti tonovi moderna umjetnost\" \/>\n<meta property=\"og:description\" content=\"Apstraktna slika u nje\u017enim plavim i ru\u017ei\u010dastim tonovima s vibrantnim akcentima. Savr\u0161en odabir za moderan interijer. Art print imitirane edicije\" \/>\n<meta property=\"og:url\" content=\"https:\/\/ranko-ajdinovic.com\/en\/product\/unutarnji-pejzaz-v5\/\" \/>\n<meta property=\"og:site_name\" content=\"Ranko Ajdinovic - Moderne slike\" \/>\n<meta property=\"article:modified_time\" content=\"2026-04-24T17:39:13+00:00\" \/>\n<meta property=\"og:image\" content=\"https:\/\/ranko-ajdinovic.com\/wp-content\/uploads\/2025\/09\/Apstraktna-slika-u-njeznim-plavim-i-pastelno-ruzicastim-tonovima-\u2013-Akrilik-na-platnu-80x80-cm-3-1.jpg\" \/>\n\t<meta property=\"og:image:width\" content=\"800\" \/>\n\t<meta property=\"og:image:height\" content=\"800\" \/>\n\t<meta property=\"og:image:type\" content=\"image\/jpeg\" \/>\n<meta name=\"twitter:card\" content=\"summary_large_image\" \/>\n<meta name=\"twitter:label1\" content=\"Est. reading time\" \/>\n\t<meta name=\"twitter:data1\" content=\"2 minutes\" \/>\n<script type=\"application\/ld+json\" class=\"yoast-schema-graph\">{\"@context\":\"https:\\\/\\\/schema.org\",\"@graph\":[{\"@type\":\"WebPage\",\"@id\":\"https:\\\/\\\/ranko-ajdinovic.com\\\/proizvod\\\/unutarnji-pejzaz-v5\\\/\",\"url\":\"https:\\\/\\\/ranko-ajdinovic.com\\\/proizvod\\\/unutarnji-pejzaz-v5\\\/\",\"name\":\"Apstraktna slika \u2013 Plavi i ru\u017ei\u010dasti tonovi moderna umjetnost\",\"isPartOf\":{\"@id\":\"https:\\\/\\\/ranko-ajdinovic.com\\\/#website\"},\"primaryImageOfPage\":{\"@id\":\"https:\\\/\\\/ranko-ajdinovic.com\\\/proizvod\\\/unutarnji-pejzaz-v5\\\/#primaryimage\"},\"image\":{\"@id\":\"https:\\\/\\\/ranko-ajdinovic.com\\\/proizvod\\\/unutarnji-pejzaz-v5\\\/#primaryimage\"},\"thumbnailUrl\":\"https:\\\/\\\/ranko-ajdinovic.com\\\/wp-content\\\/uploads\\\/2025\\\/09\\\/Apstraktna-slika-u-njeznim-plavim-i-pastelno-ruzicastim-tonovima-\u2013-Akrilik-na-platnu-80x80-cm-3-1.jpg\",\"datePublished\":\"2025-03-21T17:26:09+00:00\",\"dateModified\":\"2026-04-24T17:39:13+00:00\",\"description\":\"Apstraktna slika u nje\u017enim plavim i ru\u017ei\u010dastim tonovima s vibrantnim akcentima. Savr\u0161en odabir za moderan interijer. Art print imitirane edicije\",\"breadcrumb\":{\"@id\":\"https:\\\/\\\/ranko-ajdinovic.com\\\/proizvod\\\/unutarnji-pejzaz-v5\\\/#breadcrumb\"},\"inLanguage\":\"en-US\",\"potentialAction\":[{\"@type\":\"ReadAction\",\"target\":[\"https:\\\/\\\/ranko-ajdinovic.com\\\/proizvod\\\/unutarnji-pejzaz-v5\\\/\"]}]},{\"@type\":\"ImageObject\",\"inLanguage\":\"en-US\",\"@id\":\"https:\\\/\\\/ranko-ajdinovic.com\\\/proizvod\\\/unutarnji-pejzaz-v5\\\/#primaryimage\",\"url\":\"https:\\\/\\\/ranko-ajdinovic.com\\\/wp-content\\\/uploads\\\/2025\\\/09\\\/Apstraktna-slika-u-njeznim-plavim-i-pastelno-ruzicastim-tonovima-\u2013-Akrilik-na-platnu-80x80-cm-3-1.jpg\",\"contentUrl\":\"https:\\\/\\\/ranko-ajdinovic.com\\\/wp-content\\\/uploads\\\/2025\\\/09\\\/Apstraktna-slika-u-njeznim-plavim-i-pastelno-ruzicastim-tonovima-\u2013-Akrilik-na-platnu-80x80-cm-3-1.jpg\",\"width\":800,\"height\":800},{\"@type\":\"BreadcrumbList\",\"@id\":\"https:\\\/\\\/ranko-ajdinovic.com\\\/proizvod\\\/unutarnji-pejzaz-v5\\\/#breadcrumb\",\"itemListElement\":[{\"@type\":\"ListItem\",\"position\":1,\"name\":\"Home\",\"item\":\"https:\\\/\\\/ranko-ajdinovic.com\\\/\"},{\"@type\":\"ListItem\",\"position\":2,\"name\":\"Trgovina\",\"item\":\"https:\\\/\\\/ranko-ajdinovic.com\\\/trgovina\\\/\"},{\"@type\":\"ListItem\",\"position\":3,\"name\":\"Unutarnji pejza\u017e V5\"}]},{\"@type\":\"WebSite\",\"@id\":\"https:\\\/\\\/ranko-ajdinovic.com\\\/#website\",\"url\":\"https:\\\/\\\/ranko-ajdinovic.com\\\/\",\"name\":\"Ranko Ajdinovic - Moderne slike\",\"description\":\"\",\"publisher\":{\"@id\":\"https:\\\/\\\/ranko-ajdinovic.com\\\/#\\\/schema\\\/person\\\/0cefe097e1f0568f925016a168bdeba6\"},\"potentialAction\":[{\"@type\":\"SearchAction\",\"target\":{\"@type\":\"EntryPoint\",\"urlTemplate\":\"https:\\\/\\\/ranko-ajdinovic.com\\\/?s={search_term_string}\"},\"query-input\":{\"@type\":\"PropertyValueSpecification\",\"valueRequired\":true,\"valueName\":\"search_term_string\"}}],\"inLanguage\":\"en-US\"},{\"@type\":[\"Person\",\"Organization\"],\"@id\":\"https:\\\/\\\/ranko-ajdinovic.com\\\/#\\\/schema\\\/person\\\/0cefe097e1f0568f925016a168bdeba6\",\"name\":\"admin\",\"image\":{\"@type\":\"ImageObject\",\"inLanguage\":\"en-US\",\"@id\":\"https:\\\/\\\/secure.gravatar.com\\\/avatar\\\/049d970c38cf58812832cd99b964dcdfd90456c8fd7f47da68257f5b08cf289e?s=96&d=mm&r=g\",\"url\":\"https:\\\/\\\/secure.gravatar.com\\\/avatar\\\/049d970c38cf58812832cd99b964dcdfd90456c8fd7f47da68257f5b08cf289e?s=96&d=mm&r=g\",\"contentUrl\":\"https:\\\/\\\/secure.gravatar.com\\\/avatar\\\/049d970c38cf58812832cd99b964dcdfd90456c8fd7f47da68257f5b08cf289e?s=96&d=mm&r=g\",\"caption\":\"admin\"},\"logo\":{\"@id\":\"https:\\\/\\\/secure.gravatar.com\\\/avatar\\\/049d970c38cf58812832cd99b964dcdfd90456c8fd7f47da68257f5b08cf289e?s=96&d=mm&r=g\"},\"sameAs\":[\"https:\\\/\\\/ranko-ajdinovic.com\"]}]}<\/script>\n<!-- \/ Yoast SEO plugin. -->","yoast_head_json":{"title":"Apstraktna slika \u2013 Plavi i ru\u017ei\u010dasti tonovi moderna umjetnost","description":"Apstraktna slika u nje\u017enim plavim i ru\u017ei\u010dastim tonovima s vibrantnim akcentima. Savr\u0161en odabir za moderan interijer. Art print imitirane edicije","robots":{"index":"index","follow":"follow","max-snippet":"max-snippet:-1","max-image-preview":"max-image-preview:large","max-video-preview":"max-video-preview:-1"},"canonical":"https:\/\/ranko-ajdinovic.com\/en\/product\/unutarnji-pejzaz-v5\/","og_locale":"en_US","og_type":"article","og_title":"Apstraktna slika \u2013 Plavi i ru\u017ei\u010dasti tonovi moderna umjetnost","og_description":"Apstraktna slika u nje\u017enim plavim i ru\u017ei\u010dastim tonovima s vibrantnim akcentima. Savr\u0161en odabir za moderan interijer. Art print imitirane edicije","og_url":"https:\/\/ranko-ajdinovic.com\/en\/product\/unutarnji-pejzaz-v5\/","og_site_name":"Ranko Ajdinovic - Moderne slike","article_modified_time":"2026-04-24T17:39:13+00:00","og_image":[{"width":800,"height":800,"url":"https:\/\/ranko-ajdinovic.com\/wp-content\/uploads\/2025\/09\/Apstraktna-slika-u-njeznim-plavim-i-pastelno-ruzicastim-tonovima-\u2013-Akrilik-na-platnu-80x80-cm-3-1.jpg","type":"image\/jpeg"}],"twitter_card":"summary_large_image","twitter_misc":{"Est. reading time":"2 minutes"},"schema":{"@context":"https:\/\/schema.org","@graph":[{"@type":"WebPage","@id":"https:\/\/ranko-ajdinovic.com\/proizvod\/unutarnji-pejzaz-v5\/","url":"https:\/\/ranko-ajdinovic.com\/proizvod\/unutarnji-pejzaz-v5\/","name":"Apstraktna slika \u2013 Plavi i ru\u017ei\u010dasti tonovi moderna umjetnost","isPartOf":{"@id":"https:\/\/ranko-ajdinovic.com\/#website"},"primaryImageOfPage":{"@id":"https:\/\/ranko-ajdinovic.com\/proizvod\/unutarnji-pejzaz-v5\/#primaryimage"},"image":{"@id":"https:\/\/ranko-ajdinovic.com\/proizvod\/unutarnji-pejzaz-v5\/#primaryimage"},"thumbnailUrl":"https:\/\/ranko-ajdinovic.com\/wp-content\/uploads\/2025\/09\/Apstraktna-slika-u-njeznim-plavim-i-pastelno-ruzicastim-tonovima-\u2013-Akrilik-na-platnu-80x80-cm-3-1.jpg","datePublished":"2025-03-21T17:26:09+00:00","dateModified":"2026-04-24T17:39:13+00:00","description":"Apstraktna slika u nje\u017enim plavim i ru\u017ei\u010dastim tonovima s vibrantnim akcentima. Savr\u0161en odabir za moderan interijer. Art print imitirane edicije","breadcrumb":{"@id":"https:\/\/ranko-ajdinovic.com\/proizvod\/unutarnji-pejzaz-v5\/#breadcrumb"},"inLanguage":"en-US","potentialAction":[{"@type":"ReadAction","target":["https:\/\/ranko-ajdinovic.com\/proizvod\/unutarnji-pejzaz-v5\/"]}]},{"@type":"ImageObject","inLanguage":"en-US","@id":"https:\/\/ranko-ajdinovic.com\/proizvod\/unutarnji-pejzaz-v5\/#primaryimage","url":"https:\/\/ranko-ajdinovic.com\/wp-content\/uploads\/2025\/09\/Apstraktna-slika-u-njeznim-plavim-i-pastelno-ruzicastim-tonovima-\u2013-Akrilik-na-platnu-80x80-cm-3-1.jpg","contentUrl":"https:\/\/ranko-ajdinovic.com\/wp-content\/uploads\/2025\/09\/Apstraktna-slika-u-njeznim-plavim-i-pastelno-ruzicastim-tonovima-\u2013-Akrilik-na-platnu-80x80-cm-3-1.jpg","width":800,"height":800},{"@type":"BreadcrumbList","@id":"https:\/\/ranko-ajdinovic.com\/proizvod\/unutarnji-pejzaz-v5\/#breadcrumb","itemListElement":[{"@type":"ListItem","position":1,"name":"Home","item":"https:\/\/ranko-ajdinovic.com\/"},{"@type":"ListItem","position":2,"name":"Trgovina","item":"https:\/\/ranko-ajdinovic.com\/trgovina\/"},{"@type":"ListItem","position":3,"name":"Unutarnji pejza\u017e V5"}]},{"@type":"WebSite","@id":"https:\/\/ranko-ajdinovic.com\/#website","url":"https:\/\/ranko-ajdinovic.com\/","name":"Ranko Ajdinovic - Modern pictures","description":"","publisher":{"@id":"https:\/\/ranko-ajdinovic.com\/#\/schema\/person\/0cefe097e1f0568f925016a168bdeba6"},"potentialAction":[{"@type":"SearchAction","target":{"@type":"EntryPoint","urlTemplate":"https:\/\/ranko-ajdinovic.com\/?s={search_term_string}"},"query-input":{"@type":"PropertyValueSpecification","valueRequired":true,"valueName":"search_term_string"}}],"inLanguage":"en-US"},{"@type":["Person","Organization"],"@id":"https:\/\/ranko-ajdinovic.com\/#\/schema\/person\/0cefe097e1f0568f925016a168bdeba6","name":"admin","image":{"@type":"ImageObject","inLanguage":"en-US","@id":"https:\/\/secure.gravatar.com\/avatar\/049d970c38cf58812832cd99b964dcdfd90456c8fd7f47da68257f5b08cf289e?s=96&d=mm&r=g","url":"https:\/\/secure.gravatar.com\/avatar\/049d970c38cf58812832cd99b964dcdfd90456c8fd7f47da68257f5b08cf289e?s=96&d=mm&r=g","contentUrl":"https:\/\/secure.gravatar.com\/avatar\/049d970c38cf58812832cd99b964dcdfd90456c8fd7f47da68257f5b08cf289e?s=96&d=mm&r=g","caption":"admin"},"logo":{"@id":"https:\/\/secure.gravatar.com\/avatar\/049d970c38cf58812832cd99b964dcdfd90456c8fd7f47da68257f5b08cf289e?s=96&d=mm&r=g"},"sameAs":["https:\/\/ranko-ajdinovic.com"]}]}},"_links":{"self":[{"href":"https:\/\/ranko-ajdinovic.com\/en\/wp-json\/wp\/v2\/product\/7060","targetHints":{"allow":["GET"]}}],"collection":[{"href":"https:\/\/ranko-ajdinovic.com\/en\/wp-json\/wp\/v2\/product"}],"about":[{"href":"https:\/\/ranko-ajdinovic.com\/en\/wp-json\/wp\/v2\/types\/product"}],"wp:featuredmedia":[{"embeddable":true,"href":"https:\/\/ranko-ajdinovic.com\/en\/wp-json\/wp\/v2\/media\/7061"}],"wp:attachment":[{"href":"https:\/\/ranko-ajdinovic.com\/en\/wp-json\/wp\/v2\/media?parent=7060"}],"wp:term":[{"taxonomy":"product_brand","embeddable":true,"href":"https:\/\/ranko-ajdinovic.com\/en\/wp-json\/wp\/v2\/product_brand?post=7060"},{"taxonomy":"product_cat","embeddable":true,"href":"https:\/\/ranko-ajdinovic.com\/en\/wp-json\/wp\/v2\/product_cat?post=7060"},{"taxonomy":"product_tag","embeddable":true,"href":"https:\/\/ranko-ajdinovic.com\/en\/wp-json\/wp\/v2\/product_tag?post=7060"}],"curies":[{"name":"wp","href":"https:\/\/api.w.org\/{rel}","templated":true}]}}