{"id":7081,"date":"2025-03-25T20:59:48","date_gmt":"2025-03-25T20:59:48","guid":{"rendered":"https:\/\/ranko-ajdinovic.com\/?post_type=product&#038;p=7081"},"modified":"2026-04-24T17:39:13","modified_gmt":"2026-04-24T17:39:13","slug":"unutarnji-pejzaz-v6","status":"publish","type":"product","link":"https:\/\/ranko-ajdinovic.com\/en\/product\/unutarnji-pejzaz-v6\/","title":{"rendered":"Interior landscape V6"},"content":{"rendered":"<p class=\"translation-block\">A modern painting in soft tones in pastel blue, yellow and pink colors, a limited and extremely small edition giclee print based on an original artistic painting by academic painter Ranko Ajdinovi\u0107. The print is in a limited and extremely small edition and can be ordered in various sizes, on 300 gram, 100% cotton paper or museum quality canvas.<br>\nIt is an abstract painting titled \"Interior Landscape V6<\/p>\n<p>Dimensions of the image on paper:<\/p>\n<p>1. 43 x 43 cm<br \/>\n2. 65 x 65 cm<br \/>\n3. 95 x 95 cm<\/p>\n<p>&nbsp;<\/p>\n<p>&nbsp;<\/p>\n<h3>Dimensions of the image on the canvas:<\/h3>\n<p>1. 45 x 45 cm<br \/>\n2. 65 x 65 cm<br \/>\n3. 95 x 95 cm<\/p>\n<p class=\"translation-block\">The prints on paper have a 5 cm white border on all sides (see photos) on which I sign and number by hand. For example, if the painting is 43 x 43 cm with a white border, the final paper size is 53 x 53 cm, while on canvas there is no visible white border, and the signature and numbering are on the back of the canvas.<\/p>\n<p>The canvas prints have 5 cm of clean white canvas on all sides, which is intended for stretching the canvas onto wooden slats (blind frame - subframe).<\/p>\n<h4><\/h4>\n<p>&nbsp;<\/p>\n<h3>Characteristics:<\/h3>\n<p class=\"translation-block\">Execution: Abstract painting<br>\nTechnique: Graphics \u2013 giclee print (limited edition of 50 pieces)<br>\nTitle: \u201d Interior landscape v6 \u201d<\/p>\n<p class=\"translation-block\">Whether you are a collector or a first-time art buyer, the best and safest way to purchase an authentic painting (print or original) is directly from the artist, so I am at your service.<\/p>","protected":false},"excerpt":{"rendered":"<div class=\"et_pb_tab_content\">\n<p>&nbsp;<\/p>\n<p>&nbsp;<\/p>\n<\/div>","protected":false},"featured_media":7082,"template":"","meta":[],"product_brand":[],"product_cat":[15],"product_tag":[],"class_list":{"0":"post-7081","1":"product","2":"type-product","3":"status-publish","4":"has-post-thumbnail","6":"product_cat-grafike","7":"product_shipping_class-grafike","9":"first","10":"instock","11":"shipping-taxable","12":"purchasable","13":"product-type-variable"},"yoast_head":"<!-- This site is optimized with the Yoast SEO plugin v27.3 - https:\/\/yoast.com\/product\/yoast-seo-wordpress\/ -->\n<title>Moderna slika nje\u017enih tonova velikog formata za apartman i dom<\/title>\n<meta name=\"description\" content=\"Moderna slika u nje\u017enim tonovima plave, \u017eute i ru\u017ei\u010daste boje s vibrantnim akcentima. Savr\u0161en odabir za moderan interijer. Art print imitirane edicije\" \/>\n<meta name=\"robots\" content=\"index, follow, max-snippet:-1, max-image-preview:large, max-video-preview:-1\" \/>\n<link rel=\"canonical\" href=\"https:\/\/ranko-ajdinovic.com\/en\/product\/unutarnji-pejzaz-v6\/\" \/>\n<meta property=\"og:locale\" content=\"en_US\" \/>\n<meta property=\"og:type\" content=\"article\" \/>\n<meta property=\"og:title\" content=\"Moderna slika nje\u017enih tonova velikog formata za apartman i dom\" \/>\n<meta property=\"og:description\" content=\"Moderna slika u nje\u017enim tonovima plave, \u017eute i ru\u017ei\u010daste boje s vibrantnim akcentima. Savr\u0161en odabir za moderan interijer. Art print imitirane edicije\" \/>\n<meta property=\"og:url\" content=\"https:\/\/ranko-ajdinovic.com\/en\/product\/unutarnji-pejzaz-v6\/\" \/>\n<meta property=\"og:site_name\" content=\"Ranko Ajdinovic - Moderne slike\" \/>\n<meta property=\"article:modified_time\" content=\"2026-04-24T17:39:13+00:00\" \/>\n<meta property=\"og:image\" content=\"https:\/\/ranko-ajdinovic.com\/wp-content\/uploads\/2025\/09\/Limited-Edition-Giclee-Print-Abstract-Wall-Art-in-Blue-Yellow-Soft-Pastels-Modern-Minimalist-Artwork-for-Elegant-Contemporary-Interiors-1-1.jpg\" \/>\n\t<meta property=\"og:image:width\" content=\"900\" \/>\n\t<meta property=\"og:image:height\" content=\"676\" \/>\n\t<meta property=\"og:image:type\" content=\"image\/jpeg\" \/>\n<meta name=\"twitter:card\" content=\"summary_large_image\" \/>\n<meta name=\"twitter:label1\" content=\"Est. reading time\" \/>\n\t<meta name=\"twitter:data1\" content=\"2 minutes\" \/>\n<script type=\"application\/ld+json\" class=\"yoast-schema-graph\">{\"@context\":\"https:\\\/\\\/schema.org\",\"@graph\":[{\"@type\":\"WebPage\",\"@id\":\"https:\\\/\\\/ranko-ajdinovic.com\\\/proizvod\\\/unutarnji-pejzaz-v6\\\/\",\"url\":\"https:\\\/\\\/ranko-ajdinovic.com\\\/proizvod\\\/unutarnji-pejzaz-v6\\\/\",\"name\":\"Moderna slika nje\u017enih tonova velikog formata za apartman i dom\",\"isPartOf\":{\"@id\":\"https:\\\/\\\/ranko-ajdinovic.com\\\/#website\"},\"primaryImageOfPage\":{\"@id\":\"https:\\\/\\\/ranko-ajdinovic.com\\\/proizvod\\\/unutarnji-pejzaz-v6\\\/#primaryimage\"},\"image\":{\"@id\":\"https:\\\/\\\/ranko-ajdinovic.com\\\/proizvod\\\/unutarnji-pejzaz-v6\\\/#primaryimage\"},\"thumbnailUrl\":\"https:\\\/\\\/ranko-ajdinovic.com\\\/wp-content\\\/uploads\\\/2025\\\/09\\\/Limited-Edition-Giclee-Print-Abstract-Wall-Art-in-Blue-Yellow-Soft-Pastels-Modern-Minimalist-Artwork-for-Elegant-Contemporary-Interiors-1-1.jpg\",\"datePublished\":\"2025-03-25T20:59:48+00:00\",\"dateModified\":\"2026-04-24T17:39:13+00:00\",\"description\":\"Moderna slika u nje\u017enim tonovima plave, \u017eute i ru\u017ei\u010daste boje s vibrantnim akcentima. Savr\u0161en odabir za moderan interijer. Art print imitirane edicije\",\"breadcrumb\":{\"@id\":\"https:\\\/\\\/ranko-ajdinovic.com\\\/proizvod\\\/unutarnji-pejzaz-v6\\\/#breadcrumb\"},\"inLanguage\":\"en-US\",\"potentialAction\":[{\"@type\":\"ReadAction\",\"target\":[\"https:\\\/\\\/ranko-ajdinovic.com\\\/proizvod\\\/unutarnji-pejzaz-v6\\\/\"]}]},{\"@type\":\"ImageObject\",\"inLanguage\":\"en-US\",\"@id\":\"https:\\\/\\\/ranko-ajdinovic.com\\\/proizvod\\\/unutarnji-pejzaz-v6\\\/#primaryimage\",\"url\":\"https:\\\/\\\/ranko-ajdinovic.com\\\/wp-content\\\/uploads\\\/2025\\\/09\\\/Limited-Edition-Giclee-Print-Abstract-Wall-Art-in-Blue-Yellow-Soft-Pastels-Modern-Minimalist-Artwork-for-Elegant-Contemporary-Interiors-1-1.jpg\",\"contentUrl\":\"https:\\\/\\\/ranko-ajdinovic.com\\\/wp-content\\\/uploads\\\/2025\\\/09\\\/Limited-Edition-Giclee-Print-Abstract-Wall-Art-in-Blue-Yellow-Soft-Pastels-Modern-Minimalist-Artwork-for-Elegant-Contemporary-Interiors-1-1.jpg\",\"width\":900,\"height\":676},{\"@type\":\"BreadcrumbList\",\"@id\":\"https:\\\/\\\/ranko-ajdinovic.com\\\/proizvod\\\/unutarnji-pejzaz-v6\\\/#breadcrumb\",\"itemListElement\":[{\"@type\":\"ListItem\",\"position\":1,\"name\":\"Home\",\"item\":\"https:\\\/\\\/ranko-ajdinovic.com\\\/\"},{\"@type\":\"ListItem\",\"position\":2,\"name\":\"Trgovina\",\"item\":\"https:\\\/\\\/ranko-ajdinovic.com\\\/trgovina\\\/\"},{\"@type\":\"ListItem\",\"position\":3,\"name\":\"Unutarnji pejza\u017e V6\"}]},{\"@type\":\"WebSite\",\"@id\":\"https:\\\/\\\/ranko-ajdinovic.com\\\/#website\",\"url\":\"https:\\\/\\\/ranko-ajdinovic.com\\\/\",\"name\":\"Ranko Ajdinovic - Moderne slike\",\"description\":\"\",\"publisher\":{\"@id\":\"https:\\\/\\\/ranko-ajdinovic.com\\\/#\\\/schema\\\/person\\\/0cefe097e1f0568f925016a168bdeba6\"},\"potentialAction\":[{\"@type\":\"SearchAction\",\"target\":{\"@type\":\"EntryPoint\",\"urlTemplate\":\"https:\\\/\\\/ranko-ajdinovic.com\\\/?s={search_term_string}\"},\"query-input\":{\"@type\":\"PropertyValueSpecification\",\"valueRequired\":true,\"valueName\":\"search_term_string\"}}],\"inLanguage\":\"en-US\"},{\"@type\":[\"Person\",\"Organization\"],\"@id\":\"https:\\\/\\\/ranko-ajdinovic.com\\\/#\\\/schema\\\/person\\\/0cefe097e1f0568f925016a168bdeba6\",\"name\":\"admin\",\"image\":{\"@type\":\"ImageObject\",\"inLanguage\":\"en-US\",\"@id\":\"https:\\\/\\\/secure.gravatar.com\\\/avatar\\\/049d970c38cf58812832cd99b964dcdfd90456c8fd7f47da68257f5b08cf289e?s=96&d=mm&r=g\",\"url\":\"https:\\\/\\\/secure.gravatar.com\\\/avatar\\\/049d970c38cf58812832cd99b964dcdfd90456c8fd7f47da68257f5b08cf289e?s=96&d=mm&r=g\",\"contentUrl\":\"https:\\\/\\\/secure.gravatar.com\\\/avatar\\\/049d970c38cf58812832cd99b964dcdfd90456c8fd7f47da68257f5b08cf289e?s=96&d=mm&r=g\",\"caption\":\"admin\"},\"logo\":{\"@id\":\"https:\\\/\\\/secure.gravatar.com\\\/avatar\\\/049d970c38cf58812832cd99b964dcdfd90456c8fd7f47da68257f5b08cf289e?s=96&d=mm&r=g\"},\"sameAs\":[\"https:\\\/\\\/ranko-ajdinovic.com\"]}]}<\/script>\n<!-- \/ Yoast SEO plugin. -->","yoast_head_json":{"title":"Moderna slika nje\u017enih tonova velikog formata za apartman i dom","description":"Moderna slika u nje\u017enim tonovima plave, \u017eute i ru\u017ei\u010daste boje s vibrantnim akcentima. Savr\u0161en odabir za moderan interijer. Art print imitirane edicije","robots":{"index":"index","follow":"follow","max-snippet":"max-snippet:-1","max-image-preview":"max-image-preview:large","max-video-preview":"max-video-preview:-1"},"canonical":"https:\/\/ranko-ajdinovic.com\/en\/product\/unutarnji-pejzaz-v6\/","og_locale":"en_US","og_type":"article","og_title":"Moderna slika nje\u017enih tonova velikog formata za apartman i dom","og_description":"Moderna slika u nje\u017enim tonovima plave, \u017eute i ru\u017ei\u010daste boje s vibrantnim akcentima. Savr\u0161en odabir za moderan interijer. Art print imitirane edicije","og_url":"https:\/\/ranko-ajdinovic.com\/en\/product\/unutarnji-pejzaz-v6\/","og_site_name":"Ranko Ajdinovic - Moderne slike","article_modified_time":"2026-04-24T17:39:13+00:00","og_image":[{"width":900,"height":676,"url":"https:\/\/ranko-ajdinovic.com\/wp-content\/uploads\/2025\/09\/Limited-Edition-Giclee-Print-Abstract-Wall-Art-in-Blue-Yellow-Soft-Pastels-Modern-Minimalist-Artwork-for-Elegant-Contemporary-Interiors-1-1.jpg","type":"image\/jpeg"}],"twitter_card":"summary_large_image","twitter_misc":{"Est. reading time":"2 minutes"},"schema":{"@context":"https:\/\/schema.org","@graph":[{"@type":"WebPage","@id":"https:\/\/ranko-ajdinovic.com\/proizvod\/unutarnji-pejzaz-v6\/","url":"https:\/\/ranko-ajdinovic.com\/proizvod\/unutarnji-pejzaz-v6\/","name":"Moderna slika nje\u017enih tonova velikog formata za apartman i dom","isPartOf":{"@id":"https:\/\/ranko-ajdinovic.com\/#website"},"primaryImageOfPage":{"@id":"https:\/\/ranko-ajdinovic.com\/proizvod\/unutarnji-pejzaz-v6\/#primaryimage"},"image":{"@id":"https:\/\/ranko-ajdinovic.com\/proizvod\/unutarnji-pejzaz-v6\/#primaryimage"},"thumbnailUrl":"https:\/\/ranko-ajdinovic.com\/wp-content\/uploads\/2025\/09\/Limited-Edition-Giclee-Print-Abstract-Wall-Art-in-Blue-Yellow-Soft-Pastels-Modern-Minimalist-Artwork-for-Elegant-Contemporary-Interiors-1-1.jpg","datePublished":"2025-03-25T20:59:48+00:00","dateModified":"2026-04-24T17:39:13+00:00","description":"Moderna slika u nje\u017enim tonovima plave, \u017eute i ru\u017ei\u010daste boje s vibrantnim akcentima. Savr\u0161en odabir za moderan interijer. Art print imitirane edicije","breadcrumb":{"@id":"https:\/\/ranko-ajdinovic.com\/proizvod\/unutarnji-pejzaz-v6\/#breadcrumb"},"inLanguage":"en-US","potentialAction":[{"@type":"ReadAction","target":["https:\/\/ranko-ajdinovic.com\/proizvod\/unutarnji-pejzaz-v6\/"]}]},{"@type":"ImageObject","inLanguage":"en-US","@id":"https:\/\/ranko-ajdinovic.com\/proizvod\/unutarnji-pejzaz-v6\/#primaryimage","url":"https:\/\/ranko-ajdinovic.com\/wp-content\/uploads\/2025\/09\/Limited-Edition-Giclee-Print-Abstract-Wall-Art-in-Blue-Yellow-Soft-Pastels-Modern-Minimalist-Artwork-for-Elegant-Contemporary-Interiors-1-1.jpg","contentUrl":"https:\/\/ranko-ajdinovic.com\/wp-content\/uploads\/2025\/09\/Limited-Edition-Giclee-Print-Abstract-Wall-Art-in-Blue-Yellow-Soft-Pastels-Modern-Minimalist-Artwork-for-Elegant-Contemporary-Interiors-1-1.jpg","width":900,"height":676},{"@type":"BreadcrumbList","@id":"https:\/\/ranko-ajdinovic.com\/proizvod\/unutarnji-pejzaz-v6\/#breadcrumb","itemListElement":[{"@type":"ListItem","position":1,"name":"Home","item":"https:\/\/ranko-ajdinovic.com\/"},{"@type":"ListItem","position":2,"name":"Trgovina","item":"https:\/\/ranko-ajdinovic.com\/trgovina\/"},{"@type":"ListItem","position":3,"name":"Unutarnji pejza\u017e V6"}]},{"@type":"WebSite","@id":"https:\/\/ranko-ajdinovic.com\/#website","url":"https:\/\/ranko-ajdinovic.com\/","name":"Ranko Ajdinovic - Modern pictures","description":"","publisher":{"@id":"https:\/\/ranko-ajdinovic.com\/#\/schema\/person\/0cefe097e1f0568f925016a168bdeba6"},"potentialAction":[{"@type":"SearchAction","target":{"@type":"EntryPoint","urlTemplate":"https:\/\/ranko-ajdinovic.com\/?s={search_term_string}"},"query-input":{"@type":"PropertyValueSpecification","valueRequired":true,"valueName":"search_term_string"}}],"inLanguage":"en-US"},{"@type":["Person","Organization"],"@id":"https:\/\/ranko-ajdinovic.com\/#\/schema\/person\/0cefe097e1f0568f925016a168bdeba6","name":"admin","image":{"@type":"ImageObject","inLanguage":"en-US","@id":"https:\/\/secure.gravatar.com\/avatar\/049d970c38cf58812832cd99b964dcdfd90456c8fd7f47da68257f5b08cf289e?s=96&d=mm&r=g","url":"https:\/\/secure.gravatar.com\/avatar\/049d970c38cf58812832cd99b964dcdfd90456c8fd7f47da68257f5b08cf289e?s=96&d=mm&r=g","contentUrl":"https:\/\/secure.gravatar.com\/avatar\/049d970c38cf58812832cd99b964dcdfd90456c8fd7f47da68257f5b08cf289e?s=96&d=mm&r=g","caption":"admin"},"logo":{"@id":"https:\/\/secure.gravatar.com\/avatar\/049d970c38cf58812832cd99b964dcdfd90456c8fd7f47da68257f5b08cf289e?s=96&d=mm&r=g"},"sameAs":["https:\/\/ranko-ajdinovic.com"]}]}},"_links":{"self":[{"href":"https:\/\/ranko-ajdinovic.com\/en\/wp-json\/wp\/v2\/product\/7081","targetHints":{"allow":["GET"]}}],"collection":[{"href":"https:\/\/ranko-ajdinovic.com\/en\/wp-json\/wp\/v2\/product"}],"about":[{"href":"https:\/\/ranko-ajdinovic.com\/en\/wp-json\/wp\/v2\/types\/product"}],"wp:featuredmedia":[{"embeddable":true,"href":"https:\/\/ranko-ajdinovic.com\/en\/wp-json\/wp\/v2\/media\/7082"}],"wp:attachment":[{"href":"https:\/\/ranko-ajdinovic.com\/en\/wp-json\/wp\/v2\/media?parent=7081"}],"wp:term":[{"taxonomy":"product_brand","embeddable":true,"href":"https:\/\/ranko-ajdinovic.com\/en\/wp-json\/wp\/v2\/product_brand?post=7081"},{"taxonomy":"product_cat","embeddable":true,"href":"https:\/\/ranko-ajdinovic.com\/en\/wp-json\/wp\/v2\/product_cat?post=7081"},{"taxonomy":"product_tag","embeddable":true,"href":"https:\/\/ranko-ajdinovic.com\/en\/wp-json\/wp\/v2\/product_tag?post=7081"}],"curies":[{"name":"wp","href":"https:\/\/api.w.org\/{rel}","templated":true}]}}