{"id":8404,"date":"2025-12-18T17:42:55","date_gmt":"2025-12-18T17:42:55","guid":{"rendered":"https:\/\/ranko-ajdinovic.com\/?post_type=product&#038;p=8404"},"modified":"2026-04-24T17:39:13","modified_gmt":"2026-04-24T17:39:13","slug":"unutarnji-pejzaz-g6","status":"publish","type":"product","link":"https:\/\/ranko-ajdinovic.com\/en\/product\/unutarnji-pejzaz-g6\/","title":{"rendered":"Interior landscape g6"},"content":{"rendered":"<p>A modern bedroom painting in an oblong format is perfect for adding charm to your space. This limited edition giclee print features vibrant colors and a beautiful design that will refresh every corner of your room and make your space have that special something.<\/p>\n<p>Whether you're a fan of minimalist or modern decor, this painting will fit beautifully in your bedroom, living room, or dining room. It's available in different sizes on canvas and paper, so you can choose the one that best suits your interior.<\/p>\n<p>This limited edition print is based on an original from 2020 and is one of the works from the extensive cycle Inner Landscapes.<\/p>\n<p>The painting can be ordered in various sizes on cotton paper or museum quality canvas. The paper is of exceptional quality, 100% cotton, 300 grams thick. The canvas is 380 grams.<\/p>\n<p>Add a little magic to your home with this modern painting that will bring a smile to your face every day!<\/p>\n<p>&nbsp;<\/p>\n<h3>Dimensions of the image on paper:<\/h3>\n<p>1. 45 x 22 cm<br \/>\n2. 70 x 35 cm<br \/>\n3. 100 x 50 cm<\/p>\n<p>&nbsp;<\/p>\n<p>&nbsp;<\/p>\n<h3>Dimensions of the image on the canvas:<\/h3>\n<p>1. 60 x 30 cm<br \/>\n2. 80 x 40 cm<br \/>\n3. 120 x 60 cm<br \/>\n4. 140 x 70 cm<\/p>\n<p class=\"translation-block\">The prints on paper have a 5 cm white border on all sides (see photos) on which I sign and number by hand. For example, if the painting is 70 x 35 cm with a white border, the final paper size is 80 x 45 cm, while on canvas there is no visible white border, and the signature and numbering are on the back of the canvas.<\/p>\n<p>The canvas prints have 5 cm of clean white canvas on all sides, which is intended for stretching the canvas onto wooden slats (blind frame - subframe).<\/p>\n<h4><\/h4>\n<p>&nbsp;<\/p>\n<h3>Characteristics:<\/h3>\n<p class=\"translation-block\">Style: Abstraction<br>\nTechnique: Print \u2013 giclee print (limited edition)<br>\nName: Interior Landscape g6<br>\nEdition: 50<\/p>\n<p class=\"translation-block\">Whether you are a collector or a first-time art buyer, the best and safest way to purchase an authentic painting (print or original) is directly from the artist, so I am at your service.<\/p>","protected":false},"excerpt":{"rendered":"<p>Moderna slika za spava\u0107u sobu u duguljastom formatu savr\u0161ena je za dodavanje \u010dari va\u0161em prostoru. Ova limitirana edicija giclee printa donosi \u017eivopisne boje i lijep dizajn koji \u0107e osvje\u017eiti svaki kutak va\u0161e sobe i u\u010diniti da va\u0161 prostor ima ono ne\u0161to. Bez obzira jeste li ljubitelj minimalisti\u010dkog ili modernog dekora, ova slika \u0107e se lijepo [&hellip;]<\/p>\n","protected":false},"featured_media":6941,"template":"","meta":[],"product_brand":[],"product_cat":[15],"product_tag":[],"class_list":{"0":"post-8404","1":"product","2":"type-product","3":"status-publish","4":"has-post-thumbnail","6":"product_cat-grafike","7":"product_shipping_class-grafike","9":"first","10":"instock","11":"shipping-taxable","12":"purchasable","13":"product-type-variable"},"yoast_head":"<!-- This site is optimized with the Yoast SEO plugin v27.3 - https:\/\/yoast.com\/product\/yoast-seo-wordpress\/ -->\n<title>Unutarnji pejza\u017e g6 &#8226; Ranko Ajdinovic - Moderne slike<\/title>\n<meta name=\"robots\" content=\"index, follow, max-snippet:-1, max-image-preview:large, max-video-preview:-1\" \/>\n<link rel=\"canonical\" href=\"https:\/\/ranko-ajdinovic.com\/en\/product\/unutarnji-pejzaz-g6\/\" \/>\n<meta property=\"og:locale\" content=\"en_US\" \/>\n<meta property=\"og:type\" content=\"article\" \/>\n<meta property=\"og:title\" content=\"Unutarnji pejza\u017e g6 &#8226; Ranko Ajdinovic - Moderne slike\" \/>\n<meta property=\"og:description\" content=\"Moderna slika za spava\u0107u sobu u duguljastom formatu savr\u0161ena je za dodavanje \u010dari va\u0161em prostoru. Ova limitirana edicija giclee printa donosi \u017eivopisne boje i lijep dizajn koji \u0107e osvje\u017eiti svaki kutak va\u0161e sobe i u\u010diniti da va\u0161 prostor ima ono ne\u0161to. Bez obzira jeste li ljubitelj minimalisti\u010dkog ili modernog dekora, ova slika \u0107e se lijepo [&hellip;]\" \/>\n<meta property=\"og:url\" content=\"https:\/\/ranko-ajdinovic.com\/en\/product\/unutarnji-pejzaz-g6\/\" \/>\n<meta property=\"og:site_name\" content=\"Ranko Ajdinovic - Moderne slike\" \/>\n<meta property=\"article:modified_time\" content=\"2026-04-24T17:39:13+00:00\" \/>\n<meta property=\"og:image\" content=\"https:\/\/ranko-ajdinovic.com\/wp-content\/uploads\/2025\/09\/Moderna-slika-za-spavacu-sobu-iznad-kreveta-Ajdinovic-Ranko-4-1.jpg\" \/>\n\t<meta property=\"og:image:width\" content=\"1000\" \/>\n\t<meta property=\"og:image:height\" content=\"751\" \/>\n\t<meta property=\"og:image:type\" content=\"image\/jpeg\" \/>\n<meta name=\"twitter:card\" content=\"summary_large_image\" \/>\n<meta name=\"twitter:label1\" content=\"Est. reading time\" \/>\n\t<meta name=\"twitter:data1\" content=\"2 minutes\" \/>\n<script type=\"application\/ld+json\" class=\"yoast-schema-graph\">{\"@context\":\"https:\\\/\\\/schema.org\",\"@graph\":[{\"@type\":\"WebPage\",\"@id\":\"https:\\\/\\\/ranko-ajdinovic.com\\\/proizvod\\\/unutarnji-pejzaz-g6\\\/\",\"url\":\"https:\\\/\\\/ranko-ajdinovic.com\\\/proizvod\\\/unutarnji-pejzaz-g6\\\/\",\"name\":\"Unutarnji pejza\u017e g6 &#8226; Ranko Ajdinovic - Moderne slike\",\"isPartOf\":{\"@id\":\"https:\\\/\\\/ranko-ajdinovic.com\\\/#website\"},\"primaryImageOfPage\":{\"@id\":\"https:\\\/\\\/ranko-ajdinovic.com\\\/proizvod\\\/unutarnji-pejzaz-g6\\\/#primaryimage\"},\"image\":{\"@id\":\"https:\\\/\\\/ranko-ajdinovic.com\\\/proizvod\\\/unutarnji-pejzaz-g6\\\/#primaryimage\"},\"thumbnailUrl\":\"https:\\\/\\\/ranko-ajdinovic.com\\\/wp-content\\\/uploads\\\/2025\\\/09\\\/Moderna-slika-za-spavacu-sobu-iznad-kreveta-Ajdinovic-Ranko-4-1.jpg\",\"datePublished\":\"2025-12-18T17:42:55+00:00\",\"dateModified\":\"2026-04-24T17:39:13+00:00\",\"breadcrumb\":{\"@id\":\"https:\\\/\\\/ranko-ajdinovic.com\\\/proizvod\\\/unutarnji-pejzaz-g6\\\/#breadcrumb\"},\"inLanguage\":\"en-US\",\"potentialAction\":[{\"@type\":\"ReadAction\",\"target\":[\"https:\\\/\\\/ranko-ajdinovic.com\\\/proizvod\\\/unutarnji-pejzaz-g6\\\/\"]}]},{\"@type\":\"ImageObject\",\"inLanguage\":\"en-US\",\"@id\":\"https:\\\/\\\/ranko-ajdinovic.com\\\/proizvod\\\/unutarnji-pejzaz-g6\\\/#primaryimage\",\"url\":\"https:\\\/\\\/ranko-ajdinovic.com\\\/wp-content\\\/uploads\\\/2025\\\/09\\\/Moderna-slika-za-spavacu-sobu-iznad-kreveta-Ajdinovic-Ranko-4-1.jpg\",\"contentUrl\":\"https:\\\/\\\/ranko-ajdinovic.com\\\/wp-content\\\/uploads\\\/2025\\\/09\\\/Moderna-slika-za-spavacu-sobu-iznad-kreveta-Ajdinovic-Ranko-4-1.jpg\",\"width\":1000,\"height\":751,\"caption\":\"Moderna apstraktna slika prikazu u spava\u0107oj sobi iznad kreveta na be\u017e zidu. Slika je limitirana edicija giclee printa na platnu slikara Ajdinovi\u0107 Ranka\"},{\"@type\":\"BreadcrumbList\",\"@id\":\"https:\\\/\\\/ranko-ajdinovic.com\\\/proizvod\\\/unutarnji-pejzaz-g6\\\/#breadcrumb\",\"itemListElement\":[{\"@type\":\"ListItem\",\"position\":1,\"name\":\"Home\",\"item\":\"https:\\\/\\\/ranko-ajdinovic.com\\\/\"},{\"@type\":\"ListItem\",\"position\":2,\"name\":\"Trgovina\",\"item\":\"https:\\\/\\\/ranko-ajdinovic.com\\\/trgovina\\\/\"},{\"@type\":\"ListItem\",\"position\":3,\"name\":\"Unutarnji pejza\u017e g6\"}]},{\"@type\":\"WebSite\",\"@id\":\"https:\\\/\\\/ranko-ajdinovic.com\\\/#website\",\"url\":\"https:\\\/\\\/ranko-ajdinovic.com\\\/\",\"name\":\"Ranko Ajdinovic - Moderne slike\",\"description\":\"\",\"publisher\":{\"@id\":\"https:\\\/\\\/ranko-ajdinovic.com\\\/#\\\/schema\\\/person\\\/0cefe097e1f0568f925016a168bdeba6\"},\"potentialAction\":[{\"@type\":\"SearchAction\",\"target\":{\"@type\":\"EntryPoint\",\"urlTemplate\":\"https:\\\/\\\/ranko-ajdinovic.com\\\/?s={search_term_string}\"},\"query-input\":{\"@type\":\"PropertyValueSpecification\",\"valueRequired\":true,\"valueName\":\"search_term_string\"}}],\"inLanguage\":\"en-US\"},{\"@type\":[\"Person\",\"Organization\"],\"@id\":\"https:\\\/\\\/ranko-ajdinovic.com\\\/#\\\/schema\\\/person\\\/0cefe097e1f0568f925016a168bdeba6\",\"name\":\"admin\",\"image\":{\"@type\":\"ImageObject\",\"inLanguage\":\"en-US\",\"@id\":\"https:\\\/\\\/secure.gravatar.com\\\/avatar\\\/049d970c38cf58812832cd99b964dcdfd90456c8fd7f47da68257f5b08cf289e?s=96&d=mm&r=g\",\"url\":\"https:\\\/\\\/secure.gravatar.com\\\/avatar\\\/049d970c38cf58812832cd99b964dcdfd90456c8fd7f47da68257f5b08cf289e?s=96&d=mm&r=g\",\"contentUrl\":\"https:\\\/\\\/secure.gravatar.com\\\/avatar\\\/049d970c38cf58812832cd99b964dcdfd90456c8fd7f47da68257f5b08cf289e?s=96&d=mm&r=g\",\"caption\":\"admin\"},\"logo\":{\"@id\":\"https:\\\/\\\/secure.gravatar.com\\\/avatar\\\/049d970c38cf58812832cd99b964dcdfd90456c8fd7f47da68257f5b08cf289e?s=96&d=mm&r=g\"},\"sameAs\":[\"https:\\\/\\\/ranko-ajdinovic.com\"]}]}<\/script>\n<!-- \/ Yoast SEO plugin. -->","yoast_head_json":{"title":"Unutarnji pejza\u017e g6 &#8226; Ranko Ajdinovic - Moderne slike","robots":{"index":"index","follow":"follow","max-snippet":"max-snippet:-1","max-image-preview":"max-image-preview:large","max-video-preview":"max-video-preview:-1"},"canonical":"https:\/\/ranko-ajdinovic.com\/en\/product\/unutarnji-pejzaz-g6\/","og_locale":"en_US","og_type":"article","og_title":"Unutarnji pejza\u017e g6 &#8226; Ranko Ajdinovic - Moderne slike","og_description":"Moderna slika za spava\u0107u sobu u duguljastom formatu savr\u0161ena je za dodavanje \u010dari va\u0161em prostoru. Ova limitirana edicija giclee printa donosi \u017eivopisne boje i lijep dizajn koji \u0107e osvje\u017eiti svaki kutak va\u0161e sobe i u\u010diniti da va\u0161 prostor ima ono ne\u0161to. Bez obzira jeste li ljubitelj minimalisti\u010dkog ili modernog dekora, ova slika \u0107e se lijepo [&hellip;]","og_url":"https:\/\/ranko-ajdinovic.com\/en\/product\/unutarnji-pejzaz-g6\/","og_site_name":"Ranko Ajdinovic - Moderne slike","article_modified_time":"2026-04-24T17:39:13+00:00","og_image":[{"width":1000,"height":751,"url":"https:\/\/ranko-ajdinovic.com\/wp-content\/uploads\/2025\/09\/Moderna-slika-za-spavacu-sobu-iznad-kreveta-Ajdinovic-Ranko-4-1.jpg","type":"image\/jpeg"}],"twitter_card":"summary_large_image","twitter_misc":{"Est. reading time":"2 minutes"},"schema":{"@context":"https:\/\/schema.org","@graph":[{"@type":"WebPage","@id":"https:\/\/ranko-ajdinovic.com\/proizvod\/unutarnji-pejzaz-g6\/","url":"https:\/\/ranko-ajdinovic.com\/proizvod\/unutarnji-pejzaz-g6\/","name":"Unutarnji pejza\u017e g6 &#8226; Ranko Ajdinovic - Moderne slike","isPartOf":{"@id":"https:\/\/ranko-ajdinovic.com\/#website"},"primaryImageOfPage":{"@id":"https:\/\/ranko-ajdinovic.com\/proizvod\/unutarnji-pejzaz-g6\/#primaryimage"},"image":{"@id":"https:\/\/ranko-ajdinovic.com\/proizvod\/unutarnji-pejzaz-g6\/#primaryimage"},"thumbnailUrl":"https:\/\/ranko-ajdinovic.com\/wp-content\/uploads\/2025\/09\/Moderna-slika-za-spavacu-sobu-iznad-kreveta-Ajdinovic-Ranko-4-1.jpg","datePublished":"2025-12-18T17:42:55+00:00","dateModified":"2026-04-24T17:39:13+00:00","breadcrumb":{"@id":"https:\/\/ranko-ajdinovic.com\/proizvod\/unutarnji-pejzaz-g6\/#breadcrumb"},"inLanguage":"en-US","potentialAction":[{"@type":"ReadAction","target":["https:\/\/ranko-ajdinovic.com\/proizvod\/unutarnji-pejzaz-g6\/"]}]},{"@type":"ImageObject","inLanguage":"en-US","@id":"https:\/\/ranko-ajdinovic.com\/proizvod\/unutarnji-pejzaz-g6\/#primaryimage","url":"https:\/\/ranko-ajdinovic.com\/wp-content\/uploads\/2025\/09\/Moderna-slika-za-spavacu-sobu-iznad-kreveta-Ajdinovic-Ranko-4-1.jpg","contentUrl":"https:\/\/ranko-ajdinovic.com\/wp-content\/uploads\/2025\/09\/Moderna-slika-za-spavacu-sobu-iznad-kreveta-Ajdinovic-Ranko-4-1.jpg","width":1000,"height":751,"caption":"Moderna apstraktna slika prikazu u spava\u0107oj sobi iznad kreveta na be\u017e zidu. Slika je limitirana edicija giclee printa na platnu slikara Ajdinovi\u0107 Ranka"},{"@type":"BreadcrumbList","@id":"https:\/\/ranko-ajdinovic.com\/proizvod\/unutarnji-pejzaz-g6\/#breadcrumb","itemListElement":[{"@type":"ListItem","position":1,"name":"Home","item":"https:\/\/ranko-ajdinovic.com\/"},{"@type":"ListItem","position":2,"name":"Trgovina","item":"https:\/\/ranko-ajdinovic.com\/trgovina\/"},{"@type":"ListItem","position":3,"name":"Unutarnji pejza\u017e g6"}]},{"@type":"WebSite","@id":"https:\/\/ranko-ajdinovic.com\/#website","url":"https:\/\/ranko-ajdinovic.com\/","name":"Ranko Ajdinovic - Modern pictures","description":"","publisher":{"@id":"https:\/\/ranko-ajdinovic.com\/#\/schema\/person\/0cefe097e1f0568f925016a168bdeba6"},"potentialAction":[{"@type":"SearchAction","target":{"@type":"EntryPoint","urlTemplate":"https:\/\/ranko-ajdinovic.com\/?s={search_term_string}"},"query-input":{"@type":"PropertyValueSpecification","valueRequired":true,"valueName":"search_term_string"}}],"inLanguage":"en-US"},{"@type":["Person","Organization"],"@id":"https:\/\/ranko-ajdinovic.com\/#\/schema\/person\/0cefe097e1f0568f925016a168bdeba6","name":"admin","image":{"@type":"ImageObject","inLanguage":"en-US","@id":"https:\/\/secure.gravatar.com\/avatar\/049d970c38cf58812832cd99b964dcdfd90456c8fd7f47da68257f5b08cf289e?s=96&d=mm&r=g","url":"https:\/\/secure.gravatar.com\/avatar\/049d970c38cf58812832cd99b964dcdfd90456c8fd7f47da68257f5b08cf289e?s=96&d=mm&r=g","contentUrl":"https:\/\/secure.gravatar.com\/avatar\/049d970c38cf58812832cd99b964dcdfd90456c8fd7f47da68257f5b08cf289e?s=96&d=mm&r=g","caption":"admin"},"logo":{"@id":"https:\/\/secure.gravatar.com\/avatar\/049d970c38cf58812832cd99b964dcdfd90456c8fd7f47da68257f5b08cf289e?s=96&d=mm&r=g"},"sameAs":["https:\/\/ranko-ajdinovic.com"]}]}},"_links":{"self":[{"href":"https:\/\/ranko-ajdinovic.com\/en\/wp-json\/wp\/v2\/product\/8404","targetHints":{"allow":["GET"]}}],"collection":[{"href":"https:\/\/ranko-ajdinovic.com\/en\/wp-json\/wp\/v2\/product"}],"about":[{"href":"https:\/\/ranko-ajdinovic.com\/en\/wp-json\/wp\/v2\/types\/product"}],"wp:featuredmedia":[{"embeddable":true,"href":"https:\/\/ranko-ajdinovic.com\/en\/wp-json\/wp\/v2\/media\/6941"}],"wp:attachment":[{"href":"https:\/\/ranko-ajdinovic.com\/en\/wp-json\/wp\/v2\/media?parent=8404"}],"wp:term":[{"taxonomy":"product_brand","embeddable":true,"href":"https:\/\/ranko-ajdinovic.com\/en\/wp-json\/wp\/v2\/product_brand?post=8404"},{"taxonomy":"product_cat","embeddable":true,"href":"https:\/\/ranko-ajdinovic.com\/en\/wp-json\/wp\/v2\/product_cat?post=8404"},{"taxonomy":"product_tag","embeddable":true,"href":"https:\/\/ranko-ajdinovic.com\/en\/wp-json\/wp\/v2\/product_tag?post=8404"}],"curies":[{"name":"wp","href":"https:\/\/api.w.org\/{rel}","templated":true}]}}