{"id":8618,"date":"2025-12-20T18:59:24","date_gmt":"2025-12-20T18:59:24","guid":{"rendered":"https:\/\/ranko-ajdinovic.com\/?post_type=product&#038;p=8618"},"modified":"2026-04-24T17:41:00","modified_gmt":"2026-04-24T17:41:00","slug":"urbani-pejzaz-e-6","status":"publish","type":"product","link":"https:\/\/ranko-ajdinovic.com\/en\/product\/urbani-pejzaz-e-6\/","title":{"rendered":"Urban landscape E 6"},"content":{"rendered":"<p>This is a geometric abstraction giclee print in a limited edition and it can be ordered in different dimensions on cotton paper or museum quality canvas.<br \/>\nIt is a geometric abstraction \"Urban landscape e6\" on 300 gram canvas or cotton paper of museum quality.<\/p>\n<p>&nbsp;<\/p>\n<p><strong>Dimensions of the image on paper:<\/strong><\/p>\n<p>1. 35 x 25 cm<br \/>\n2. 63 x 43 cm<br \/>\n3. 76 x 53 cm<br \/>\n4. 94 x 63 cm<\/p>\n<p><strong>Dimensions of the image on the canvas:<\/strong><\/p>\n<p>1. 50 x 70 cm<br \/>\n2. 100 x 70 cm<br \/>\n3. 130 x 92 cm<\/p>\n<p class=\"translation-block\">The prints on paper have a 5 cm white border on all sides (see photos) on which I sign and number by hand. For example, if the painting is 35 x 25 cm with a white border, the final paper size is 45 x 35 cm, while on canvas there is no white border, and the signature and numbering are on the back of the canvas.<\/p>\n<p>Canvas prints have 5 cm of clean white canvas on all sides, which is intended for stretching the canvas (from the back) onto wooden slats.<\/p>\n<h4><\/h4>\n<p><strong>Characteristics:<\/strong><\/p>\n<p class=\"translation-block\">Performance: Geometric abstraction<br>\nTechnique: Graphics - giclee print<br>\nName: \"Urban landscape E6\"<br>\nYear: 2019<\/p>\n<p class=\"translation-block\">Whether you are a collector or a first-time art buyer, the best and safest way to purchase an authentic painting (print or original) is directly from the artist, so I am at your service.<\/p>","protected":false},"excerpt":{"rendered":"<p>Ovo je geometrijska apstrakcija giclee print u limitiranoj ediciji i mogu\u0107e ju je naru\u010diti u razli\u010ditim dimenzijama i to na pamu\u010dnom papiru ili platnu muzejske kvalitete. Rije\u010d je o goeometrijskoj apstrakciji \u201d Urbani pejza\u017e e6 \u201d\u00a0 i to na 300 gramskom platnu ili pamu\u010dnom papiru muzejske kvalitete. &nbsp; Dimenzije slike na papiru: 1. 35 x [&hellip;]<\/p>\n","protected":false},"featured_media":8626,"template":"","meta":[],"product_brand":[],"product_cat":[15],"product_tag":[],"class_list":{"0":"post-8618","1":"product","2":"type-product","3":"status-publish","4":"has-post-thumbnail","6":"product_cat-grafike","7":"product_shipping_class-grafike","9":"first","10":"instock","11":"shipping-taxable","12":"purchasable","13":"product-type-variable"},"yoast_head":"<!-- This site is optimized with the Yoast SEO plugin v27.3 - https:\/\/yoast.com\/product\/yoast-seo-wordpress\/ -->\n<title>Urbani pejza\u017e E 6 &#8226; Ranko Ajdinovic - Moderne slike<\/title>\n<meta name=\"robots\" content=\"index, follow, max-snippet:-1, max-image-preview:large, max-video-preview:-1\" \/>\n<link rel=\"canonical\" href=\"https:\/\/ranko-ajdinovic.com\/en\/product\/urbani-pejzaz-e-6\/\" \/>\n<meta property=\"og:locale\" content=\"en_US\" \/>\n<meta property=\"og:type\" content=\"article\" \/>\n<meta property=\"og:title\" content=\"Urbani pejza\u017e E 6 &#8226; Ranko Ajdinovic - Moderne slike\" \/>\n<meta property=\"og:description\" content=\"Ovo je geometrijska apstrakcija giclee print u limitiranoj ediciji i mogu\u0107e ju je naru\u010diti u razli\u010ditim dimenzijama i to na pamu\u010dnom papiru ili platnu muzejske kvalitete. Rije\u010d je o goeometrijskoj apstrakciji \u201d Urbani pejza\u017e e6 \u201d\u00a0 i to na 300 gramskom platnu ili pamu\u010dnom papiru muzejske kvalitete. &nbsp; Dimenzije slike na papiru: 1. 35 x [&hellip;]\" \/>\n<meta property=\"og:url\" content=\"https:\/\/ranko-ajdinovic.com\/en\/product\/urbani-pejzaz-e-6\/\" \/>\n<meta property=\"og:site_name\" content=\"Ranko Ajdinovic - Moderne slike\" \/>\n<meta property=\"article:modified_time\" content=\"2026-04-24T17:41:00+00:00\" \/>\n<meta property=\"og:image\" content=\"https:\/\/ranko-ajdinovic.com\/wp-content\/uploads\/2025\/12\/Apstraktne-slike-grafike-Ajdinovic-Ranko-urbani-pejzaz-e6.jpg\" \/>\n\t<meta property=\"og:image:width\" content=\"1000\" \/>\n\t<meta property=\"og:image:height\" content=\"844\" \/>\n\t<meta property=\"og:image:type\" content=\"image\/jpeg\" \/>\n<meta name=\"twitter:card\" content=\"summary_large_image\" \/>\n<meta name=\"twitter:label1\" content=\"Est. reading time\" \/>\n\t<meta name=\"twitter:data1\" content=\"2 minutes\" \/>\n<script type=\"application\/ld+json\" class=\"yoast-schema-graph\">{\"@context\":\"https:\\\/\\\/schema.org\",\"@graph\":[{\"@type\":\"WebPage\",\"@id\":\"https:\\\/\\\/ranko-ajdinovic.com\\\/proizvod\\\/urbani-pejzaz-e-6\\\/\",\"url\":\"https:\\\/\\\/ranko-ajdinovic.com\\\/proizvod\\\/urbani-pejzaz-e-6\\\/\",\"name\":\"Urbani pejza\u017e E 6 &#8226; Ranko Ajdinovic - Moderne slike\",\"isPartOf\":{\"@id\":\"https:\\\/\\\/ranko-ajdinovic.com\\\/#website\"},\"primaryImageOfPage\":{\"@id\":\"https:\\\/\\\/ranko-ajdinovic.com\\\/proizvod\\\/urbani-pejzaz-e-6\\\/#primaryimage\"},\"image\":{\"@id\":\"https:\\\/\\\/ranko-ajdinovic.com\\\/proizvod\\\/urbani-pejzaz-e-6\\\/#primaryimage\"},\"thumbnailUrl\":\"https:\\\/\\\/ranko-ajdinovic.com\\\/wp-content\\\/uploads\\\/2025\\\/12\\\/Apstraktne-slike-grafike-Ajdinovic-Ranko-urbani-pejzaz-e6.jpg\",\"datePublished\":\"2025-12-20T18:59:24+00:00\",\"dateModified\":\"2026-04-24T17:41:00+00:00\",\"breadcrumb\":{\"@id\":\"https:\\\/\\\/ranko-ajdinovic.com\\\/proizvod\\\/urbani-pejzaz-e-6\\\/#breadcrumb\"},\"inLanguage\":\"en-US\",\"potentialAction\":[{\"@type\":\"ReadAction\",\"target\":[\"https:\\\/\\\/ranko-ajdinovic.com\\\/proizvod\\\/urbani-pejzaz-e-6\\\/\"]}]},{\"@type\":\"ImageObject\",\"inLanguage\":\"en-US\",\"@id\":\"https:\\\/\\\/ranko-ajdinovic.com\\\/proizvod\\\/urbani-pejzaz-e-6\\\/#primaryimage\",\"url\":\"https:\\\/\\\/ranko-ajdinovic.com\\\/wp-content\\\/uploads\\\/2025\\\/12\\\/Apstraktne-slike-grafike-Ajdinovic-Ranko-urbani-pejzaz-e6.jpg\",\"contentUrl\":\"https:\\\/\\\/ranko-ajdinovic.com\\\/wp-content\\\/uploads\\\/2025\\\/12\\\/Apstraktne-slike-grafike-Ajdinovic-Ranko-urbani-pejzaz-e6.jpg\",\"width\":1000,\"height\":844},{\"@type\":\"BreadcrumbList\",\"@id\":\"https:\\\/\\\/ranko-ajdinovic.com\\\/proizvod\\\/urbani-pejzaz-e-6\\\/#breadcrumb\",\"itemListElement\":[{\"@type\":\"ListItem\",\"position\":1,\"name\":\"Home\",\"item\":\"https:\\\/\\\/ranko-ajdinovic.com\\\/\"},{\"@type\":\"ListItem\",\"position\":2,\"name\":\"Trgovina\",\"item\":\"https:\\\/\\\/ranko-ajdinovic.com\\\/trgovina\\\/\"},{\"@type\":\"ListItem\",\"position\":3,\"name\":\"Urbani pejza\u017e E 6\"}]},{\"@type\":\"WebSite\",\"@id\":\"https:\\\/\\\/ranko-ajdinovic.com\\\/#website\",\"url\":\"https:\\\/\\\/ranko-ajdinovic.com\\\/\",\"name\":\"Ranko Ajdinovic - Moderne slike\",\"description\":\"\",\"publisher\":{\"@id\":\"https:\\\/\\\/ranko-ajdinovic.com\\\/#\\\/schema\\\/person\\\/0cefe097e1f0568f925016a168bdeba6\"},\"potentialAction\":[{\"@type\":\"SearchAction\",\"target\":{\"@type\":\"EntryPoint\",\"urlTemplate\":\"https:\\\/\\\/ranko-ajdinovic.com\\\/?s={search_term_string}\"},\"query-input\":{\"@type\":\"PropertyValueSpecification\",\"valueRequired\":true,\"valueName\":\"search_term_string\"}}],\"inLanguage\":\"en-US\"},{\"@type\":[\"Person\",\"Organization\"],\"@id\":\"https:\\\/\\\/ranko-ajdinovic.com\\\/#\\\/schema\\\/person\\\/0cefe097e1f0568f925016a168bdeba6\",\"name\":\"admin\",\"image\":{\"@type\":\"ImageObject\",\"inLanguage\":\"en-US\",\"@id\":\"https:\\\/\\\/secure.gravatar.com\\\/avatar\\\/049d970c38cf58812832cd99b964dcdfd90456c8fd7f47da68257f5b08cf289e?s=96&d=mm&r=g\",\"url\":\"https:\\\/\\\/secure.gravatar.com\\\/avatar\\\/049d970c38cf58812832cd99b964dcdfd90456c8fd7f47da68257f5b08cf289e?s=96&d=mm&r=g\",\"contentUrl\":\"https:\\\/\\\/secure.gravatar.com\\\/avatar\\\/049d970c38cf58812832cd99b964dcdfd90456c8fd7f47da68257f5b08cf289e?s=96&d=mm&r=g\",\"caption\":\"admin\"},\"logo\":{\"@id\":\"https:\\\/\\\/secure.gravatar.com\\\/avatar\\\/049d970c38cf58812832cd99b964dcdfd90456c8fd7f47da68257f5b08cf289e?s=96&d=mm&r=g\"},\"sameAs\":[\"https:\\\/\\\/ranko-ajdinovic.com\"]}]}<\/script>\n<!-- \/ Yoast SEO plugin. -->","yoast_head_json":{"title":"Urbani pejza\u017e E 6 &#8226; Ranko Ajdinovic - Moderne slike","robots":{"index":"index","follow":"follow","max-snippet":"max-snippet:-1","max-image-preview":"max-image-preview:large","max-video-preview":"max-video-preview:-1"},"canonical":"https:\/\/ranko-ajdinovic.com\/en\/product\/urbani-pejzaz-e-6\/","og_locale":"en_US","og_type":"article","og_title":"Urbani pejza\u017e E 6 &#8226; Ranko Ajdinovic - Moderne slike","og_description":"Ovo je geometrijska apstrakcija giclee print u limitiranoj ediciji i mogu\u0107e ju je naru\u010diti u razli\u010ditim dimenzijama i to na pamu\u010dnom papiru ili platnu muzejske kvalitete. Rije\u010d je o goeometrijskoj apstrakciji \u201d Urbani pejza\u017e e6 \u201d\u00a0 i to na 300 gramskom platnu ili pamu\u010dnom papiru muzejske kvalitete. &nbsp; Dimenzije slike na papiru: 1. 35 x [&hellip;]","og_url":"https:\/\/ranko-ajdinovic.com\/en\/product\/urbani-pejzaz-e-6\/","og_site_name":"Ranko Ajdinovic - Moderne slike","article_modified_time":"2026-04-24T17:41:00+00:00","og_image":[{"width":1000,"height":844,"url":"https:\/\/ranko-ajdinovic.com\/wp-content\/uploads\/2025\/12\/Apstraktne-slike-grafike-Ajdinovic-Ranko-urbani-pejzaz-e6.jpg","type":"image\/jpeg"}],"twitter_card":"summary_large_image","twitter_misc":{"Est. reading time":"2 minutes"},"schema":{"@context":"https:\/\/schema.org","@graph":[{"@type":"WebPage","@id":"https:\/\/ranko-ajdinovic.com\/proizvod\/urbani-pejzaz-e-6\/","url":"https:\/\/ranko-ajdinovic.com\/proizvod\/urbani-pejzaz-e-6\/","name":"Urbani pejza\u017e E 6 &#8226; Ranko Ajdinovic - Moderne slike","isPartOf":{"@id":"https:\/\/ranko-ajdinovic.com\/#website"},"primaryImageOfPage":{"@id":"https:\/\/ranko-ajdinovic.com\/proizvod\/urbani-pejzaz-e-6\/#primaryimage"},"image":{"@id":"https:\/\/ranko-ajdinovic.com\/proizvod\/urbani-pejzaz-e-6\/#primaryimage"},"thumbnailUrl":"https:\/\/ranko-ajdinovic.com\/wp-content\/uploads\/2025\/12\/Apstraktne-slike-grafike-Ajdinovic-Ranko-urbani-pejzaz-e6.jpg","datePublished":"2025-12-20T18:59:24+00:00","dateModified":"2026-04-24T17:41:00+00:00","breadcrumb":{"@id":"https:\/\/ranko-ajdinovic.com\/proizvod\/urbani-pejzaz-e-6\/#breadcrumb"},"inLanguage":"en-US","potentialAction":[{"@type":"ReadAction","target":["https:\/\/ranko-ajdinovic.com\/proizvod\/urbani-pejzaz-e-6\/"]}]},{"@type":"ImageObject","inLanguage":"en-US","@id":"https:\/\/ranko-ajdinovic.com\/proizvod\/urbani-pejzaz-e-6\/#primaryimage","url":"https:\/\/ranko-ajdinovic.com\/wp-content\/uploads\/2025\/12\/Apstraktne-slike-grafike-Ajdinovic-Ranko-urbani-pejzaz-e6.jpg","contentUrl":"https:\/\/ranko-ajdinovic.com\/wp-content\/uploads\/2025\/12\/Apstraktne-slike-grafike-Ajdinovic-Ranko-urbani-pejzaz-e6.jpg","width":1000,"height":844},{"@type":"BreadcrumbList","@id":"https:\/\/ranko-ajdinovic.com\/proizvod\/urbani-pejzaz-e-6\/#breadcrumb","itemListElement":[{"@type":"ListItem","position":1,"name":"Home","item":"https:\/\/ranko-ajdinovic.com\/"},{"@type":"ListItem","position":2,"name":"Trgovina","item":"https:\/\/ranko-ajdinovic.com\/trgovina\/"},{"@type":"ListItem","position":3,"name":"Urbani pejza\u017e E 6"}]},{"@type":"WebSite","@id":"https:\/\/ranko-ajdinovic.com\/#website","url":"https:\/\/ranko-ajdinovic.com\/","name":"Ranko Ajdinovic - Modern pictures","description":"","publisher":{"@id":"https:\/\/ranko-ajdinovic.com\/#\/schema\/person\/0cefe097e1f0568f925016a168bdeba6"},"potentialAction":[{"@type":"SearchAction","target":{"@type":"EntryPoint","urlTemplate":"https:\/\/ranko-ajdinovic.com\/?s={search_term_string}"},"query-input":{"@type":"PropertyValueSpecification","valueRequired":true,"valueName":"search_term_string"}}],"inLanguage":"en-US"},{"@type":["Person","Organization"],"@id":"https:\/\/ranko-ajdinovic.com\/#\/schema\/person\/0cefe097e1f0568f925016a168bdeba6","name":"admin","image":{"@type":"ImageObject","inLanguage":"en-US","@id":"https:\/\/secure.gravatar.com\/avatar\/049d970c38cf58812832cd99b964dcdfd90456c8fd7f47da68257f5b08cf289e?s=96&d=mm&r=g","url":"https:\/\/secure.gravatar.com\/avatar\/049d970c38cf58812832cd99b964dcdfd90456c8fd7f47da68257f5b08cf289e?s=96&d=mm&r=g","contentUrl":"https:\/\/secure.gravatar.com\/avatar\/049d970c38cf58812832cd99b964dcdfd90456c8fd7f47da68257f5b08cf289e?s=96&d=mm&r=g","caption":"admin"},"logo":{"@id":"https:\/\/secure.gravatar.com\/avatar\/049d970c38cf58812832cd99b964dcdfd90456c8fd7f47da68257f5b08cf289e?s=96&d=mm&r=g"},"sameAs":["https:\/\/ranko-ajdinovic.com"]}]}},"_links":{"self":[{"href":"https:\/\/ranko-ajdinovic.com\/en\/wp-json\/wp\/v2\/product\/8618","targetHints":{"allow":["GET"]}}],"collection":[{"href":"https:\/\/ranko-ajdinovic.com\/en\/wp-json\/wp\/v2\/product"}],"about":[{"href":"https:\/\/ranko-ajdinovic.com\/en\/wp-json\/wp\/v2\/types\/product"}],"wp:featuredmedia":[{"embeddable":true,"href":"https:\/\/ranko-ajdinovic.com\/en\/wp-json\/wp\/v2\/media\/8626"}],"wp:attachment":[{"href":"https:\/\/ranko-ajdinovic.com\/en\/wp-json\/wp\/v2\/media?parent=8618"}],"wp:term":[{"taxonomy":"product_brand","embeddable":true,"href":"https:\/\/ranko-ajdinovic.com\/en\/wp-json\/wp\/v2\/product_brand?post=8618"},{"taxonomy":"product_cat","embeddable":true,"href":"https:\/\/ranko-ajdinovic.com\/en\/wp-json\/wp\/v2\/product_cat?post=8618"},{"taxonomy":"product_tag","embeddable":true,"href":"https:\/\/ranko-ajdinovic.com\/en\/wp-json\/wp\/v2\/product_tag?post=8618"}],"curies":[{"name":"wp","href":"https:\/\/api.w.org\/{rel}","templated":true}]}}