{"id":8701,"date":"2025-12-21T20:18:40","date_gmt":"2025-12-21T20:18:40","guid":{"rendered":"https:\/\/ranko-ajdinovic.com\/?post_type=product&#038;p=8701"},"modified":"2026-04-24T17:41:00","modified_gmt":"2026-04-24T17:41:00","slug":"unutarnji-pejzaz-4p","status":"publish","type":"product","link":"https:\/\/ranko-ajdinovic.com\/en\/product\/unutarnji-pejzaz-4p\/","title":{"rendered":"Inner landscape 4P"},"content":{"rendered":"<p class=\"translation-block\">Artistic paintings of delicate colors, giclee serigraphy by Ajdinovi\u0107 Ranko for modern decoration of an apartment, office or apartment are available in a limited edition (very small edition) and can be ordered in different sizes on cotton paper or museum-quality canvas.<br>\nIt is an abstraction called \"Interior Landscape 4P\".<\/p>\n<p>&nbsp;<\/p>\n<p>&nbsp;<\/p>\n<h3>Dimensions of the image on paper:<\/h3>\n<p>&nbsp;<\/p>\n<p>1. 28 x 35 cm<br \/>\n2. 52 x 65 cm<br \/>\n3. 72 x 90 cm<\/p>\n<p>&nbsp;<\/p>\n<p>&nbsp;<\/p>\n<h3>Dimensions of the image on the canvas:<\/h3>\n<p>1. 56 x 70 cm<br \/>\n2. 80 x 100 cm<br \/>\n3. 104 x 130 cm<\/p>\n<p>&nbsp;<\/p>\n<p class=\"translation-block\">The prints on paper have a 5 cm white border on all sides (see photos) on which I sign and number by hand. For example, if the painting is 35 x 28 cm with a white border, the final paper dimensions are 45 x 38 cm, while on canvas there is no white border, and the signature and numbering are on the back of the canvas.<\/p>\n<p>Canvas prints have 5 cm of clean white canvas on all sides, which is intended for stretching the canvas (from the back) onto wooden slats.<\/p>\n<h4><\/h4>\n<h3>Characteristics:<\/h3>\n<p class=\"translation-block\">Execution: Modern abstraction<br>\nTechnique: Graphics \u2013 giclee print (limited edition)<br>\nTitle: \u201dInterior landscape 4P\u201d<\/p>\n<p class=\"translation-block\">Whether you are a collector or a first-time art buyer, the best and safest way to purchase an authentic painting (print or original) is directly from the artist, so I am at your service.<\/p>","protected":false},"excerpt":{"rendered":"<p>Umjetni\u010dke slike nje\u017enih boja, giclee serigrafije Ajdinovi\u0107 Ranka za moderno ure\u0111enje stana, ureda ili apartmana dostupne su u ograni\u010denoj ediciji ( vrlo mala edicija ) i mogu\u0107e ih je naru\u010diti u razli\u010ditim veli\u010dinama i to na pamu\u010dnom papiru ili platnu muzejske kvalitete. Rije\u010d je o apstrakciji pod nazivom \u201d Unutarnji pejza\u017e 4P \u201d. &nbsp; &nbsp; [&hellip;]<\/p>\n","protected":false},"featured_media":8708,"template":"","meta":[],"product_brand":[],"product_cat":[15],"product_tag":[],"class_list":{"0":"post-8701","1":"product","2":"type-product","3":"status-publish","4":"has-post-thumbnail","6":"product_cat-grafike","7":"product_shipping_class-grafike","9":"first","10":"instock","11":"shipping-taxable","12":"purchasable","13":"product-type-variable"},"yoast_head":"<!-- This site is optimized with the Yoast SEO plugin v27.3 - https:\/\/yoast.com\/product\/yoast-seo-wordpress\/ -->\n<title>Unutarnji pejza\u017e 4P &#8226; Ranko Ajdinovic - Moderne slike<\/title>\n<meta name=\"robots\" content=\"index, follow, max-snippet:-1, max-image-preview:large, max-video-preview:-1\" \/>\n<link rel=\"canonical\" href=\"https:\/\/ranko-ajdinovic.com\/en\/product\/unutarnji-pejzaz-4p\/\" \/>\n<meta property=\"og:locale\" content=\"en_US\" \/>\n<meta property=\"og:type\" content=\"article\" \/>\n<meta property=\"og:title\" content=\"Unutarnji pejza\u017e 4P &#8226; Ranko Ajdinovic - Moderne slike\" \/>\n<meta property=\"og:description\" content=\"Umjetni\u010dke slike nje\u017enih boja, giclee serigrafije Ajdinovi\u0107 Ranka za moderno ure\u0111enje stana, ureda ili apartmana dostupne su u ograni\u010denoj ediciji ( vrlo mala edicija ) i mogu\u0107e ih je naru\u010diti u razli\u010ditim veli\u010dinama i to na pamu\u010dnom papiru ili platnu muzejske kvalitete. Rije\u010d je o apstrakciji pod nazivom \u201d Unutarnji pejza\u017e 4P \u201d. &nbsp; &nbsp; [&hellip;]\" \/>\n<meta property=\"og:url\" content=\"https:\/\/ranko-ajdinovic.com\/en\/product\/unutarnji-pejzaz-4p\/\" \/>\n<meta property=\"og:site_name\" content=\"Ranko Ajdinovic - Moderne slike\" \/>\n<meta property=\"article:modified_time\" content=\"2026-04-24T17:41:00+00:00\" \/>\n<meta property=\"og:image\" content=\"https:\/\/ranko-ajdinovic.com\/wp-content\/uploads\/2025\/12\/Umjetnicka-slika-njeznih-boja-za-uredenje-interijera-Ajdinovic-1.jpg\" \/>\n\t<meta property=\"og:image:width\" content=\"900\" \/>\n\t<meta property=\"og:image:height\" content=\"941\" \/>\n\t<meta property=\"og:image:type\" content=\"image\/jpeg\" \/>\n<meta name=\"twitter:card\" content=\"summary_large_image\" \/>\n<meta name=\"twitter:label1\" content=\"Est. reading time\" \/>\n\t<meta name=\"twitter:data1\" content=\"2 minutes\" \/>\n<script type=\"application\/ld+json\" class=\"yoast-schema-graph\">{\"@context\":\"https:\\\/\\\/schema.org\",\"@graph\":[{\"@type\":\"WebPage\",\"@id\":\"https:\\\/\\\/ranko-ajdinovic.com\\\/proizvod\\\/unutarnji-pejzaz-4p\\\/\",\"url\":\"https:\\\/\\\/ranko-ajdinovic.com\\\/proizvod\\\/unutarnji-pejzaz-4p\\\/\",\"name\":\"Unutarnji pejza\u017e 4P &#8226; Ranko Ajdinovic - Moderne slike\",\"isPartOf\":{\"@id\":\"https:\\\/\\\/ranko-ajdinovic.com\\\/#website\"},\"primaryImageOfPage\":{\"@id\":\"https:\\\/\\\/ranko-ajdinovic.com\\\/proizvod\\\/unutarnji-pejzaz-4p\\\/#primaryimage\"},\"image\":{\"@id\":\"https:\\\/\\\/ranko-ajdinovic.com\\\/proizvod\\\/unutarnji-pejzaz-4p\\\/#primaryimage\"},\"thumbnailUrl\":\"https:\\\/\\\/ranko-ajdinovic.com\\\/wp-content\\\/uploads\\\/2025\\\/12\\\/Umjetnicka-slika-njeznih-boja-za-uredenje-interijera-Ajdinovic-1.jpg\",\"datePublished\":\"2025-12-21T20:18:40+00:00\",\"dateModified\":\"2026-04-24T17:41:00+00:00\",\"breadcrumb\":{\"@id\":\"https:\\\/\\\/ranko-ajdinovic.com\\\/proizvod\\\/unutarnji-pejzaz-4p\\\/#breadcrumb\"},\"inLanguage\":\"en-US\",\"potentialAction\":[{\"@type\":\"ReadAction\",\"target\":[\"https:\\\/\\\/ranko-ajdinovic.com\\\/proizvod\\\/unutarnji-pejzaz-4p\\\/\"]}]},{\"@type\":\"ImageObject\",\"inLanguage\":\"en-US\",\"@id\":\"https:\\\/\\\/ranko-ajdinovic.com\\\/proizvod\\\/unutarnji-pejzaz-4p\\\/#primaryimage\",\"url\":\"https:\\\/\\\/ranko-ajdinovic.com\\\/wp-content\\\/uploads\\\/2025\\\/12\\\/Umjetnicka-slika-njeznih-boja-za-uredenje-interijera-Ajdinovic-1.jpg\",\"contentUrl\":\"https:\\\/\\\/ranko-ajdinovic.com\\\/wp-content\\\/uploads\\\/2025\\\/12\\\/Umjetnicka-slika-njeznih-boja-za-uredenje-interijera-Ajdinovic-1.jpg\",\"width\":900,\"height\":941},{\"@type\":\"BreadcrumbList\",\"@id\":\"https:\\\/\\\/ranko-ajdinovic.com\\\/proizvod\\\/unutarnji-pejzaz-4p\\\/#breadcrumb\",\"itemListElement\":[{\"@type\":\"ListItem\",\"position\":1,\"name\":\"Home\",\"item\":\"https:\\\/\\\/ranko-ajdinovic.com\\\/\"},{\"@type\":\"ListItem\",\"position\":2,\"name\":\"Trgovina\",\"item\":\"https:\\\/\\\/ranko-ajdinovic.com\\\/trgovina\\\/\"},{\"@type\":\"ListItem\",\"position\":3,\"name\":\"Unutarnji pejza\u017e 4P\"}]},{\"@type\":\"WebSite\",\"@id\":\"https:\\\/\\\/ranko-ajdinovic.com\\\/#website\",\"url\":\"https:\\\/\\\/ranko-ajdinovic.com\\\/\",\"name\":\"Ranko Ajdinovic - Moderne slike\",\"description\":\"\",\"publisher\":{\"@id\":\"https:\\\/\\\/ranko-ajdinovic.com\\\/#\\\/schema\\\/person\\\/0cefe097e1f0568f925016a168bdeba6\"},\"potentialAction\":[{\"@type\":\"SearchAction\",\"target\":{\"@type\":\"EntryPoint\",\"urlTemplate\":\"https:\\\/\\\/ranko-ajdinovic.com\\\/?s={search_term_string}\"},\"query-input\":{\"@type\":\"PropertyValueSpecification\",\"valueRequired\":true,\"valueName\":\"search_term_string\"}}],\"inLanguage\":\"en-US\"},{\"@type\":[\"Person\",\"Organization\"],\"@id\":\"https:\\\/\\\/ranko-ajdinovic.com\\\/#\\\/schema\\\/person\\\/0cefe097e1f0568f925016a168bdeba6\",\"name\":\"admin\",\"image\":{\"@type\":\"ImageObject\",\"inLanguage\":\"en-US\",\"@id\":\"https:\\\/\\\/secure.gravatar.com\\\/avatar\\\/049d970c38cf58812832cd99b964dcdfd90456c8fd7f47da68257f5b08cf289e?s=96&d=mm&r=g\",\"url\":\"https:\\\/\\\/secure.gravatar.com\\\/avatar\\\/049d970c38cf58812832cd99b964dcdfd90456c8fd7f47da68257f5b08cf289e?s=96&d=mm&r=g\",\"contentUrl\":\"https:\\\/\\\/secure.gravatar.com\\\/avatar\\\/049d970c38cf58812832cd99b964dcdfd90456c8fd7f47da68257f5b08cf289e?s=96&d=mm&r=g\",\"caption\":\"admin\"},\"logo\":{\"@id\":\"https:\\\/\\\/secure.gravatar.com\\\/avatar\\\/049d970c38cf58812832cd99b964dcdfd90456c8fd7f47da68257f5b08cf289e?s=96&d=mm&r=g\"},\"sameAs\":[\"https:\\\/\\\/ranko-ajdinovic.com\"]}]}<\/script>\n<!-- \/ Yoast SEO plugin. -->","yoast_head_json":{"title":"Unutarnji pejza\u017e 4P &#8226; Ranko Ajdinovic - Moderne slike","robots":{"index":"index","follow":"follow","max-snippet":"max-snippet:-1","max-image-preview":"max-image-preview:large","max-video-preview":"max-video-preview:-1"},"canonical":"https:\/\/ranko-ajdinovic.com\/en\/product\/unutarnji-pejzaz-4p\/","og_locale":"en_US","og_type":"article","og_title":"Unutarnji pejza\u017e 4P &#8226; Ranko Ajdinovic - Moderne slike","og_description":"Umjetni\u010dke slike nje\u017enih boja, giclee serigrafije Ajdinovi\u0107 Ranka za moderno ure\u0111enje stana, ureda ili apartmana dostupne su u ograni\u010denoj ediciji ( vrlo mala edicija ) i mogu\u0107e ih je naru\u010diti u razli\u010ditim veli\u010dinama i to na pamu\u010dnom papiru ili platnu muzejske kvalitete. Rije\u010d je o apstrakciji pod nazivom \u201d Unutarnji pejza\u017e 4P \u201d. &nbsp; &nbsp; [&hellip;]","og_url":"https:\/\/ranko-ajdinovic.com\/en\/product\/unutarnji-pejzaz-4p\/","og_site_name":"Ranko Ajdinovic - Moderne slike","article_modified_time":"2026-04-24T17:41:00+00:00","og_image":[{"width":900,"height":941,"url":"https:\/\/ranko-ajdinovic.com\/wp-content\/uploads\/2025\/12\/Umjetnicka-slika-njeznih-boja-za-uredenje-interijera-Ajdinovic-1.jpg","type":"image\/jpeg"}],"twitter_card":"summary_large_image","twitter_misc":{"Est. reading time":"2 minutes"},"schema":{"@context":"https:\/\/schema.org","@graph":[{"@type":"WebPage","@id":"https:\/\/ranko-ajdinovic.com\/proizvod\/unutarnji-pejzaz-4p\/","url":"https:\/\/ranko-ajdinovic.com\/proizvod\/unutarnji-pejzaz-4p\/","name":"Unutarnji pejza\u017e 4P &#8226; Ranko Ajdinovic - Moderne slike","isPartOf":{"@id":"https:\/\/ranko-ajdinovic.com\/#website"},"primaryImageOfPage":{"@id":"https:\/\/ranko-ajdinovic.com\/proizvod\/unutarnji-pejzaz-4p\/#primaryimage"},"image":{"@id":"https:\/\/ranko-ajdinovic.com\/proizvod\/unutarnji-pejzaz-4p\/#primaryimage"},"thumbnailUrl":"https:\/\/ranko-ajdinovic.com\/wp-content\/uploads\/2025\/12\/Umjetnicka-slika-njeznih-boja-za-uredenje-interijera-Ajdinovic-1.jpg","datePublished":"2025-12-21T20:18:40+00:00","dateModified":"2026-04-24T17:41:00+00:00","breadcrumb":{"@id":"https:\/\/ranko-ajdinovic.com\/proizvod\/unutarnji-pejzaz-4p\/#breadcrumb"},"inLanguage":"en-US","potentialAction":[{"@type":"ReadAction","target":["https:\/\/ranko-ajdinovic.com\/proizvod\/unutarnji-pejzaz-4p\/"]}]},{"@type":"ImageObject","inLanguage":"en-US","@id":"https:\/\/ranko-ajdinovic.com\/proizvod\/unutarnji-pejzaz-4p\/#primaryimage","url":"https:\/\/ranko-ajdinovic.com\/wp-content\/uploads\/2025\/12\/Umjetnicka-slika-njeznih-boja-za-uredenje-interijera-Ajdinovic-1.jpg","contentUrl":"https:\/\/ranko-ajdinovic.com\/wp-content\/uploads\/2025\/12\/Umjetnicka-slika-njeznih-boja-za-uredenje-interijera-Ajdinovic-1.jpg","width":900,"height":941},{"@type":"BreadcrumbList","@id":"https:\/\/ranko-ajdinovic.com\/proizvod\/unutarnji-pejzaz-4p\/#breadcrumb","itemListElement":[{"@type":"ListItem","position":1,"name":"Home","item":"https:\/\/ranko-ajdinovic.com\/"},{"@type":"ListItem","position":2,"name":"Trgovina","item":"https:\/\/ranko-ajdinovic.com\/trgovina\/"},{"@type":"ListItem","position":3,"name":"Unutarnji pejza\u017e 4P"}]},{"@type":"WebSite","@id":"https:\/\/ranko-ajdinovic.com\/#website","url":"https:\/\/ranko-ajdinovic.com\/","name":"Ranko Ajdinovic - Modern pictures","description":"","publisher":{"@id":"https:\/\/ranko-ajdinovic.com\/#\/schema\/person\/0cefe097e1f0568f925016a168bdeba6"},"potentialAction":[{"@type":"SearchAction","target":{"@type":"EntryPoint","urlTemplate":"https:\/\/ranko-ajdinovic.com\/?s={search_term_string}"},"query-input":{"@type":"PropertyValueSpecification","valueRequired":true,"valueName":"search_term_string"}}],"inLanguage":"en-US"},{"@type":["Person","Organization"],"@id":"https:\/\/ranko-ajdinovic.com\/#\/schema\/person\/0cefe097e1f0568f925016a168bdeba6","name":"admin","image":{"@type":"ImageObject","inLanguage":"en-US","@id":"https:\/\/secure.gravatar.com\/avatar\/049d970c38cf58812832cd99b964dcdfd90456c8fd7f47da68257f5b08cf289e?s=96&d=mm&r=g","url":"https:\/\/secure.gravatar.com\/avatar\/049d970c38cf58812832cd99b964dcdfd90456c8fd7f47da68257f5b08cf289e?s=96&d=mm&r=g","contentUrl":"https:\/\/secure.gravatar.com\/avatar\/049d970c38cf58812832cd99b964dcdfd90456c8fd7f47da68257f5b08cf289e?s=96&d=mm&r=g","caption":"admin"},"logo":{"@id":"https:\/\/secure.gravatar.com\/avatar\/049d970c38cf58812832cd99b964dcdfd90456c8fd7f47da68257f5b08cf289e?s=96&d=mm&r=g"},"sameAs":["https:\/\/ranko-ajdinovic.com"]}]}},"_links":{"self":[{"href":"https:\/\/ranko-ajdinovic.com\/en\/wp-json\/wp\/v2\/product\/8701","targetHints":{"allow":["GET"]}}],"collection":[{"href":"https:\/\/ranko-ajdinovic.com\/en\/wp-json\/wp\/v2\/product"}],"about":[{"href":"https:\/\/ranko-ajdinovic.com\/en\/wp-json\/wp\/v2\/types\/product"}],"wp:featuredmedia":[{"embeddable":true,"href":"https:\/\/ranko-ajdinovic.com\/en\/wp-json\/wp\/v2\/media\/8708"}],"wp:attachment":[{"href":"https:\/\/ranko-ajdinovic.com\/en\/wp-json\/wp\/v2\/media?parent=8701"}],"wp:term":[{"taxonomy":"product_brand","embeddable":true,"href":"https:\/\/ranko-ajdinovic.com\/en\/wp-json\/wp\/v2\/product_brand?post=8701"},{"taxonomy":"product_cat","embeddable":true,"href":"https:\/\/ranko-ajdinovic.com\/en\/wp-json\/wp\/v2\/product_cat?post=8701"},{"taxonomy":"product_tag","embeddable":true,"href":"https:\/\/ranko-ajdinovic.com\/en\/wp-json\/wp\/v2\/product_tag?post=8701"}],"curies":[{"name":"wp","href":"https:\/\/api.w.org\/{rel}","templated":true}]}}